{"id":9578,"date":"2025-08-28T13:11:04","date_gmt":"2025-08-28T13:11:04","guid":{"rendered":"https:\/\/eudr.co\/"},"modified":"2025-08-29T05:03:41","modified_gmt":"2025-08-29T05:03:41","slug":"data-and-privacy","status":"publish","type":"page","link":"https:\/\/eudr.co\/cs\/data-and-privacy\/","title":{"rendered":"Data a soukrom\u00ed"},"content":{"rendered":"<div data-elementor-type=\"wp-page\" data-elementor-id=\"9578\" class=\"elementor elementor-9578\" data-elementor-post-type=\"page\">\n\t\t\t\t<div class=\"elementor-element elementor-element-9e81f57 e-con-full e-flex e-con e-parent\" data-id=\"9e81f57\" data-element_type=\"container\" data-e-type=\"container\" data-settings=\"{&quot;background_background&quot;:&quot;classic&quot;}\">\n\t\t\t\t<div class=\"elementor-element elementor-element-f74747f elementor-widget__width-inherit elementor-widget-tablet__width-inherit elementor-invisible elementor-widget elementor-widget-heading\" data-id=\"f74747f\" data-element_type=\"widget\" data-e-type=\"widget\" data-settings=\"{&quot;_animation&quot;:&quot;fadeIn&quot;,&quot;_animation_delay&quot;:300}\" data-widget_type=\"heading.default\">\n\t\t\t\t<div class=\"elementor-widget-container\">\n\t\t\t\t\t<h1 class=\"elementor-heading-title elementor-size-default\">Data a soukrom\u00ed<\/h1>\t\t\t\t<\/div>\n\t\t\t\t<\/div>\n\t\t\t\t<\/div>\n\t\t<div class=\"elementor-element elementor-element-aac1404 e-flex e-con-boxed e-con e-parent\" data-id=\"aac1404\" data-element_type=\"container\" data-e-type=\"container\" data-settings=\"{&quot;background_background&quot;:&quot;classic&quot;}\">\n\t\t\t\t\t<div class=\"e-con-inner\">\n\t\t\t\t<div class=\"elementor-element elementor-element-9ce5024 elementor-widget__width-inherit elementor-widget-tablet__width-inherit elementor-invisible elementor-widget elementor-widget-heading\" data-id=\"9ce5024\" data-element_type=\"widget\" data-e-type=\"widget\" data-settings=\"{&quot;_animation&quot;:&quot;fadeIn&quot;,&quot;_animation_delay&quot;:300}\" data-widget_type=\"heading.default\">\n\t\t\t\t<div class=\"elementor-widget-container\">\n\t\t\t\t\t<h3 class=\"elementor-heading-title elementor-size-default\">GDPR (obecn\u00e9 na\u0159\u00edzen\u00ed o ochran\u011b osobn\u00edch \u00fadaj\u016f)<\/h3>\t\t\t\t<\/div>\n\t\t\t\t<\/div>\n\t\t\t\t<div class=\"elementor-element elementor-element-d3366eb elementor-widget__width-inherit elementor-widget elementor-widget-text-editor\" data-id=\"d3366eb\" data-element_type=\"widget\" data-e-type=\"widget\" data-widget_type=\"text-editor.default\">\n\t\t\t\t<div class=\"elementor-widget-container\">\n\t\t\t\t\t\t\t\t\t<p>Zpracov\u00e1n\u00ed dat: Edur dodr\u017euje na\u0159\u00edzen\u00ed GDPR<br \/>Spole\u010dnost Edur AI klade velk\u00fd d\u016fraz na respektov\u00e1n\u00ed soukrom\u00ed v\u0161ech z\u00e1kazn\u00edk\u016f, zejm\u00e9na pokud jde o pou\u017e\u00edv\u00e1n\u00ed dat. Ve\u0161ker\u00e1 data a informace zapojen\u00e9 do projekt\u016f jsou shroma\u017e\u010fov\u00e1ny a uchov\u00e1v\u00e1ny v souladu se z\u00e1sadami stanoven\u00fdmi v obecn\u00e9m na\u0159\u00edzen\u00ed o ochran\u011b osobn\u00edch \u00fadaj\u016f (GDPR).<\/p>\t\t\t\t\t\t\t\t<\/div>\n\t\t\t\t<\/div>\n\t\t\t\t<div class=\"elementor-element elementor-element-046b789 elementor-widget__width-inherit elementor-widget-tablet__width-inherit elementor-invisible elementor-widget elementor-widget-heading\" data-id=\"046b789\" data-element_type=\"widget\" data-e-type=\"widget\" data-settings=\"{&quot;_animation&quot;:&quot;fadeIn&quot;,&quot;_animation_delay&quot;:300}\" data-widget_type=\"heading.default\">\n\t\t\t\t<div class=\"elementor-widget-container\">\n\t\t\t\t\t<h3 class=\"elementor-heading-title elementor-size-default\">Jak nakl\u00e1d\u00e1me s daty\n<\/h3>\t\t\t\t<\/div>\n\t\t\t\t<\/div>\n\t\t\t\t<div class=\"elementor-element elementor-element-f35c7c4 elementor-widget__width-inherit elementor-widget elementor-widget-text-editor\" data-id=\"f35c7c4\" data-element_type=\"widget\" data-e-type=\"widget\" data-widget_type=\"text-editor.default\">\n\t\t\t\t<div class=\"elementor-widget-container\">\n\t\t\t\t\t\t\t\t\t<p>Abychom prok\u00e1zali na\u0161i oddanost, nakl\u00e1d\u00e1me s \u00fadaji s maxim\u00e1ln\u00ed p\u00e9\u010d\u00ed podle pokyn\u016f GDPR a p\u0159ij\u00edm\u00e1me opat\u0159en\u00ed k jejich anonymizaci pro zv\u00fd\u0161en\u00ed ochrany osobn\u00edch \u00fadaj\u016f. V\u0161echny p\u0159\u00edpravy dat jsou pe\u010dliv\u011b prov\u00e1d\u011bny v souladu s glob\u00e1ln\u00edmi standardy. V\u0161em z\u00e1kazn\u00edk\u016fm jsou poskytov\u00e1ny podrobn\u00e9 podm\u00ednky t\u00fdkaj\u00edc\u00ed se shroma\u017e\u010fov\u00e1n\u00ed \u00fadaj\u016f a jejich vyu\u017e\u00edv\u00e1n\u00ed, kter\u00e9 jsou relevantn\u00ed pro konkr\u00e9tn\u00ed typ \u00fadaj\u016f.<\/p>\t\t\t\t\t\t\t\t<\/div>\n\t\t\t\t<\/div>\n\t\t\t\t<div class=\"elementor-element elementor-element-ba2765f elementor-widget__width-inherit elementor-widget elementor-widget-text-editor\" data-id=\"ba2765f\" data-element_type=\"widget\" data-e-type=\"widget\" data-widget_type=\"text-editor.default\">\n\t\t\t\t<div class=\"elementor-widget-container\">\n\t\t\t\t\t\t\t\t\t<p>V\u0161echny \u00fadaje shrom\u00e1\u017ed\u011bn\u00e9 spole\u010dnost\u00ed Edur jsou zpracov\u00e1v\u00e1ny z\u00e1konn\u00fdm, korektn\u00edm a transparentn\u00edm zp\u016fsobem p\u0159i respektov\u00e1n\u00ed pr\u00e1v subjektu \u00fadaj\u016f. \u00da\u010dely a metody, jak m\u016f\u017ee spole\u010dnost AI Superior shrom\u00e1\u017ed\u011bn\u00e9 \u00fadaje vyu\u017e\u00edvat, jsou d\u016fkladn\u011b definov\u00e1ny. Shrom\u00e1\u017ed\u011bn\u00e9 \u00fadaje jsou konkr\u00e9tn\u00ed, v\u00fdslovn\u00e9 a pou\u017e\u00edvaj\u00ed se v\u00fdhradn\u011b pro legitimn\u00ed \u00fa\u010dely. Zaji\u0161\u0165ujeme, aby va\u0161e \u00fadaje bezpe\u010dn\u011b spravovali vy\u0161kolen\u00ed odborn\u00edci, kte\u0159\u00ed ch\u00e1pou v\u00fdznam ochrany osobn\u00edch \u00fadaj\u016f.<\/p>\t\t\t\t\t\t\t\t<\/div>\n\t\t\t\t<\/div>\n\t\t\t\t<div class=\"elementor-element elementor-element-b52f1c8 elementor-widget__width-inherit elementor-widget-tablet__width-inherit elementor-invisible elementor-widget elementor-widget-heading\" data-id=\"b52f1c8\" data-element_type=\"widget\" data-e-type=\"widget\" data-settings=\"{&quot;_animation&quot;:&quot;fadeIn&quot;,&quot;_animation_delay&quot;:300}\" data-widget_type=\"heading.default\">\n\t\t\t\t<div class=\"elementor-widget-container\">\n\t\t\t\t\t<h3 class=\"elementor-heading-title elementor-size-default\">Jak chr\u00e1n\u00edme data\n<\/h3>\t\t\t\t<\/div>\n\t\t\t\t<\/div>\n\t\t\t\t<div class=\"elementor-element elementor-element-6262344 elementor-widget__width-inherit elementor-widget elementor-widget-text-editor\" data-id=\"6262344\" data-element_type=\"widget\" data-e-type=\"widget\" data-widget_type=\"text-editor.default\">\n\t\t\t\t<div class=\"elementor-widget-container\">\n\t\t\t\t\t\t\t\t\t<p>Spole\u010dnost Edur zaru\u010duje v\u0161em klient\u016fm vysokou \u00farove\u0148 ochrany dat. Vzhledem k tomu, \u017ee data hraj\u00ed v procesech um\u011bl\u00e9 inteligence a strojov\u00e9ho u\u010den\u00ed kl\u00ed\u010dovou roli, podnik\u00e1me v\u0161echny kroky k zaji\u0161t\u011bn\u00ed kvality dat a z\u00e1rove\u0148 up\u0159ednost\u0148ujeme ochranu va\u0161eho soukrom\u00ed. Proces GDPR je pro n\u00e1s nesm\u00edrn\u011b d\u016fle\u017eit\u00fd.<\/p>\t\t\t\t\t\t\t\t<\/div>\n\t\t\t\t<\/div>\n\t\t\t\t<div class=\"elementor-element elementor-element-75780c4 elementor-widget__width-inherit elementor-widget elementor-widget-text-editor\" data-id=\"75780c4\" data-element_type=\"widget\" data-e-type=\"widget\" data-widget_type=\"text-editor.default\">\n\t\t\t\t<div class=\"elementor-widget-container\">\n\t\t\t\t\t\t\t\t\t<p>\u00dadaje z\u00e1kazn\u00edk\u016f pova\u017eujeme za cenn\u00fd majetek a po jejich obdr\u017een\u00ed zaji\u0161\u0165ujeme jejich \u00faplnou ochranu v na\u0161ich syst\u00e9mech. K ochran\u011b \u00fadaj\u016f a jejich \u00fa\u010delu jsou zavedena ve\u0161ker\u00e1 nezbytn\u00e1 a relevantn\u00ed bezpe\u010dnostn\u00ed opat\u0159en\u00ed. Krom\u011b toho uchov\u00e1v\u00e1me \u00fadaje ve form\u00e1tu umo\u017e\u0148uj\u00edc\u00edm jejich identifikaci a bezpe\u010dn\u011b je zpracov\u00e1v\u00e1me, \u010d\u00edm\u017e je chr\u00e1n\u00edme p\u0159ed n\u00e1hodnou ztr\u00e1tou, po\u0161kozen\u00edm, neopr\u00e1vn\u011bn\u00fdm zpracov\u00e1n\u00edm a dal\u0161\u00edmi mo\u017en\u00fdmi riziky.<\/p>\t\t\t\t\t\t\t\t<\/div>\n\t\t\t\t<\/div>\n\t\t\t\t<div class=\"elementor-element elementor-element-69a5504 elementor-widget__width-inherit elementor-widget elementor-widget-text-editor\" data-id=\"69a5504\" data-element_type=\"widget\" data-e-type=\"widget\" data-widget_type=\"text-editor.default\">\n\t\t\t\t<div class=\"elementor-widget-container\">\n\t\t\t\t\t\t\t\t\t<p>Spole\u010dnost Edur je v\u017edy o krok nap\u0159ed a potvrzuje sv\u016fj z\u00e1vazek poskytovat \u0161pi\u010dkov\u00e1 \u0159e\u0161en\u00ed. M\u016f\u017eete si b\u00fdt jisti, \u017ee na\u0161e odhodl\u00e1n\u00ed poskytovat prvot\u0159\u00eddn\u00ed slu\u017eby z\u016fst\u00e1v\u00e1 neochv\u011bjn\u00e9.<\/p>\t\t\t\t\t\t\t\t<\/div>\n\t\t\t\t<\/div>\n\t\t\t\t\t<\/div>\n\t\t\t\t<\/div>\n\t\t\t\t<\/div>","protected":false},"excerpt":{"rendered":"<p>Data and Privacy GDPR (General Data Protection Regulation) Data Handling: Edur adheres to GDPR regulationsEdur AI places great importance on respecting the privacy of all customers, particularly when it comes to data usage. Any data and information involved in projects are collected and stored in accordance with the principles set forth in the General Data [&hellip;]<\/p>\n","protected":false},"author":2,"featured_media":0,"parent":0,"menu_order":0,"comment_status":"closed","ping_status":"closed","template":"elementor_header_footer","meta":{"footnotes":""},"class_list":["post-9578","page","type-page","status-publish","hentry"],"_links":{"self":[{"href":"https:\/\/eudr.co\/cs\/wp-json\/wp\/v2\/pages\/9578","targetHints":{"allow":["GET"]}}],"collection":[{"href":"https:\/\/eudr.co\/cs\/wp-json\/wp\/v2\/pages"}],"about":[{"href":"https:\/\/eudr.co\/cs\/wp-json\/wp\/v2\/types\/page"}],"author":[{"embeddable":true,"href":"https:\/\/eudr.co\/cs\/wp-json\/wp\/v2\/users\/2"}],"replies":[{"embeddable":true,"href":"https:\/\/eudr.co\/cs\/wp-json\/wp\/v2\/comments?post=9578"}],"version-history":[{"count":13,"href":"https:\/\/eudr.co\/cs\/wp-json\/wp\/v2\/pages\/9578\/revisions"}],"predecessor-version":[{"id":9617,"href":"https:\/\/eudr.co\/cs\/wp-json\/wp\/v2\/pages\/9578\/revisions\/9617"}],"wp:attachment":[{"href":"https:\/\/eudr.co\/cs\/wp-json\/wp\/v2\/media?parent=9578"}],"curies":[{"name":"wp","href":"https:\/\/api.w.org\/{rel}","templated":true}]}}