{"id":9589,"date":"2025-08-28T13:17:29","date_gmt":"2025-08-28T13:17:29","guid":{"rendered":"https:\/\/eudr.co\/"},"modified":"2025-08-29T05:07:04","modified_gmt":"2025-08-29T05:07:04","slug":"privacy-policy","status":"publish","type":"page","link":"https:\/\/eudr.co\/cs\/privacy-policy\/","title":{"rendered":"Z\u00e1sady ochrany osobn\u00edch \u00fadaj\u016f"},"content":{"rendered":"<div data-elementor-type=\"wp-page\" data-elementor-id=\"9589\" class=\"elementor elementor-9589\" data-elementor-post-type=\"page\">\n\t\t\t\t<div class=\"elementor-element elementor-element-51bfd37 e-con-full e-flex e-con e-parent\" data-id=\"51bfd37\" data-element_type=\"container\" data-e-type=\"container\" data-settings=\"{&quot;background_background&quot;:&quot;classic&quot;}\">\n\t\t\t\t<div class=\"elementor-element elementor-element-4a271de elementor-widget__width-inherit elementor-widget-tablet__width-inherit elementor-invisible elementor-widget elementor-widget-heading\" data-id=\"4a271de\" data-element_type=\"widget\" data-e-type=\"widget\" data-settings=\"{&quot;_animation&quot;:&quot;fadeIn&quot;,&quot;_animation_delay&quot;:300}\" data-widget_type=\"heading.default\">\n\t\t\t\t<div class=\"elementor-widget-container\">\n\t\t\t\t\t<h1 class=\"elementor-heading-title elementor-size-default\">Z\u00e1sady ochrany osobn\u00edch \u00fadaj\u016f\n<\/h1>\t\t\t\t<\/div>\n\t\t\t\t<\/div>\n\t\t\t\t<\/div>\n\t\t<div class=\"elementor-element elementor-element-c731c8d e-flex e-con-boxed e-con e-parent\" data-id=\"c731c8d\" data-element_type=\"container\" data-e-type=\"container\" data-settings=\"{&quot;background_background&quot;:&quot;classic&quot;}\">\n\t\t\t\t\t<div class=\"e-con-inner\">\n\t\t\t\t<div class=\"elementor-element elementor-element-40310ff elementor-widget__width-inherit elementor-widget-tablet__width-inherit elementor-invisible elementor-widget elementor-widget-heading\" data-id=\"40310ff\" data-element_type=\"widget\" data-e-type=\"widget\" data-settings=\"{&quot;_animation&quot;:&quot;fadeIn&quot;,&quot;_animation_delay&quot;:300}\" data-widget_type=\"heading.default\">\n\t\t\t\t<div class=\"elementor-widget-container\">\n\t\t\t\t\t<h3 class=\"elementor-heading-title elementor-size-default\">\u00davod\n<\/h3>\t\t\t\t<\/div>\n\t\t\t\t<\/div>\n\t\t\t\t<div class=\"elementor-element elementor-element-54a1c6d elementor-widget__width-inherit elementor-widget elementor-widget-text-editor\" data-id=\"54a1c6d\" data-element_type=\"widget\" data-e-type=\"widget\" data-widget_type=\"text-editor.default\">\n\t\t\t\t<div class=\"elementor-widget-container\">\n\t\t\t\t\t\t\t\t\t<p>Tyto z\u00e1sady ochrany osobn\u00edch \u00fadaj\u016f se vztahuj\u00ed na online slu\u017eby nab\u00edzen\u00e9 spole\u010dnost\u00ed Eudr GmbH, kter\u00e9 jsou p\u0159\u00edstupn\u00e9 prost\u0159ednictv\u00edm. <a href=\"https:\/\/eudr.co\/cs\/\">https:\/\/eudr.co\/<\/a> (d\u00e1le jen \"webov\u00e1 str\u00e1nka\") nebo app.eudr.tech (d\u00e1le jen \"aplikace\"). N\u00e1\u0161 z\u00e1vazek k ochran\u011b soukrom\u00ed je prvo\u0159ad\u00fd a tento dokument vysv\u011btluje, jak nakl\u00e1d\u00e1me s informacemi shrom\u00e1\u017ed\u011bn\u00fdmi a zaznamenan\u00fdmi na webov\u00fdch str\u00e1nk\u00e1ch nebo v aplikaci. V p\u0159\u00edpad\u011b dal\u0161\u00edch dotaz\u016f nebo informac\u00ed o na\u0161ich z\u00e1sad\u00e1ch ochrany osobn\u00edch \u00fadaj\u016f n\u00e1s pros\u00edm kontaktujte.<\/p>\t\t\t\t\t\t\t\t<\/div>\n\t\t\t\t<\/div>\n\t\t\t\t<div class=\"elementor-element elementor-element-4a95a8b elementor-widget__width-inherit elementor-widget-tablet__width-inherit elementor-invisible elementor-widget elementor-widget-heading\" data-id=\"4a95a8b\" data-element_type=\"widget\" data-e-type=\"widget\" data-settings=\"{&quot;_animation&quot;:&quot;fadeIn&quot;,&quot;_animation_delay&quot;:300}\" data-widget_type=\"heading.default\">\n\t\t\t\t<div class=\"elementor-widget-container\">\n\t\t\t\t\t<h3 class=\"elementor-heading-title elementor-size-default\">Zm\u011bny a aktualizace z\u00e1sad ochrany osobn\u00edch \u00fadaj\u016f\n<\/h3>\t\t\t\t<\/div>\n\t\t\t\t<\/div>\n\t\t\t\t<div class=\"elementor-element elementor-element-be567b4 elementor-widget__width-inherit elementor-widget elementor-widget-text-editor\" data-id=\"be567b4\" data-element_type=\"widget\" data-e-type=\"widget\" data-widget_type=\"text-editor.default\">\n\t\t\t\t<div class=\"elementor-widget-container\">\n\t\t\t\t\t\t\t\t\t<p>Vyhrazujeme si pr\u00e1vo tyto z\u00e1sady ochrany osobn\u00edch \u00fadaj\u016f upravit. O v\u00fdznamn\u00fdch zm\u011bn\u00e1ch v\u00e1s budeme informovat prost\u0159ednictv\u00edm na\u0161ich webov\u00fdch str\u00e1nek nebo jin\u00fdmi prost\u0159edky, abyste byli v\u017edy informov\u00e1ni o tom, jak\u00e9 informace shroma\u017e\u010fujeme, jak je pou\u017e\u00edv\u00e1me a za jak\u00fdch okolnost\u00ed je p\u0159\u00edpadn\u011b zve\u0159ej\u0148ujeme.<\/p>\t\t\t\t\t\t\t\t<\/div>\n\t\t\t\t<\/div>\n\t\t\t\t<div class=\"elementor-element elementor-element-39a3bb9 elementor-widget__width-inherit elementor-widget-tablet__width-inherit elementor-invisible elementor-widget elementor-widget-heading\" data-id=\"39a3bb9\" data-element_type=\"widget\" data-e-type=\"widget\" data-settings=\"{&quot;_animation&quot;:&quot;fadeIn&quot;,&quot;_animation_delay&quot;:300}\" data-widget_type=\"heading.default\">\n\t\t\t\t<div class=\"elementor-widget-container\">\n\t\t\t\t\t<h3 class=\"elementor-heading-title elementor-size-default\">Sb\u011br a pou\u017eit\u00ed dat\n<\/h3>\t\t\t\t<\/div>\n\t\t\t\t<\/div>\n\t\t\t\t<div class=\"elementor-element elementor-element-5841cbd elementor-widget__width-inherit elementor-widget-tablet__width-inherit elementor-invisible elementor-widget elementor-widget-heading\" data-id=\"5841cbd\" data-element_type=\"widget\" data-e-type=\"widget\" data-settings=\"{&quot;_animation&quot;:&quot;fadeIn&quot;,&quot;_animation_delay&quot;:300}\" data-widget_type=\"heading.default\">\n\t\t\t\t<div class=\"elementor-widget-container\">\n\t\t\t\t\t<h5 class=\"elementor-heading-title elementor-size-default\">Soubory protokolu\n<\/h5>\t\t\t\t<\/div>\n\t\t\t\t<\/div>\n\t\t\t\t<div class=\"elementor-element elementor-element-7a6b37f elementor-widget__width-inherit elementor-widget elementor-widget-text-editor\" data-id=\"7a6b37f\" data-element_type=\"widget\" data-e-type=\"widget\" data-widget_type=\"text-editor.default\">\n\t\t\t\t<div class=\"elementor-widget-container\">\n\t\t\t\t\t\t\t\t\t<p>V r\u00e1mci na\u0161\u00ed standardn\u00ed praxe shroma\u017e\u010fujeme \u00fadaje prost\u0159ednictv\u00edm soubor\u016f protokolu. Tyto \u00fadaje mohou zahrnovat adresy internetov\u00e9ho protokolu (IP), typy prohl\u00ed\u017ee\u010d\u016f, poskytovatele internetov\u00fdch slu\u017eeb, \u010dasov\u00e1 raz\u00edtka, odkazuj\u00edc\u00ed\/v\u00fdstupn\u00ed str\u00e1nky a po\u010dty kliknut\u00ed, co\u017e pom\u00e1h\u00e1 p\u0159i anal\u00fdze trend\u016f, spr\u00e1v\u011b str\u00e1nek, sledov\u00e1n\u00ed pohybu u\u017eivatel\u016f a shroma\u017e\u010fov\u00e1n\u00ed demografick\u00fdch informac\u00ed.<\/p>\t\t\t\t\t\t\t\t<\/div>\n\t\t\t\t<\/div>\n\t\t\t\t<div class=\"elementor-element elementor-element-52760e1 elementor-widget__width-inherit elementor-widget-tablet__width-inherit elementor-invisible elementor-widget elementor-widget-heading\" data-id=\"52760e1\" data-element_type=\"widget\" data-e-type=\"widget\" data-settings=\"{&quot;_animation&quot;:&quot;fadeIn&quot;,&quot;_animation_delay&quot;:300}\" data-widget_type=\"heading.default\">\n\t\t\t\t<div class=\"elementor-widget-container\">\n\t\t\t\t\t<h5 class=\"elementor-heading-title elementor-size-default\">Soubory cookie a webov\u00e9 maj\u00e1ky\n<\/h5>\t\t\t\t<\/div>\n\t\t\t\t<\/div>\n\t\t\t\t<div class=\"elementor-element elementor-element-6be8ec0 elementor-widget__width-inherit elementor-widget elementor-widget-text-editor\" data-id=\"6be8ec0\" data-element_type=\"widget\" data-e-type=\"widget\" data-widget_type=\"text-editor.default\">\n\t\t\t\t<div class=\"elementor-widget-container\">\n\t\t\t\t\t\t\t\t\t<p>Soubory cookie pou\u017e\u00edv\u00e1me k ukl\u00e1d\u00e1n\u00ed informac\u00ed o preferenc\u00edch n\u00e1v\u0161t\u011bvn\u00edk\u016f a str\u00e1nk\u00e1ch na webov\u00fdch str\u00e1nk\u00e1ch nebo v aplikaci, kter\u00e9 n\u00e1v\u0161t\u011bvn\u00edk nav\u0161t\u00edvil, abychom optimalizovali u\u017eivatelsk\u00fd z\u00e1\u017eitek p\u0159izp\u016fsoben\u00edm obsahu webov\u00fdch str\u00e1nek na z\u00e1klad\u011b typ\u016f prohl\u00ed\u017ee\u010d\u016f n\u00e1v\u0161t\u011bvn\u00edk\u016f a\/nebo jin\u00fdch informac\u00ed.<\/p>\t\t\t\t\t\t\t\t<\/div>\n\t\t\t\t<\/div>\n\t\t\t\t<div class=\"elementor-element elementor-element-4b0e490 elementor-widget__width-inherit elementor-widget-tablet__width-inherit elementor-invisible elementor-widget elementor-widget-heading\" data-id=\"4b0e490\" data-element_type=\"widget\" data-e-type=\"widget\" data-settings=\"{&quot;_animation&quot;:&quot;fadeIn&quot;,&quot;_animation_delay&quot;:300}\" data-widget_type=\"heading.default\">\n\t\t\t\t<div class=\"elementor-widget-container\">\n\t\t\t\t\t<h5 class=\"elementor-heading-title elementor-size-default\">Slu\u017eby Google API\n<\/h5>\t\t\t\t<\/div>\n\t\t\t\t<\/div>\n\t\t\t\t<div class=\"elementor-element elementor-element-fad570f elementor-widget__width-inherit elementor-widget elementor-widget-text-editor\" data-id=\"fad570f\" data-element_type=\"widget\" data-e-type=\"widget\" data-widget_type=\"text-editor.default\">\n\t\t\t\t<div class=\"elementor-widget-container\">\n\t\t\t\t\t\t\t\t\t<p>V souladu se z\u00e1sadami spole\u010dnosti Google t\u00fdkaj\u00edc\u00edmi se u\u017eivatelsk\u00fdch \u00fadaj\u016f API p\u0159esn\u011b uv\u00e1d\u00edme svou identitu a z\u00e1m\u011br, kdy\u017e \u017e\u00e1d\u00e1me o u\u017eivatelsk\u00e9 \u00fadaje spole\u010dnosti Google. Jasn\u011b uv\u00e1d\u00edme:<\/p><ul><li><strong>Identita<\/strong>: Identita na\u0161\u00ed aplikace, kter\u00e1 p\u0159istupuje k \u00fadaj\u016fm u\u017eivatele Google.<\/li><li><strong>Po\u017eadovan\u00e9 \u00fadaje<\/strong>: Typy u\u017eivatelsk\u00fdch \u00fadaj\u016f Google, kter\u00e9 po\u017eadujeme.<\/li><li><strong>\u00da\u010del<\/strong>: \u00da\u010dely, pro kter\u00e9 po\u017eadujeme \u00fadaje u\u017eivatele Google.<\/li><\/ul>\t\t\t\t\t\t\t\t<\/div>\n\t\t\t\t<\/div>\n\t\t\t\t<div class=\"elementor-element elementor-element-c4fef8c elementor-widget__width-inherit elementor-widget-tablet__width-inherit elementor-invisible elementor-widget elementor-widget-heading\" data-id=\"c4fef8c\" data-element_type=\"widget\" data-e-type=\"widget\" data-settings=\"{&quot;_animation&quot;:&quot;fadeIn&quot;,&quot;_animation_delay&quot;:300}\" data-widget_type=\"heading.default\">\n\t\t\t\t<div class=\"elementor-widget-container\">\n\t\t\t\t\t<h5 class=\"elementor-heading-title elementor-size-default\">Inzerenti t\u0159et\u00edch stran a z\u00e1sady ochrany osobn\u00edch \u00fadaj\u016f\n<\/h5>\t\t\t\t<\/div>\n\t\t\t\t<\/div>\n\t\t\t\t<div class=\"elementor-element elementor-element-16d0dd1 elementor-widget__width-inherit elementor-widget elementor-widget-text-editor\" data-id=\"16d0dd1\" data-element_type=\"widget\" data-e-type=\"widget\" data-widget_type=\"text-editor.default\">\n\t\t\t\t<div class=\"elementor-widget-container\">\n\t\t\t\t\t\t\t\t\t<p>Pou\u017e\u00edv\u00e1me reklamn\u00ed servery nebo s\u00edt\u011b t\u0159et\u00edch stran, kter\u00e9 ve sv\u00fdch reklam\u00e1ch a odkazech na webov\u00fdch str\u00e1nk\u00e1ch nebo v aplikaci vyu\u017e\u00edvaj\u00ed technologie, jako jsou soubory cookie, JavaScript nebo webov\u00e9 maj\u00e1ky. Jejich postupy jsou podrobn\u011b pops\u00e1ny v jejich z\u00e1sad\u00e1ch ochrany osobn\u00edch \u00fadaj\u016f.<\/p>\t\t\t\t\t\t\t\t<\/div>\n\t\t\t\t<\/div>\n\t\t\t\t<div class=\"elementor-element elementor-element-c8e8bd8 elementor-widget__width-inherit elementor-widget elementor-widget-text-editor\" data-id=\"c8e8bd8\" data-element_type=\"widget\" data-e-type=\"widget\" data-widget_type=\"text-editor.default\">\n\t\t\t\t<div class=\"elementor-widget-container\">\n\t\t\t\t\t\t\t\t\t<div class=\"elementor-element elementor-element-4cde19d elementor-widget elementor-widget-text-editor\" data-id=\"4cde19d\" data-element_type=\"widget\" data-widget_type=\"text-editor.default\"><p><strong>P\u0159ihl\u00e1\u0161en\u00ed ke slu\u017eb\u011b Google<\/strong>: Pro ov\u011b\u0159ov\u00e1n\u00ed pou\u017e\u00edv\u00e1me slu\u017ebu Google Sign-In a dodr\u017eujeme z\u00e1sady spole\u010dnosti Google t\u00fdkaj\u00edc\u00ed se u\u017eivatelsk\u00fdch \u00fadaj\u016f API Services, v\u010detn\u011b transparentn\u00edho p\u0159\u00edstupu k \u00fadaj\u016fm a zve\u0159ejn\u011bn\u00ed jejich pou\u017e\u00edv\u00e1n\u00ed.<\/p><\/div>\t\t\t\t\t\t\t\t<\/div>\n\t\t\t\t<\/div>\n\t\t\t\t<div class=\"elementor-element elementor-element-117caba elementor-widget__width-inherit elementor-widget-tablet__width-inherit elementor-invisible elementor-widget elementor-widget-heading\" data-id=\"117caba\" data-element_type=\"widget\" data-e-type=\"widget\" data-settings=\"{&quot;_animation&quot;:&quot;fadeIn&quot;,&quot;_animation_delay&quot;:300}\" data-widget_type=\"heading.default\">\n\t\t\t\t<div class=\"elementor-widget-container\">\n\t\t\t\t\t<h5 class=\"elementor-heading-title elementor-size-default\">Informace pro d\u011bti\n<\/h5>\t\t\t\t<\/div>\n\t\t\t\t<\/div>\n\t\t\t\t<div class=\"elementor-element elementor-element-c151d9a elementor-widget__width-inherit elementor-widget elementor-widget-text-editor\" data-id=\"c151d9a\" data-element_type=\"widget\" data-e-type=\"widget\" data-widget_type=\"text-editor.default\">\n\t\t\t\t<div class=\"elementor-widget-container\">\n\t\t\t\t\t\t\t\t\tV\u011bdom\u011b neshroma\u017e\u010fujeme osobn\u00ed \u00fadaje d\u011bt\u00ed mlad\u0161\u00edch 13 let. Na\u0161e pou\u017e\u00edv\u00e1n\u00ed reklamn\u00edch technologi\u00ed t\u0159et\u00edch stran se \u0159\u00edd\u00ed jejich p\u0159\u00edslu\u0161n\u00fdmi z\u00e1sadami ochrany osobn\u00edch \u00fadaj\u016f.\n\n\t\t\t\t\t\t\t\t<\/div>\n\t\t\t\t<\/div>\n\t\t\t\t<div class=\"elementor-element elementor-element-5266b1a elementor-widget__width-inherit elementor-widget elementor-widget-text-editor\" data-id=\"5266b1a\" data-element_type=\"widget\" data-e-type=\"widget\" data-widget_type=\"text-editor.default\">\n\t\t\t\t<div class=\"elementor-widget-container\">\n\t\t\t\t\t\t\t\t\t<div class=\"elementor-element elementor-element-cc2d6ad elementor-widget elementor-widget-text-editor\" data-id=\"cc2d6ad\" data-element_type=\"widget\" data-widget_type=\"text-editor.default\"><p><strong>Aplikace \u0159\u00edzen\u00e9 d\u011btmi<\/strong>: Dodr\u017eujeme z\u00e1kon o ochran\u011b soukrom\u00ed d\u011bt\u00ed na internetu (COPPA) a v aplikac\u00edch ur\u010den\u00fdch p\u0159edev\u0161\u00edm d\u011btem nepou\u017e\u00edv\u00e1me slu\u017ebu Google Sign-In ani jin\u00e9 slu\u017eby Google API, kter\u00e9 p\u0159istupuj\u00ed k \u00fadaj\u016fm spojen\u00fdm s \u00fa\u010dtem Google.<\/p><\/div>\t\t\t\t\t\t\t\t<\/div>\n\t\t\t\t<\/div>\n\t\t\t\t<div class=\"elementor-element elementor-element-7a67280 elementor-widget__width-inherit elementor-widget-tablet__width-inherit elementor-invisible elementor-widget elementor-widget-heading\" data-id=\"7a67280\" data-element_type=\"widget\" data-e-type=\"widget\" data-settings=\"{&quot;_animation&quot;:&quot;fadeIn&quot;,&quot;_animation_delay&quot;:300}\" data-widget_type=\"heading.default\">\n\t\t\t\t<div class=\"elementor-widget-container\">\n\t\t\t\t\t<h5 class=\"elementor-heading-title elementor-size-default\">Zabezpe\u010den\u00ed a ochrana dat\n<\/h5>\t\t\t\t<\/div>\n\t\t\t\t<\/div>\n\t\t\t\t<div class=\"elementor-element elementor-element-ba6534f elementor-widget__width-inherit elementor-widget elementor-widget-text-editor\" data-id=\"ba6534f\" data-element_type=\"widget\" data-e-type=\"widget\" data-widget_type=\"text-editor.default\">\n\t\t\t\t<div class=\"elementor-widget-container\">\n\t\t\t\t\t\t\t\t\t<p>Zaji\u0161\u0165ujeme bezpe\u010dnost dat p\u0159i p\u0159enosu a v klidov\u00e9m stavu a p\u0159ij\u00edm\u00e1me vhodn\u00e1 opat\u0159en\u00ed na ochranu p\u0159ed neopr\u00e1vn\u011bn\u00fdm nebo nez\u00e1konn\u00fdm p\u0159\u00edstupem, pou\u017eit\u00edm, zni\u010den\u00edm, ztr\u00e1tou, zm\u011bnou nebo zve\u0159ejn\u011bn\u00edm.<\/p>\t\t\t\t\t\t\t\t<\/div>\n\t\t\t\t<\/div>\n\t\t\t\t<div class=\"elementor-element elementor-element-8ea5897 elementor-widget__width-inherit elementor-widget elementor-widget-text-editor\" data-id=\"8ea5897\" data-element_type=\"widget\" data-e-type=\"widget\" data-widget_type=\"text-editor.default\">\n\t\t\t\t<div class=\"elementor-widget-container\">\n\t\t\t\t\t\t\t\t\t<div class=\"elementor-element elementor-element-73c78ca elementor-widget elementor-widget-text-editor\" data-id=\"73c78ca\" data-element_type=\"widget\" data-widget_type=\"text-editor.default\"><p><strong>Slu\u017eby Google API<\/strong>: Udr\u017eujeme bezpe\u010dn\u00e9 provozn\u00ed prost\u0159ed\u00ed pro aplikace a syst\u00e9my vyu\u017e\u00edvaj\u00edc\u00ed slu\u017eby Google API a dodr\u017eujeme po\u017eadavky spole\u010dnosti Google na zabezpe\u010den\u00ed a ochranu osobn\u00edch \u00fadaj\u016f.<\/p><\/div>\t\t\t\t\t\t\t\t<\/div>\n\t\t\t\t<\/div>\n\t\t\t\t<div class=\"elementor-element elementor-element-027b095 elementor-widget__width-inherit elementor-widget-tablet__width-inherit elementor-invisible elementor-widget elementor-widget-heading\" data-id=\"027b095\" data-element_type=\"widget\" data-e-type=\"widget\" data-settings=\"{&quot;_animation&quot;:&quot;fadeIn&quot;,&quot;_animation_delay&quot;:300}\" data-widget_type=\"heading.default\">\n\t\t\t\t<div class=\"elementor-widget-container\">\n\t\t\t\t\t<h5 class=\"elementor-heading-title elementor-size-default\">Souhlas a pr\u00e1va u\u017eivatele\n<\/h5>\t\t\t\t<\/div>\n\t\t\t\t<\/div>\n\t\t\t\t<div class=\"elementor-element elementor-element-b2f9411 elementor-widget__width-inherit elementor-widget elementor-widget-text-editor\" data-id=\"b2f9411\" data-element_type=\"widget\" data-e-type=\"widget\" data-widget_type=\"text-editor.default\">\n\t\t\t\t<div class=\"elementor-widget-container\">\n\t\t\t\t\t\t\t\t\t<p>Pou\u017e\u00edv\u00e1n\u00edm na\u0161ich webov\u00fdch str\u00e1nek nebo aplikace vyjad\u0159ujete souhlas s na\u0161imi z\u00e1sadami ochrany osobn\u00edch \u00fadaj\u016f a souhlas\u00edte s jejich podm\u00ednkami.<\/p>\t\t\t\t\t\t\t\t<\/div>\n\t\t\t\t<\/div>\n\t\t\t\t<div class=\"elementor-element elementor-element-459d02a elementor-widget__width-inherit elementor-widget elementor-widget-text-editor\" data-id=\"459d02a\" data-element_type=\"widget\" data-e-type=\"widget\" data-widget_type=\"text-editor.default\">\n\t\t\t\t<div class=\"elementor-widget-container\">\n\t\t\t\t\t\t\t\t\t<p>U\u017eivatel\u00e9 maj\u00ed pr\u00e1vo pochopit, jak jsou jejich \u00fadaje pou\u017e\u00edv\u00e1ny, a mohou po\u017e\u00e1dat o p\u0159\u00edstup ke sv\u00fdm osobn\u00edm \u00fadaj\u016fm nebo o jejich vymaz\u00e1n\u00ed.<\/p>\t\t\t\t\t\t\t\t<\/div>\n\t\t\t\t<\/div>\n\t\t\t\t<div class=\"elementor-element elementor-element-28ee4a1 elementor-widget__width-inherit elementor-widget-tablet__width-inherit elementor-invisible elementor-widget elementor-widget-heading\" data-id=\"28ee4a1\" data-element_type=\"widget\" data-e-type=\"widget\" data-settings=\"{&quot;_animation&quot;:&quot;fadeIn&quot;,&quot;_animation_delay&quot;:300}\" data-widget_type=\"heading.default\">\n\t\t\t\t<div class=\"elementor-widget-container\">\n\t\t\t\t\t<h5 class=\"elementor-heading-title elementor-size-default\">Kontaktn\u00ed informace\n<\/h5>\t\t\t\t<\/div>\n\t\t\t\t<\/div>\n\t\t\t\t<div class=\"elementor-element elementor-element-a84eee4 elementor-widget__width-inherit elementor-widget elementor-widget-text-editor\" data-id=\"a84eee4\" data-element_type=\"widget\" data-e-type=\"widget\" data-widget_type=\"text-editor.default\">\n\t\t\t\t<div class=\"elementor-widget-container\">\n\t\t\t\t\t\t\t\t\t<p>V p\u0159\u00edpad\u011b jak\u00fdchkoli dotaz\u016f nebo obav t\u00fdkaj\u00edc\u00edch se na\u0161ich z\u00e1sad ochrany osobn\u00edch \u00fadaj\u016f nebo postup\u016f p\u0159i zpracov\u00e1n\u00ed dat n\u00e1s pros\u00edm kontaktujte na adrese info@eudr.com.<\/p>\t\t\t\t\t\t\t\t<\/div>\n\t\t\t\t<\/div>\n\t\t\t\t<div class=\"elementor-element elementor-element-cf212c4 elementor-widget__width-inherit elementor-widget elementor-widget-text-editor\" data-id=\"cf212c4\" data-element_type=\"widget\" data-e-type=\"widget\" data-widget_type=\"text-editor.default\">\n\t\t\t\t<div class=\"elementor-widget-container\">\n\t\t\t\t\t\t\t\t\t<p>Datum \u00fa\u010dinnosti: 09.02.2024<\/p>\t\t\t\t\t\t\t\t<\/div>\n\t\t\t\t<\/div>\n\t\t\t\t\t<\/div>\n\t\t\t\t<\/div>\n\t\t\t\t<\/div>","protected":false},"excerpt":{"rendered":"<p>Privacy Policy Introduction This Privacy Policy applies to the online services offered by Eudr GmbH, accessible via https:\/\/eudr.co\/ (\u201cthe website\u201d) or app.eudr.tech (\u201cthe application\u201d). Our commitment to privacy is paramount, and this document explains how we handle information collected and recorded from the website or the application. For additional inquiries or information about our Privacy [&hellip;]<\/p>\n","protected":false},"author":2,"featured_media":0,"parent":0,"menu_order":0,"comment_status":"closed","ping_status":"closed","template":"elementor_header_footer","meta":{"footnotes":""},"class_list":["post-9589","page","type-page","status-publish","hentry"],"_links":{"self":[{"href":"https:\/\/eudr.co\/cs\/wp-json\/wp\/v2\/pages\/9589","targetHints":{"allow":["GET"]}}],"collection":[{"href":"https:\/\/eudr.co\/cs\/wp-json\/wp\/v2\/pages"}],"about":[{"href":"https:\/\/eudr.co\/cs\/wp-json\/wp\/v2\/types\/page"}],"author":[{"embeddable":true,"href":"https:\/\/eudr.co\/cs\/wp-json\/wp\/v2\/users\/2"}],"replies":[{"embeddable":true,"href":"https:\/\/eudr.co\/cs\/wp-json\/wp\/v2\/comments?post=9589"}],"version-history":[{"count":10,"href":"https:\/\/eudr.co\/cs\/wp-json\/wp\/v2\/pages\/9589\/revisions"}],"predecessor-version":[{"id":9620,"href":"https:\/\/eudr.co\/cs\/wp-json\/wp\/v2\/pages\/9589\/revisions\/9620"}],"wp:attachment":[{"href":"https:\/\/eudr.co\/cs\/wp-json\/wp\/v2\/media?parent=9589"}],"curies":[{"name":"wp","href":"https:\/\/api.w.org\/{rel}","templated":true}]}}