{"id":9578,"date":"2025-08-28T13:11:04","date_gmt":"2025-08-28T13:11:04","guid":{"rendered":"https:\/\/eudr.co\/"},"modified":"2025-08-29T05:03:41","modified_gmt":"2025-08-29T05:03:41","slug":"data-and-privacy","status":"publish","type":"page","link":"https:\/\/eudr.co\/de\/data-and-privacy\/","title":{"rendered":"Daten und Datenschutz"},"content":{"rendered":"<div data-elementor-type=\"wp-page\" data-elementor-id=\"9578\" class=\"elementor elementor-9578\" data-elementor-post-type=\"page\">\n\t\t\t\t<div class=\"elementor-element elementor-element-9e81f57 e-con-full e-flex e-con e-parent\" data-id=\"9e81f57\" data-element_type=\"container\" data-e-type=\"container\" data-settings=\"{&quot;background_background&quot;:&quot;classic&quot;}\">\n\t\t\t\t<div class=\"elementor-element elementor-element-f74747f elementor-widget__width-inherit elementor-widget-tablet__width-inherit elementor-invisible elementor-widget elementor-widget-heading\" data-id=\"f74747f\" data-element_type=\"widget\" data-e-type=\"widget\" data-settings=\"{&quot;_animation&quot;:&quot;fadeIn&quot;,&quot;_animation_delay&quot;:300}\" data-widget_type=\"heading.default\">\n\t\t\t\t<div class=\"elementor-widget-container\">\n\t\t\t\t\t<h1 class=\"elementor-heading-title elementor-size-default\">Daten und Datenschutz<\/h1>\t\t\t\t<\/div>\n\t\t\t\t<\/div>\n\t\t\t\t<\/div>\n\t\t<div class=\"elementor-element elementor-element-aac1404 e-flex e-con-boxed e-con e-parent\" data-id=\"aac1404\" data-element_type=\"container\" data-e-type=\"container\" data-settings=\"{&quot;background_background&quot;:&quot;classic&quot;}\">\n\t\t\t\t\t<div class=\"e-con-inner\">\n\t\t\t\t<div class=\"elementor-element elementor-element-9ce5024 elementor-widget__width-inherit elementor-widget-tablet__width-inherit elementor-invisible elementor-widget elementor-widget-heading\" data-id=\"9ce5024\" data-element_type=\"widget\" data-e-type=\"widget\" data-settings=\"{&quot;_animation&quot;:&quot;fadeIn&quot;,&quot;_animation_delay&quot;:300}\" data-widget_type=\"heading.default\">\n\t\t\t\t<div class=\"elementor-widget-container\">\n\t\t\t\t\t<h3 class=\"elementor-heading-title elementor-size-default\">GDPR (Allgemeine Datenschutzverordnung)<\/h3>\t\t\t\t<\/div>\n\t\t\t\t<\/div>\n\t\t\t\t<div class=\"elementor-element elementor-element-d3366eb elementor-widget__width-inherit elementor-widget elementor-widget-text-editor\" data-id=\"d3366eb\" data-element_type=\"widget\" data-e-type=\"widget\" data-widget_type=\"text-editor.default\">\n\t\t\t\t<div class=\"elementor-widget-container\">\n\t\t\t\t\t\t\t\t\t<p>Umgang mit Daten: Edur h\u00e4lt sich an die GDPR-Vorschriften<br \/>Edur AI legt gro\u00dfen Wert darauf, die Privatsph\u00e4re aller Kunden zu respektieren, insbesondere wenn es um die Nutzung von Daten geht. Alle Daten und Informationen, die in Projekte involviert sind, werden in \u00dcbereinstimmung mit den Prinzipien der Allgemeinen Datenschutzverordnung (GDPR) gesammelt und gespeichert.<\/p>\t\t\t\t\t\t\t\t<\/div>\n\t\t\t\t<\/div>\n\t\t\t\t<div class=\"elementor-element elementor-element-046b789 elementor-widget__width-inherit elementor-widget-tablet__width-inherit elementor-invisible elementor-widget elementor-widget-heading\" data-id=\"046b789\" data-element_type=\"widget\" data-e-type=\"widget\" data-settings=\"{&quot;_animation&quot;:&quot;fadeIn&quot;,&quot;_animation_delay&quot;:300}\" data-widget_type=\"heading.default\">\n\t\t\t\t<div class=\"elementor-widget-container\">\n\t\t\t\t\t<h3 class=\"elementor-heading-title elementor-size-default\">Wie wir mit Daten umgehen\n<\/h3>\t\t\t\t<\/div>\n\t\t\t\t<\/div>\n\t\t\t\t<div class=\"elementor-element elementor-element-f35c7c4 elementor-widget__width-inherit elementor-widget elementor-widget-text-editor\" data-id=\"f35c7c4\" data-element_type=\"widget\" data-e-type=\"widget\" data-widget_type=\"text-editor.default\">\n\t\t\t\t<div class=\"elementor-widget-container\">\n\t\t\t\t\t\t\t\t\t<p>Um unser Engagement unter Beweis zu stellen, behandeln wir die Daten mit \u00e4u\u00dferster Sorgfalt gem\u00e4\u00df den Richtlinien der GDPR und ergreifen Ma\u00dfnahmen zur Anonymisierung der Daten, um den Datenschutz zu verbessern. Alle Datenvorbereitungen werden akribisch durchgef\u00fchrt und entsprechen den globalen Standards. Allen Kunden werden ausf\u00fchrliche, f\u00fcr die jeweilige Datenart relevante Bedingungen f\u00fcr die Datenerfassung und -nutzung zur Verf\u00fcgung gestellt.<\/p>\t\t\t\t\t\t\t\t<\/div>\n\t\t\t\t<\/div>\n\t\t\t\t<div class=\"elementor-element elementor-element-ba2765f elementor-widget__width-inherit elementor-widget elementor-widget-text-editor\" data-id=\"ba2765f\" data-element_type=\"widget\" data-e-type=\"widget\" data-widget_type=\"text-editor.default\">\n\t\t\t\t<div class=\"elementor-widget-container\">\n\t\t\t\t\t\t\t\t\t<p>Alle von Edur gesammelten Daten werden auf rechtm\u00e4\u00dfige, faire und transparente Weise verarbeitet, wobei die Rechte der betroffenen Person respektiert werden. Der Zweck und die Art und Weise, wie AI Superior die gesammelten Daten verwenden darf, sind genau definiert. Die gesammelten Daten sind spezifisch, eindeutig und werden ausschlie\u00dflich f\u00fcr rechtm\u00e4\u00dfige Zwecke verwendet. Wir sorgen daf\u00fcr, dass Ihre Daten von geschulten Fachleuten, die die Bedeutung des Datenschutzes verstehen, sicher verwaltet werden.<\/p>\t\t\t\t\t\t\t\t<\/div>\n\t\t\t\t<\/div>\n\t\t\t\t<div class=\"elementor-element elementor-element-b52f1c8 elementor-widget__width-inherit elementor-widget-tablet__width-inherit elementor-invisible elementor-widget elementor-widget-heading\" data-id=\"b52f1c8\" data-element_type=\"widget\" data-e-type=\"widget\" data-settings=\"{&quot;_animation&quot;:&quot;fadeIn&quot;,&quot;_animation_delay&quot;:300}\" data-widget_type=\"heading.default\">\n\t\t\t\t<div class=\"elementor-widget-container\">\n\t\t\t\t\t<h3 class=\"elementor-heading-title elementor-size-default\">Wie wir die Daten sch\u00fctzen\n<\/h3>\t\t\t\t<\/div>\n\t\t\t\t<\/div>\n\t\t\t\t<div class=\"elementor-element elementor-element-6262344 elementor-widget__width-inherit elementor-widget elementor-widget-text-editor\" data-id=\"6262344\" data-element_type=\"widget\" data-e-type=\"widget\" data-widget_type=\"text-editor.default\">\n\t\t\t\t<div class=\"elementor-widget-container\">\n\t\t\t\t\t\t\t\t\t<p>Edur garantiert ein hohes Ma\u00df an Datenschutz f\u00fcr alle Kunden. Da Daten in KI- und Machine Learning-Prozessen eine entscheidende Rolle spielen, unternehmen wir jeden Schritt, um die Datenqualit\u00e4t zu gew\u00e4hrleisten und gleichzeitig Ihre Privatsph\u00e4re zu sch\u00fctzen. Der GDPR-Prozess ist f\u00fcr uns von gr\u00f6\u00dfter Bedeutung.<\/p>\t\t\t\t\t\t\t\t<\/div>\n\t\t\t\t<\/div>\n\t\t\t\t<div class=\"elementor-element elementor-element-75780c4 elementor-widget__width-inherit elementor-widget elementor-widget-text-editor\" data-id=\"75780c4\" data-element_type=\"widget\" data-e-type=\"widget\" data-widget_type=\"text-editor.default\">\n\t\t\t\t<div class=\"elementor-widget-container\">\n\t\t\t\t\t\t\t\t\t<p>Wir sch\u00e4tzen die Kundendaten als wertvolles Gut und sorgen bei Erhalt f\u00fcr einen umfassenden Schutz in unseren Systemen. Es werden alle notwendigen und relevanten Sicherheitsma\u00dfnahmen ergriffen, um die Daten und deren Verwendungszweck zu sch\u00fctzen. Dar\u00fcber hinaus bewahren wir die Daten in einem Format auf, das ihre Identifizierung erm\u00f6glicht, und verarbeiten sie sicher, um sie vor versehentlichem Verlust, Besch\u00e4digung, unbefugter Verarbeitung und anderen potenziellen Risiken zu sch\u00fctzen.<\/p>\t\t\t\t\t\t\t\t<\/div>\n\t\t\t\t<\/div>\n\t\t\t\t<div class=\"elementor-element elementor-element-69a5504 elementor-widget__width-inherit elementor-widget elementor-widget-text-editor\" data-id=\"69a5504\" data-element_type=\"widget\" data-e-type=\"widget\" data-widget_type=\"text-editor.default\">\n\t\t\t\t<div class=\"elementor-widget-container\">\n\t\t\t\t\t\t\t\t\t<p>Edur ist immer einen Schritt voraus und bekr\u00e4ftigt sein Engagement, erstklassige L\u00f6sungen zu liefern. Sie k\u00f6nnen sich darauf verlassen, dass unser Engagement f\u00fcr erstklassige Dienstleistungen ungebrochen ist.<\/p>\t\t\t\t\t\t\t\t<\/div>\n\t\t\t\t<\/div>\n\t\t\t\t\t<\/div>\n\t\t\t\t<\/div>\n\t\t\t\t<\/div>","protected":false},"excerpt":{"rendered":"<p>Data and Privacy GDPR (General Data Protection Regulation) Data Handling: Edur adheres to GDPR regulationsEdur AI places great importance on respecting the privacy of all customers, particularly when it comes to data usage. Any data and information involved in projects are collected and stored in accordance with the principles set forth in the General Data [&hellip;]<\/p>\n","protected":false},"author":2,"featured_media":0,"parent":0,"menu_order":0,"comment_status":"closed","ping_status":"closed","template":"elementor_header_footer","meta":{"footnotes":""},"class_list":["post-9578","page","type-page","status-publish","hentry"],"_links":{"self":[{"href":"https:\/\/eudr.co\/de\/wp-json\/wp\/v2\/pages\/9578","targetHints":{"allow":["GET"]}}],"collection":[{"href":"https:\/\/eudr.co\/de\/wp-json\/wp\/v2\/pages"}],"about":[{"href":"https:\/\/eudr.co\/de\/wp-json\/wp\/v2\/types\/page"}],"author":[{"embeddable":true,"href":"https:\/\/eudr.co\/de\/wp-json\/wp\/v2\/users\/2"}],"replies":[{"embeddable":true,"href":"https:\/\/eudr.co\/de\/wp-json\/wp\/v2\/comments?post=9578"}],"version-history":[{"count":13,"href":"https:\/\/eudr.co\/de\/wp-json\/wp\/v2\/pages\/9578\/revisions"}],"predecessor-version":[{"id":9617,"href":"https:\/\/eudr.co\/de\/wp-json\/wp\/v2\/pages\/9578\/revisions\/9617"}],"wp:attachment":[{"href":"https:\/\/eudr.co\/de\/wp-json\/wp\/v2\/media?parent=9578"}],"curies":[{"name":"wp","href":"https:\/\/api.w.org\/{rel}","templated":true}]}}