{"id":9589,"date":"2025-08-28T13:17:29","date_gmt":"2025-08-28T13:17:29","guid":{"rendered":"https:\/\/eudr.co\/"},"modified":"2025-08-29T05:07:04","modified_gmt":"2025-08-29T05:07:04","slug":"privacy-policy","status":"publish","type":"page","link":"https:\/\/eudr.co\/de\/privacy-policy\/","title":{"rendered":"Datenschutzbestimmungen"},"content":{"rendered":"<div data-elementor-type=\"wp-page\" data-elementor-id=\"9589\" class=\"elementor elementor-9589\" data-elementor-post-type=\"page\">\n\t\t\t\t<div class=\"elementor-element elementor-element-51bfd37 e-con-full e-flex e-con e-parent\" data-id=\"51bfd37\" data-element_type=\"container\" data-e-type=\"container\" data-settings=\"{&quot;background_background&quot;:&quot;classic&quot;}\">\n\t\t\t\t<div class=\"elementor-element elementor-element-4a271de elementor-widget__width-inherit elementor-widget-tablet__width-inherit elementor-invisible elementor-widget elementor-widget-heading\" data-id=\"4a271de\" data-element_type=\"widget\" data-e-type=\"widget\" data-settings=\"{&quot;_animation&quot;:&quot;fadeIn&quot;,&quot;_animation_delay&quot;:300}\" data-widget_type=\"heading.default\">\n\t\t\t\t<div class=\"elementor-widget-container\">\n\t\t\t\t\t<h1 class=\"elementor-heading-title elementor-size-default\">Datenschutzbestimmungen\n<\/h1>\t\t\t\t<\/div>\n\t\t\t\t<\/div>\n\t\t\t\t<\/div>\n\t\t<div class=\"elementor-element elementor-element-c731c8d e-flex e-con-boxed e-con e-parent\" data-id=\"c731c8d\" data-element_type=\"container\" data-e-type=\"container\" data-settings=\"{&quot;background_background&quot;:&quot;classic&quot;}\">\n\t\t\t\t\t<div class=\"e-con-inner\">\n\t\t\t\t<div class=\"elementor-element elementor-element-40310ff elementor-widget__width-inherit elementor-widget-tablet__width-inherit elementor-invisible elementor-widget elementor-widget-heading\" data-id=\"40310ff\" data-element_type=\"widget\" data-e-type=\"widget\" data-settings=\"{&quot;_animation&quot;:&quot;fadeIn&quot;,&quot;_animation_delay&quot;:300}\" data-widget_type=\"heading.default\">\n\t\t\t\t<div class=\"elementor-widget-container\">\n\t\t\t\t\t<h3 class=\"elementor-heading-title elementor-size-default\">Einf\u00fchrung\n<\/h3>\t\t\t\t<\/div>\n\t\t\t\t<\/div>\n\t\t\t\t<div class=\"elementor-element elementor-element-54a1c6d elementor-widget__width-inherit elementor-widget elementor-widget-text-editor\" data-id=\"54a1c6d\" data-element_type=\"widget\" data-e-type=\"widget\" data-widget_type=\"text-editor.default\">\n\t\t\t\t<div class=\"elementor-widget-container\">\n\t\t\t\t\t\t\t\t\t<p>Diese Datenschutzerkl\u00e4rung gilt f\u00fcr die von der Eudr GmbH angebotenen Online-Dienste, zug\u00e4nglich \u00fcber <a href=\"https:\/\/eudr.co\/de\/\">https:\/\/eudr.co\/<\/a> (\"die Website\") oder app.eudr.tech (\"die Anwendung\"). Unser Engagement f\u00fcr den Datenschutz steht an erster Stelle. In diesem Dokument wird erl\u00e4utert, wie wir mit den auf der Website oder in der Anwendung gesammelten und aufgezeichneten Informationen umgehen. F\u00fcr weitere Anfragen oder Informationen zu unserer Datenschutzpolitik wenden Sie sich bitte an uns.<\/p>\t\t\t\t\t\t\t\t<\/div>\n\t\t\t\t<\/div>\n\t\t\t\t<div class=\"elementor-element elementor-element-4a95a8b elementor-widget__width-inherit elementor-widget-tablet__width-inherit elementor-invisible elementor-widget elementor-widget-heading\" data-id=\"4a95a8b\" data-element_type=\"widget\" data-e-type=\"widget\" data-settings=\"{&quot;_animation&quot;:&quot;fadeIn&quot;,&quot;_animation_delay&quot;:300}\" data-widget_type=\"heading.default\">\n\t\t\t\t<div class=\"elementor-widget-container\">\n\t\t\t\t\t<h3 class=\"elementor-heading-title elementor-size-default\">\u00c4nderungen und Aktualisierungen der Datenschutzrichtlinie\n<\/h3>\t\t\t\t<\/div>\n\t\t\t\t<\/div>\n\t\t\t\t<div class=\"elementor-element elementor-element-be567b4 elementor-widget__width-inherit elementor-widget elementor-widget-text-editor\" data-id=\"be567b4\" data-element_type=\"widget\" data-e-type=\"widget\" data-widget_type=\"text-editor.default\">\n\t\t\t\t<div class=\"elementor-widget-container\">\n\t\t\t\t\t\t\t\t\t<p>Wir behalten uns das Recht vor, diese Datenschutzrichtlinie zu \u00e4ndern. Nennenswerte \u00c4nderungen werden Ihnen \u00fcber unsere Website oder auf andere Weise mitgeteilt, damit Sie stets wissen, welche Informationen wir sammeln, wie wir sie verwenden und unter welchen Umst\u00e4nden wir sie gegebenenfalls weitergeben.<\/p>\t\t\t\t\t\t\t\t<\/div>\n\t\t\t\t<\/div>\n\t\t\t\t<div class=\"elementor-element elementor-element-39a3bb9 elementor-widget__width-inherit elementor-widget-tablet__width-inherit elementor-invisible elementor-widget elementor-widget-heading\" data-id=\"39a3bb9\" data-element_type=\"widget\" data-e-type=\"widget\" data-settings=\"{&quot;_animation&quot;:&quot;fadeIn&quot;,&quot;_animation_delay&quot;:300}\" data-widget_type=\"heading.default\">\n\t\t\t\t<div class=\"elementor-widget-container\">\n\t\t\t\t\t<h3 class=\"elementor-heading-title elementor-size-default\">Erhebung und Verwendung von Daten\n<\/h3>\t\t\t\t<\/div>\n\t\t\t\t<\/div>\n\t\t\t\t<div class=\"elementor-element elementor-element-5841cbd elementor-widget__width-inherit elementor-widget-tablet__width-inherit elementor-invisible elementor-widget elementor-widget-heading\" data-id=\"5841cbd\" data-element_type=\"widget\" data-e-type=\"widget\" data-settings=\"{&quot;_animation&quot;:&quot;fadeIn&quot;,&quot;_animation_delay&quot;:300}\" data-widget_type=\"heading.default\">\n\t\t\t\t<div class=\"elementor-widget-container\">\n\t\t\t\t\t<h5 class=\"elementor-heading-title elementor-size-default\">Log-Dateien\n<\/h5>\t\t\t\t<\/div>\n\t\t\t\t<\/div>\n\t\t\t\t<div class=\"elementor-element elementor-element-7a6b37f elementor-widget__width-inherit elementor-widget elementor-widget-text-editor\" data-id=\"7a6b37f\" data-element_type=\"widget\" data-e-type=\"widget\" data-widget_type=\"text-editor.default\">\n\t\t\t\t<div class=\"elementor-widget-container\">\n\t\t\t\t\t\t\t\t\t<p>Als Teil unserer Standardpraxis sammeln wir Daten \u00fcber Protokolldateien. Diese Daten k\u00f6nnen Internetprotokolladressen (IP), Browsertypen, Internetdienstanbieter, Datums- und Zeitstempel, Verweis- und Ausgangsseiten sowie Klickzahlen enthalten, die der Trendanalyse, der Website-Verwaltung, der Verfolgung von Benutzerbewegungen und der Erfassung demografischer Informationen dienen.<\/p>\t\t\t\t\t\t\t\t<\/div>\n\t\t\t\t<\/div>\n\t\t\t\t<div class=\"elementor-element elementor-element-52760e1 elementor-widget__width-inherit elementor-widget-tablet__width-inherit elementor-invisible elementor-widget elementor-widget-heading\" data-id=\"52760e1\" data-element_type=\"widget\" data-e-type=\"widget\" data-settings=\"{&quot;_animation&quot;:&quot;fadeIn&quot;,&quot;_animation_delay&quot;:300}\" data-widget_type=\"heading.default\">\n\t\t\t\t<div class=\"elementor-widget-container\">\n\t\t\t\t\t<h5 class=\"elementor-heading-title elementor-size-default\">Cookies und Web Beacons\n<\/h5>\t\t\t\t<\/div>\n\t\t\t\t<\/div>\n\t\t\t\t<div class=\"elementor-element elementor-element-6be8ec0 elementor-widget__width-inherit elementor-widget elementor-widget-text-editor\" data-id=\"6be8ec0\" data-element_type=\"widget\" data-e-type=\"widget\" data-widget_type=\"text-editor.default\">\n\t\t\t\t<div class=\"elementor-widget-container\">\n\t\t\t\t\t\t\t\t\t<p>Wir verwenden Cookies, um Informationen \u00fcber die Pr\u00e4ferenzen der Besucher und die Seiten auf der Website oder der Anwendung zu speichern, auf die der Besucher zugegriffen oder die er besucht hat, um die Benutzerfreundlichkeit zu optimieren, indem wir den Inhalt der Website auf der Grundlage der Browsertypen der Besucher und\/oder anderer Informationen personalisieren.<\/p>\t\t\t\t\t\t\t\t<\/div>\n\t\t\t\t<\/div>\n\t\t\t\t<div class=\"elementor-element elementor-element-4b0e490 elementor-widget__width-inherit elementor-widget-tablet__width-inherit elementor-invisible elementor-widget elementor-widget-heading\" data-id=\"4b0e490\" data-element_type=\"widget\" data-e-type=\"widget\" data-settings=\"{&quot;_animation&quot;:&quot;fadeIn&quot;,&quot;_animation_delay&quot;:300}\" data-widget_type=\"heading.default\">\n\t\t\t\t<div class=\"elementor-widget-container\">\n\t\t\t\t\t<h5 class=\"elementor-heading-title elementor-size-default\">Google API-Dienste\n<\/h5>\t\t\t\t<\/div>\n\t\t\t\t<\/div>\n\t\t\t\t<div class=\"elementor-element elementor-element-fad570f elementor-widget__width-inherit elementor-widget elementor-widget-text-editor\" data-id=\"fad570f\" data-element_type=\"widget\" data-e-type=\"widget\" data-widget_type=\"text-editor.default\">\n\t\t\t\t<div class=\"elementor-widget-container\">\n\t\t\t\t\t\t\t\t\t<p>In \u00dcbereinstimmung mit den Google-Richtlinien f\u00fcr API-Dienste und Nutzerdaten geben wir unsere Identit\u00e4t und Absichten bei der Anforderung von Google-Nutzerdaten genau an. Wir legen eindeutig offen:<\/p><ul><li><strong>Identit\u00e4t<\/strong>: Die Identit\u00e4t unserer Anwendung, die auf Google-Nutzerdaten zugreift.<\/li><li><strong>Angeforderte Daten<\/strong>: Arten von Google-Nutzerdaten, die wir anfordern.<\/li><li><strong>Zweck<\/strong>: Die Zwecke, f\u00fcr die wir Google-Nutzerdaten anfordern.<\/li><\/ul>\t\t\t\t\t\t\t\t<\/div>\n\t\t\t\t<\/div>\n\t\t\t\t<div class=\"elementor-element elementor-element-c4fef8c elementor-widget__width-inherit elementor-widget-tablet__width-inherit elementor-invisible elementor-widget elementor-widget-heading\" data-id=\"c4fef8c\" data-element_type=\"widget\" data-e-type=\"widget\" data-settings=\"{&quot;_animation&quot;:&quot;fadeIn&quot;,&quot;_animation_delay&quot;:300}\" data-widget_type=\"heading.default\">\n\t\t\t\t<div class=\"elementor-widget-container\">\n\t\t\t\t\t<h5 class=\"elementor-heading-title elementor-size-default\">Drittwerber und Datenschutzrichtlinien\n<\/h5>\t\t\t\t<\/div>\n\t\t\t\t<\/div>\n\t\t\t\t<div class=\"elementor-element elementor-element-16d0dd1 elementor-widget__width-inherit elementor-widget elementor-widget-text-editor\" data-id=\"16d0dd1\" data-element_type=\"widget\" data-e-type=\"widget\" data-widget_type=\"text-editor.default\">\n\t\t\t\t<div class=\"elementor-widget-container\">\n\t\t\t\t\t\t\t\t\t<p>Wir verwenden Werbeserver oder Werbenetzwerke von Dritten, die Technologien wie Cookies, JavaScript oder Web Beacons in ihren Anzeigen und Links auf der Website oder der Anwendung verwenden. Deren Praktiken sind in den jeweiligen Datenschutzrichtlinien beschrieben.<\/p>\t\t\t\t\t\t\t\t<\/div>\n\t\t\t\t<\/div>\n\t\t\t\t<div class=\"elementor-element elementor-element-c8e8bd8 elementor-widget__width-inherit elementor-widget elementor-widget-text-editor\" data-id=\"c8e8bd8\" data-element_type=\"widget\" data-e-type=\"widget\" data-widget_type=\"text-editor.default\">\n\t\t\t\t<div class=\"elementor-widget-container\">\n\t\t\t\t\t\t\t\t\t<div class=\"elementor-element elementor-element-4cde19d elementor-widget elementor-widget-text-editor\" data-id=\"4cde19d\" data-element_type=\"widget\" data-widget_type=\"text-editor.default\"><p><strong>Google-Anmeldung<\/strong>: Wir verwenden Google Sign-In f\u00fcr die Authentifizierung und halten uns dabei an die Nutzerdatenrichtlinie f\u00fcr API-Dienste von Google, einschlie\u00dflich transparenter Angaben zum Datenzugang und zur Nutzung.<\/p><\/div>\t\t\t\t\t\t\t\t<\/div>\n\t\t\t\t<\/div>\n\t\t\t\t<div class=\"elementor-element elementor-element-117caba elementor-widget__width-inherit elementor-widget-tablet__width-inherit elementor-invisible elementor-widget elementor-widget-heading\" data-id=\"117caba\" data-element_type=\"widget\" data-e-type=\"widget\" data-settings=\"{&quot;_animation&quot;:&quot;fadeIn&quot;,&quot;_animation_delay&quot;:300}\" data-widget_type=\"heading.default\">\n\t\t\t\t<div class=\"elementor-widget-container\">\n\t\t\t\t\t<h5 class=\"elementor-heading-title elementor-size-default\">Informationen f\u00fcr Kinder\n<\/h5>\t\t\t\t<\/div>\n\t\t\t\t<\/div>\n\t\t\t\t<div class=\"elementor-element elementor-element-c151d9a elementor-widget__width-inherit elementor-widget elementor-widget-text-editor\" data-id=\"c151d9a\" data-element_type=\"widget\" data-e-type=\"widget\" data-widget_type=\"text-editor.default\">\n\t\t\t\t<div class=\"elementor-widget-container\">\n\t\t\t\t\t\t\t\t\tWir erfassen nicht wissentlich pers\u00f6nliche Daten von Kindern unter 13 Jahren. Unsere Nutzung von Werbetechnologien Dritter unterliegt den jeweiligen Datenschutzrichtlinien dieser Unternehmen.\n\n\t\t\t\t\t\t\t\t<\/div>\n\t\t\t\t<\/div>\n\t\t\t\t<div class=\"elementor-element elementor-element-5266b1a elementor-widget__width-inherit elementor-widget elementor-widget-text-editor\" data-id=\"5266b1a\" data-element_type=\"widget\" data-e-type=\"widget\" data-widget_type=\"text-editor.default\">\n\t\t\t\t<div class=\"elementor-widget-container\">\n\t\t\t\t\t\t\t\t\t<div class=\"elementor-element elementor-element-cc2d6ad elementor-widget elementor-widget-text-editor\" data-id=\"cc2d6ad\" data-element_type=\"widget\" data-widget_type=\"text-editor.default\"><p><strong>Von Kindern gesteuerte Apps<\/strong>: Wir halten uns an den Children's Online Privacy Protection Act (COPPA) und verwenden keine Google Sign-In- oder andere Google API-Dienste, die auf mit einem Google-Konto verkn\u00fcpfte Daten in Anwendungen zugreifen, die sich haupts\u00e4chlich an Kinder richten.<\/p><\/div>\t\t\t\t\t\t\t\t<\/div>\n\t\t\t\t<\/div>\n\t\t\t\t<div class=\"elementor-element elementor-element-7a67280 elementor-widget__width-inherit elementor-widget-tablet__width-inherit elementor-invisible elementor-widget elementor-widget-heading\" data-id=\"7a67280\" data-element_type=\"widget\" data-e-type=\"widget\" data-settings=\"{&quot;_animation&quot;:&quot;fadeIn&quot;,&quot;_animation_delay&quot;:300}\" data-widget_type=\"heading.default\">\n\t\t\t\t<div class=\"elementor-widget-container\">\n\t\t\t\t\t<h5 class=\"elementor-heading-title elementor-size-default\">Sicherheit und Datenschutz\n<\/h5>\t\t\t\t<\/div>\n\t\t\t\t<\/div>\n\t\t\t\t<div class=\"elementor-element elementor-element-ba6534f elementor-widget__width-inherit elementor-widget elementor-widget-text-editor\" data-id=\"ba6534f\" data-element_type=\"widget\" data-e-type=\"widget\" data-widget_type=\"text-editor.default\">\n\t\t\t\t<div class=\"elementor-widget-container\">\n\t\t\t\t\t\t\t\t\t<p>Wir gew\u00e4hrleisten die Sicherheit der Daten bei der \u00dcbertragung und im Ruhezustand und ergreifen geeignete Ma\u00dfnahmen zum Schutz vor unbefugtem oder unrechtm\u00e4\u00dfigem Zugriff, Verwendung, Zerst\u00f6rung, Verlust, \u00c4nderung oder Offenlegung.<\/p>\t\t\t\t\t\t\t\t<\/div>\n\t\t\t\t<\/div>\n\t\t\t\t<div class=\"elementor-element elementor-element-8ea5897 elementor-widget__width-inherit elementor-widget elementor-widget-text-editor\" data-id=\"8ea5897\" data-element_type=\"widget\" data-e-type=\"widget\" data-widget_type=\"text-editor.default\">\n\t\t\t\t<div class=\"elementor-widget-container\">\n\t\t\t\t\t\t\t\t\t<div class=\"elementor-element elementor-element-73c78ca elementor-widget elementor-widget-text-editor\" data-id=\"73c78ca\" data-element_type=\"widget\" data-widget_type=\"text-editor.default\"><p><strong>Google API-Dienste<\/strong>: Wir unterhalten eine sichere Betriebsumgebung f\u00fcr Anwendungen und Systeme, die Google API Services nutzen, und halten uns dabei an die Sicherheits- und Datenschutzanforderungen von Google.<\/p><\/div>\t\t\t\t\t\t\t\t<\/div>\n\t\t\t\t<\/div>\n\t\t\t\t<div class=\"elementor-element elementor-element-027b095 elementor-widget__width-inherit elementor-widget-tablet__width-inherit elementor-invisible elementor-widget elementor-widget-heading\" data-id=\"027b095\" data-element_type=\"widget\" data-e-type=\"widget\" data-settings=\"{&quot;_animation&quot;:&quot;fadeIn&quot;,&quot;_animation_delay&quot;:300}\" data-widget_type=\"heading.default\">\n\t\t\t\t<div class=\"elementor-widget-container\">\n\t\t\t\t\t<h5 class=\"elementor-heading-title elementor-size-default\">Zustimmung der Nutzer und Rechte\n<\/h5>\t\t\t\t<\/div>\n\t\t\t\t<\/div>\n\t\t\t\t<div class=\"elementor-element elementor-element-b2f9411 elementor-widget__width-inherit elementor-widget elementor-widget-text-editor\" data-id=\"b2f9411\" data-element_type=\"widget\" data-e-type=\"widget\" data-widget_type=\"text-editor.default\">\n\t\t\t\t<div class=\"elementor-widget-container\">\n\t\t\t\t\t\t\t\t\t<p>Durch die Nutzung unserer Website oder Anwendung erkl\u00e4ren Sie sich mit unserer Datenschutzrichtlinie einverstanden und stimmen den darin enthaltenen Bedingungen und Konditionen zu.<\/p>\t\t\t\t\t\t\t\t<\/div>\n\t\t\t\t<\/div>\n\t\t\t\t<div class=\"elementor-element elementor-element-459d02a elementor-widget__width-inherit elementor-widget elementor-widget-text-editor\" data-id=\"459d02a\" data-element_type=\"widget\" data-e-type=\"widget\" data-widget_type=\"text-editor.default\">\n\t\t\t\t<div class=\"elementor-widget-container\">\n\t\t\t\t\t\t\t\t\t<p>Die Nutzer haben das Recht zu erfahren, wie ihre Daten verwendet werden, und k\u00f6nnen Zugang zu ihren personenbezogenen Daten oder deren L\u00f6schung verlangen.<\/p>\t\t\t\t\t\t\t\t<\/div>\n\t\t\t\t<\/div>\n\t\t\t\t<div class=\"elementor-element elementor-element-28ee4a1 elementor-widget__width-inherit elementor-widget-tablet__width-inherit elementor-invisible elementor-widget elementor-widget-heading\" data-id=\"28ee4a1\" data-element_type=\"widget\" data-e-type=\"widget\" data-settings=\"{&quot;_animation&quot;:&quot;fadeIn&quot;,&quot;_animation_delay&quot;:300}\" data-widget_type=\"heading.default\">\n\t\t\t\t<div class=\"elementor-widget-container\">\n\t\t\t\t\t<h5 class=\"elementor-heading-title elementor-size-default\">Kontaktinformationen\n<\/h5>\t\t\t\t<\/div>\n\t\t\t\t<\/div>\n\t\t\t\t<div class=\"elementor-element elementor-element-a84eee4 elementor-widget__width-inherit elementor-widget elementor-widget-text-editor\" data-id=\"a84eee4\" data-element_type=\"widget\" data-e-type=\"widget\" data-widget_type=\"text-editor.default\">\n\t\t\t\t<div class=\"elementor-widget-container\">\n\t\t\t\t\t\t\t\t\t<p>Wenn Sie Fragen oder Bedenken bez\u00fcglich unserer Datenschutzrichtlinie oder Datenpraktiken haben, kontaktieren Sie uns bitte unter info@eudr.com.<\/p>\t\t\t\t\t\t\t\t<\/div>\n\t\t\t\t<\/div>\n\t\t\t\t<div class=\"elementor-element elementor-element-cf212c4 elementor-widget__width-inherit elementor-widget elementor-widget-text-editor\" data-id=\"cf212c4\" data-element_type=\"widget\" data-e-type=\"widget\" data-widget_type=\"text-editor.default\">\n\t\t\t\t<div class=\"elementor-widget-container\">\n\t\t\t\t\t\t\t\t\t<p>Datum des Inkrafttretens: 09.02.2024<\/p>\t\t\t\t\t\t\t\t<\/div>\n\t\t\t\t<\/div>\n\t\t\t\t\t<\/div>\n\t\t\t\t<\/div>\n\t\t\t\t<\/div>","protected":false},"excerpt":{"rendered":"<p>Privacy Policy Introduction This Privacy Policy applies to the online services offered by Eudr GmbH, accessible via https:\/\/eudr.co\/ (\u201cthe website\u201d) or app.eudr.tech (\u201cthe application\u201d). Our commitment to privacy is paramount, and this document explains how we handle information collected and recorded from the website or the application. For additional inquiries or information about our Privacy [&hellip;]<\/p>\n","protected":false},"author":2,"featured_media":0,"parent":0,"menu_order":0,"comment_status":"closed","ping_status":"closed","template":"elementor_header_footer","meta":{"footnotes":""},"class_list":["post-9589","page","type-page","status-publish","hentry"],"_links":{"self":[{"href":"https:\/\/eudr.co\/de\/wp-json\/wp\/v2\/pages\/9589","targetHints":{"allow":["GET"]}}],"collection":[{"href":"https:\/\/eudr.co\/de\/wp-json\/wp\/v2\/pages"}],"about":[{"href":"https:\/\/eudr.co\/de\/wp-json\/wp\/v2\/types\/page"}],"author":[{"embeddable":true,"href":"https:\/\/eudr.co\/de\/wp-json\/wp\/v2\/users\/2"}],"replies":[{"embeddable":true,"href":"https:\/\/eudr.co\/de\/wp-json\/wp\/v2\/comments?post=9589"}],"version-history":[{"count":10,"href":"https:\/\/eudr.co\/de\/wp-json\/wp\/v2\/pages\/9589\/revisions"}],"predecessor-version":[{"id":9620,"href":"https:\/\/eudr.co\/de\/wp-json\/wp\/v2\/pages\/9589\/revisions\/9620"}],"wp:attachment":[{"href":"https:\/\/eudr.co\/de\/wp-json\/wp\/v2\/media?parent=9589"}],"curies":[{"name":"wp","href":"https:\/\/api.w.org\/{rel}","templated":true}]}}