{"id":9578,"date":"2025-08-28T13:11:04","date_gmt":"2025-08-28T13:11:04","guid":{"rendered":"https:\/\/eudr.co\/"},"modified":"2025-08-29T05:03:41","modified_gmt":"2025-08-29T05:03:41","slug":"data-and-privacy","status":"publish","type":"page","link":"https:\/\/eudr.co\/fr\/data-and-privacy\/","title":{"rendered":"Donn\u00e9es et vie priv\u00e9e"},"content":{"rendered":"<div data-elementor-type=\"wp-page\" data-elementor-id=\"9578\" class=\"elementor elementor-9578\" data-elementor-post-type=\"page\">\n\t\t\t\t<div class=\"elementor-element elementor-element-9e81f57 e-con-full e-flex e-con e-parent\" data-id=\"9e81f57\" data-element_type=\"container\" data-e-type=\"container\" data-settings=\"{&quot;background_background&quot;:&quot;classic&quot;}\">\n\t\t\t\t<div class=\"elementor-element elementor-element-f74747f elementor-widget__width-inherit elementor-widget-tablet__width-inherit elementor-invisible elementor-widget elementor-widget-heading\" data-id=\"f74747f\" data-element_type=\"widget\" data-e-type=\"widget\" data-settings=\"{&quot;_animation&quot;:&quot;fadeIn&quot;,&quot;_animation_delay&quot;:300}\" data-widget_type=\"heading.default\">\n\t\t\t\t<div class=\"elementor-widget-container\">\n\t\t\t\t\t<h1 class=\"elementor-heading-title elementor-size-default\">Donn\u00e9es et vie priv\u00e9e<\/h1>\t\t\t\t<\/div>\n\t\t\t\t<\/div>\n\t\t\t\t<\/div>\n\t\t<div class=\"elementor-element elementor-element-aac1404 e-flex e-con-boxed e-con e-parent\" data-id=\"aac1404\" data-element_type=\"container\" data-e-type=\"container\" data-settings=\"{&quot;background_background&quot;:&quot;classic&quot;}\">\n\t\t\t\t\t<div class=\"e-con-inner\">\n\t\t\t\t<div class=\"elementor-element elementor-element-9ce5024 elementor-widget__width-inherit elementor-widget-tablet__width-inherit elementor-invisible elementor-widget elementor-widget-heading\" data-id=\"9ce5024\" data-element_type=\"widget\" data-e-type=\"widget\" data-settings=\"{&quot;_animation&quot;:&quot;fadeIn&quot;,&quot;_animation_delay&quot;:300}\" data-widget_type=\"heading.default\">\n\t\t\t\t<div class=\"elementor-widget-container\">\n\t\t\t\t\t<h3 class=\"elementor-heading-title elementor-size-default\">GDPR (General Data Protection Regulation)<\/h3>\t\t\t\t<\/div>\n\t\t\t\t<\/div>\n\t\t\t\t<div class=\"elementor-element elementor-element-d3366eb elementor-widget__width-inherit elementor-widget elementor-widget-text-editor\" data-id=\"d3366eb\" data-element_type=\"widget\" data-e-type=\"widget\" data-widget_type=\"text-editor.default\">\n\t\t\t\t<div class=\"elementor-widget-container\">\n\t\t\t\t\t\t\t\t\t<p>Traitement des donn\u00e9es : Edur adh\u00e8re \u00e0 la r\u00e9glementation GDPR<br \/>Edur AI accorde une grande importance au respect de la vie priv\u00e9e de tous ses clients, en particulier en ce qui concerne l'utilisation des donn\u00e9es. Toutes les donn\u00e9es et informations impliqu\u00e9es dans les projets sont collect\u00e9es et stock\u00e9es conform\u00e9ment aux principes \u00e9nonc\u00e9s dans le R\u00e8glement g\u00e9n\u00e9ral sur la protection des donn\u00e9es (RGPD).<\/p>\t\t\t\t\t\t\t\t<\/div>\n\t\t\t\t<\/div>\n\t\t\t\t<div class=\"elementor-element elementor-element-046b789 elementor-widget__width-inherit elementor-widget-tablet__width-inherit elementor-invisible elementor-widget elementor-widget-heading\" data-id=\"046b789\" data-element_type=\"widget\" data-e-type=\"widget\" data-settings=\"{&quot;_animation&quot;:&quot;fadeIn&quot;,&quot;_animation_delay&quot;:300}\" data-widget_type=\"heading.default\">\n\t\t\t\t<div class=\"elementor-widget-container\">\n\t\t\t\t\t<h3 class=\"elementor-heading-title elementor-size-default\">Comment nous traitons les donn\u00e9es\n<\/h3>\t\t\t\t<\/div>\n\t\t\t\t<\/div>\n\t\t\t\t<div class=\"elementor-element elementor-element-f35c7c4 elementor-widget__width-inherit elementor-widget elementor-widget-text-editor\" data-id=\"f35c7c4\" data-element_type=\"widget\" data-e-type=\"widget\" data-widget_type=\"text-editor.default\">\n\t\t\t\t<div class=\"elementor-widget-container\">\n\t\t\t\t\t\t\t\t\t<p>Pour d\u00e9montrer notre d\u00e9vouement, nous traitons les donn\u00e9es avec le plus grand soin, en suivant les directives du GDPR, et prenons des mesures pour les rendre anonymes afin d'am\u00e9liorer la confidentialit\u00e9. Toutes les pr\u00e9parations de donn\u00e9es sont m\u00e9ticuleusement effectu\u00e9es, conform\u00e9ment aux normes mondiales. Des conditions g\u00e9n\u00e9rales d\u00e9taill\u00e9es, correspondant au type de donn\u00e9es sp\u00e9cifique, sont fournies \u00e0 tous les clients en ce qui concerne la collecte et l'utilisation des donn\u00e9es.<\/p>\t\t\t\t\t\t\t\t<\/div>\n\t\t\t\t<\/div>\n\t\t\t\t<div class=\"elementor-element elementor-element-ba2765f elementor-widget__width-inherit elementor-widget elementor-widget-text-editor\" data-id=\"ba2765f\" data-element_type=\"widget\" data-e-type=\"widget\" data-widget_type=\"text-editor.default\">\n\t\t\t\t<div class=\"elementor-widget-container\">\n\t\t\t\t\t\t\t\t\t<p>Toutes les donn\u00e9es collect\u00e9es par Edur sont trait\u00e9es de mani\u00e8re licite, loyale et transparente, dans le respect des droits de la personne concern\u00e9e. Les finalit\u00e9s et les modalit\u00e9s d'utilisation par AI Superior des donn\u00e9es collect\u00e9es sont d\u00e9finies avec pr\u00e9cision. Les donn\u00e9es collect\u00e9es sont sp\u00e9cifiques, explicites et utilis\u00e9es uniquement \u00e0 des fins l\u00e9gitimes. Nous veillons \u00e0 ce que vos donn\u00e9es soient g\u00e9r\u00e9es en toute s\u00e9curit\u00e9 par des sp\u00e9cialistes form\u00e9s qui comprennent l'importance de la protection de la vie priv\u00e9e.<\/p>\t\t\t\t\t\t\t\t<\/div>\n\t\t\t\t<\/div>\n\t\t\t\t<div class=\"elementor-element elementor-element-b52f1c8 elementor-widget__width-inherit elementor-widget-tablet__width-inherit elementor-invisible elementor-widget elementor-widget-heading\" data-id=\"b52f1c8\" data-element_type=\"widget\" data-e-type=\"widget\" data-settings=\"{&quot;_animation&quot;:&quot;fadeIn&quot;,&quot;_animation_delay&quot;:300}\" data-widget_type=\"heading.default\">\n\t\t\t\t<div class=\"elementor-widget-container\">\n\t\t\t\t\t<h3 class=\"elementor-heading-title elementor-size-default\">Comment nous prot\u00e9geons les donn\u00e9es\n<\/h3>\t\t\t\t<\/div>\n\t\t\t\t<\/div>\n\t\t\t\t<div class=\"elementor-element elementor-element-6262344 elementor-widget__width-inherit elementor-widget elementor-widget-text-editor\" data-id=\"6262344\" data-element_type=\"widget\" data-e-type=\"widget\" data-widget_type=\"text-editor.default\">\n\t\t\t\t<div class=\"elementor-widget-container\">\n\t\t\t\t\t\t\t\t\t<p>Edur garantit une protection des donn\u00e9es de haut niveau pour tous les clients. Les donn\u00e9es jouant un r\u00f4le crucial dans les processus d'IA et d'apprentissage automatique, nous prenons toutes les mesures n\u00e9cessaires pour assurer la qualit\u00e9 des donn\u00e9es tout en donnant la priorit\u00e9 \u00e0 votre vie priv\u00e9e. Le processus GDPR est de la plus haute importance pour nous.<\/p>\t\t\t\t\t\t\t\t<\/div>\n\t\t\t\t<\/div>\n\t\t\t\t<div class=\"elementor-element elementor-element-75780c4 elementor-widget__width-inherit elementor-widget elementor-widget-text-editor\" data-id=\"75780c4\" data-element_type=\"widget\" data-e-type=\"widget\" data-widget_type=\"text-editor.default\">\n\t\t\t\t<div class=\"elementor-widget-container\">\n\t\t\t\t\t\t\t\t\t<p>Nous consid\u00e9rons les donn\u00e9es des clients comme un bien pr\u00e9cieux et, d\u00e8s que nous les recevons, nous en assurons la protection compl\u00e8te au sein de nos syst\u00e8mes. Toutes les mesures de s\u00e9curit\u00e9 n\u00e9cessaires et pertinentes sont mises en \u0153uvre pour prot\u00e9ger les donn\u00e9es et leur finalit\u00e9. En outre, nous conservons les donn\u00e9es dans un format permettant de les identifier et nous les traitons en toute s\u00e9curit\u00e9, en les prot\u00e9geant contre la perte accidentelle, les dommages, le traitement non autoris\u00e9 et d'autres risques potentiels.<\/p>\t\t\t\t\t\t\t\t<\/div>\n\t\t\t\t<\/div>\n\t\t\t\t<div class=\"elementor-element elementor-element-69a5504 elementor-widget__width-inherit elementor-widget elementor-widget-text-editor\" data-id=\"69a5504\" data-element_type=\"widget\" data-e-type=\"widget\" data-widget_type=\"text-editor.default\">\n\t\t\t\t<div class=\"elementor-widget-container\">\n\t\t\t\t\t\t\t\t\t<p>Edur garde toujours une longueur d'avance et r\u00e9affirme son engagement \u00e0 fournir des solutions de premier ordre. Vous pouvez \u00eatre assur\u00e9 que notre engagement \u00e0 fournir des services de qualit\u00e9 reste in\u00e9branlable.<\/p>\t\t\t\t\t\t\t\t<\/div>\n\t\t\t\t<\/div>\n\t\t\t\t\t<\/div>\n\t\t\t\t<\/div>\n\t\t\t\t<\/div>","protected":false},"excerpt":{"rendered":"<p>Data and Privacy GDPR (General Data Protection Regulation) Data Handling: Edur adheres to GDPR regulationsEdur AI places great importance on respecting the privacy of all customers, particularly when it comes to data usage. Any data and information involved in projects are collected and stored in accordance with the principles set forth in the General Data [&hellip;]<\/p>\n","protected":false},"author":2,"featured_media":0,"parent":0,"menu_order":0,"comment_status":"closed","ping_status":"closed","template":"elementor_header_footer","meta":{"footnotes":""},"class_list":["post-9578","page","type-page","status-publish","hentry"],"_links":{"self":[{"href":"https:\/\/eudr.co\/fr\/wp-json\/wp\/v2\/pages\/9578","targetHints":{"allow":["GET"]}}],"collection":[{"href":"https:\/\/eudr.co\/fr\/wp-json\/wp\/v2\/pages"}],"about":[{"href":"https:\/\/eudr.co\/fr\/wp-json\/wp\/v2\/types\/page"}],"author":[{"embeddable":true,"href":"https:\/\/eudr.co\/fr\/wp-json\/wp\/v2\/users\/2"}],"replies":[{"embeddable":true,"href":"https:\/\/eudr.co\/fr\/wp-json\/wp\/v2\/comments?post=9578"}],"version-history":[{"count":13,"href":"https:\/\/eudr.co\/fr\/wp-json\/wp\/v2\/pages\/9578\/revisions"}],"predecessor-version":[{"id":9617,"href":"https:\/\/eudr.co\/fr\/wp-json\/wp\/v2\/pages\/9578\/revisions\/9617"}],"wp:attachment":[{"href":"https:\/\/eudr.co\/fr\/wp-json\/wp\/v2\/media?parent=9578"}],"curies":[{"name":"wp","href":"https:\/\/api.w.org\/{rel}","templated":true}]}}