{"id":9578,"date":"2025-08-28T13:11:04","date_gmt":"2025-08-28T13:11:04","guid":{"rendered":"https:\/\/eudr.co\/"},"modified":"2025-08-29T05:03:41","modified_gmt":"2025-08-29T05:03:41","slug":"data-and-privacy","status":"publish","type":"page","link":"https:\/\/eudr.co\/hu\/data-and-privacy\/","title":{"rendered":"Adatok \u00e9s adatv\u00e9delem"},"content":{"rendered":"<div data-elementor-type=\"wp-page\" data-elementor-id=\"9578\" class=\"elementor elementor-9578\" data-elementor-post-type=\"page\">\n\t\t\t\t<div class=\"elementor-element elementor-element-9e81f57 e-con-full e-flex e-con e-parent\" data-id=\"9e81f57\" data-element_type=\"container\" data-e-type=\"container\" data-settings=\"{&quot;background_background&quot;:&quot;classic&quot;}\">\n\t\t\t\t<div class=\"elementor-element elementor-element-f74747f elementor-widget__width-inherit elementor-widget-tablet__width-inherit elementor-invisible elementor-widget elementor-widget-heading\" data-id=\"f74747f\" data-element_type=\"widget\" data-e-type=\"widget\" data-settings=\"{&quot;_animation&quot;:&quot;fadeIn&quot;,&quot;_animation_delay&quot;:300}\" data-widget_type=\"heading.default\">\n\t\t\t\t<div class=\"elementor-widget-container\">\n\t\t\t\t\t<h1 class=\"elementor-heading-title elementor-size-default\">Adatok \u00e9s adatv\u00e9delem<\/h1>\t\t\t\t<\/div>\n\t\t\t\t<\/div>\n\t\t\t\t<\/div>\n\t\t<div class=\"elementor-element elementor-element-aac1404 e-flex e-con-boxed e-con e-parent\" data-id=\"aac1404\" data-element_type=\"container\" data-e-type=\"container\" data-settings=\"{&quot;background_background&quot;:&quot;classic&quot;}\">\n\t\t\t\t\t<div class=\"e-con-inner\">\n\t\t\t\t<div class=\"elementor-element elementor-element-9ce5024 elementor-widget__width-inherit elementor-widget-tablet__width-inherit elementor-invisible elementor-widget elementor-widget-heading\" data-id=\"9ce5024\" data-element_type=\"widget\" data-e-type=\"widget\" data-settings=\"{&quot;_animation&quot;:&quot;fadeIn&quot;,&quot;_animation_delay&quot;:300}\" data-widget_type=\"heading.default\">\n\t\t\t\t<div class=\"elementor-widget-container\">\n\t\t\t\t\t<h3 class=\"elementor-heading-title elementor-size-default\">GDPR (\u00e1ltal\u00e1nos adatv\u00e9delmi rendelet)<\/h3>\t\t\t\t<\/div>\n\t\t\t\t<\/div>\n\t\t\t\t<div class=\"elementor-element elementor-element-d3366eb elementor-widget__width-inherit elementor-widget elementor-widget-text-editor\" data-id=\"d3366eb\" data-element_type=\"widget\" data-e-type=\"widget\" data-widget_type=\"text-editor.default\">\n\t\t\t\t<div class=\"elementor-widget-container\">\n\t\t\t\t\t\t\t\t\t<p>Adatkezel\u00e9s: Edur betartja a GDPR el\u0151\u00edr\u00e1sait<br \/>Az Edur AI nagy hangs\u00falyt fektet az \u00fcgyfelek mag\u00e1n\u00e9let\u00e9nek tiszteletben tart\u00e1s\u00e1ra, k\u00fcl\u00f6n\u00f6sen az adatfelhaszn\u00e1l\u00e1s tekintet\u00e9ben. A projektekhez kapcsol\u00f3d\u00f3 minden adatot \u00e9s inform\u00e1ci\u00f3t az \u00e1ltal\u00e1nos adatv\u00e9delmi rendeletben (GDPR) meghat\u00e1rozott elveknek megfelel\u0151en gy\u0171jt\u00fcnk \u00e9s t\u00e1rolunk.<\/p>\t\t\t\t\t\t\t\t<\/div>\n\t\t\t\t<\/div>\n\t\t\t\t<div class=\"elementor-element elementor-element-046b789 elementor-widget__width-inherit elementor-widget-tablet__width-inherit elementor-invisible elementor-widget elementor-widget-heading\" data-id=\"046b789\" data-element_type=\"widget\" data-e-type=\"widget\" data-settings=\"{&quot;_animation&quot;:&quot;fadeIn&quot;,&quot;_animation_delay&quot;:300}\" data-widget_type=\"heading.default\">\n\t\t\t\t<div class=\"elementor-widget-container\">\n\t\t\t\t\t<h3 class=\"elementor-heading-title elementor-size-default\">Hogyan kezelj\u00fck az adatokat\n<\/h3>\t\t\t\t<\/div>\n\t\t\t\t<\/div>\n\t\t\t\t<div class=\"elementor-element elementor-element-f35c7c4 elementor-widget__width-inherit elementor-widget elementor-widget-text-editor\" data-id=\"f35c7c4\" data-element_type=\"widget\" data-e-type=\"widget\" data-widget_type=\"text-editor.default\">\n\t\t\t\t<div class=\"elementor-widget-container\">\n\t\t\t\t\t\t\t\t\t<p>Elk\u00f6telezetts\u00e9g\u00fcnk bizony\u00edt\u00e1s\u00e1ra a GDPR ir\u00e1nyelveit k\u00f6vetve a legnagyobb gondoss\u00e1ggal kezelj\u00fck az adatokat, \u00e9s int\u00e9zked\u00e9seket tesz\u00fcnk az adatok anonimiz\u00e1l\u00e1s\u00e1ra a fokozott adatv\u00e9delem \u00e9rdek\u00e9ben. Minden adatel\u0151k\u00e9sz\u00edt\u00e9st apr\u00f3l\u00e9kosan, a glob\u00e1lis szabv\u00e1nyokhoz igazodva v\u00e9gz\u00fcnk. Minden \u00fcgyf\u00e9l sz\u00e1m\u00e1ra r\u00e9szletes, az adott adatt\u00edpusra vonatkoz\u00f3 felt\u00e9teleket biztos\u00edtunk az adatgy\u0171jt\u00e9ssel \u00e9s annak felhaszn\u00e1l\u00e1s\u00e1val kapcsolatban.<\/p>\t\t\t\t\t\t\t\t<\/div>\n\t\t\t\t<\/div>\n\t\t\t\t<div class=\"elementor-element elementor-element-ba2765f elementor-widget__width-inherit elementor-widget elementor-widget-text-editor\" data-id=\"ba2765f\" data-element_type=\"widget\" data-e-type=\"widget\" data-widget_type=\"text-editor.default\">\n\t\t\t\t<div class=\"elementor-widget-container\">\n\t\t\t\t\t\t\t\t\t<p>Az Edur \u00e1ltal gy\u0171jt\u00f6tt valamennyi adatot jogszer\u0171en, tisztess\u00e9gesen \u00e9s \u00e1tl\u00e1that\u00f3 m\u00f3don, az \u00e9rintettek jogainak tiszteletben tart\u00e1s\u00e1val dolgozza fel. Az AI Superior alaposan meghat\u00e1rozza, hogy milyen c\u00e9lokra \u00e9s m\u00f3dszerekkel haszn\u00e1lhatja fel az \u00f6sszegy\u0171jt\u00f6tt adatokat. Az \u00f6sszegy\u0171jt\u00f6tt adatok konkr\u00e9tak, egy\u00e9rtelm\u0171ek \u00e9s kiz\u00e1r\u00f3lag jogszer\u0171 c\u00e9lokra haszn\u00e1lhat\u00f3k. Biztos\u00edtjuk, hogy az \u00d6n adatait k\u00e9pzett szakemberek kezelik biztons\u00e1gosan, akik tiszt\u00e1ban vannak a mag\u00e1n\u00e9let fontoss\u00e1g\u00e1val.<\/p>\t\t\t\t\t\t\t\t<\/div>\n\t\t\t\t<\/div>\n\t\t\t\t<div class=\"elementor-element elementor-element-b52f1c8 elementor-widget__width-inherit elementor-widget-tablet__width-inherit elementor-invisible elementor-widget elementor-widget-heading\" data-id=\"b52f1c8\" data-element_type=\"widget\" data-e-type=\"widget\" data-settings=\"{&quot;_animation&quot;:&quot;fadeIn&quot;,&quot;_animation_delay&quot;:300}\" data-widget_type=\"heading.default\">\n\t\t\t\t<div class=\"elementor-widget-container\">\n\t\t\t\t\t<h3 class=\"elementor-heading-title elementor-size-default\">Hogyan v\u00e9dj\u00fck az adatokat\n<\/h3>\t\t\t\t<\/div>\n\t\t\t\t<\/div>\n\t\t\t\t<div class=\"elementor-element elementor-element-6262344 elementor-widget__width-inherit elementor-widget elementor-widget-text-editor\" data-id=\"6262344\" data-element_type=\"widget\" data-e-type=\"widget\" data-widget_type=\"text-editor.default\">\n\t\t\t\t<div class=\"elementor-widget-container\">\n\t\t\t\t\t\t\t\t\t<p>Az Edur magas szint\u0171 adatv\u00e9delmet garant\u00e1l minden \u00fcgyf\u00e9l sz\u00e1m\u00e1ra. Mivel az adatok d\u00f6nt\u0151 szerepet j\u00e1tszanak az AI \u00e9s a g\u00e9pi tanul\u00e1si folyamatokban, minden l\u00e9p\u00e9st megtesz\u00fcnk az adatmin\u0151s\u00e9g biztos\u00edt\u00e1sa \u00e9rdek\u00e9ben, mik\u00f6zben az \u00d6n adatv\u00e9delm\u00e9t kiemelten kezelj\u00fck. A GDPR-elj\u00e1r\u00e1s kiemelten fontos sz\u00e1munkra.<\/p>\t\t\t\t\t\t\t\t<\/div>\n\t\t\t\t<\/div>\n\t\t\t\t<div class=\"elementor-element elementor-element-75780c4 elementor-widget__width-inherit elementor-widget elementor-widget-text-editor\" data-id=\"75780c4\" data-element_type=\"widget\" data-e-type=\"widget\" data-widget_type=\"text-editor.default\">\n\t\t\t\t<div class=\"elementor-widget-container\">\n\t\t\t\t\t\t\t\t\t<p>Az \u00fcgyf\u00e9ladatokat \u00e9rt\u00e9kes \u00e9rt\u00e9kk\u00e9nt kezelj\u00fck, \u00e9s azok \u00e1tv\u00e9telekor teljes k\u00f6r\u0171 v\u00e9delmet biztos\u00edtunk rendszereinkben. Minden sz\u00fcks\u00e9ges \u00e9s relev\u00e1ns biztons\u00e1gi int\u00e9zked\u00e9st v\u00e9grehajtunk az adatok \u00e9s a rendeltet\u00e9s\u00fck v\u00e9delme \u00e9rdek\u00e9ben. Ezenk\u00edv\u00fcl az adatokat olyan form\u00e1tumban t\u00e1roljuk, amely lehet\u0151v\u00e9 teszi az azonos\u00edt\u00e1st, \u00e9s biztons\u00e1gosan feldolgozzuk azokat, v\u00e9dve a v\u00e9letlen elveszt\u00e9s, s\u00e9r\u00fcl\u00e9s, jogosulatlan feldolgoz\u00e1s \u00e9s egy\u00e9b potenci\u00e1lis kock\u00e1zatok ellen.<\/p>\t\t\t\t\t\t\t\t<\/div>\n\t\t\t\t<\/div>\n\t\t\t\t<div class=\"elementor-element elementor-element-69a5504 elementor-widget__width-inherit elementor-widget elementor-widget-text-editor\" data-id=\"69a5504\" data-element_type=\"widget\" data-e-type=\"widget\" data-widget_type=\"text-editor.default\">\n\t\t\t\t<div class=\"elementor-widget-container\">\n\t\t\t\t\t\t\t\t\t<p>Az Edur mindig az \u00e9len j\u00e1r, meger\u0151s\u00edtve elk\u00f6telezetts\u00e9g\u00fcnket a kiv\u00e1l\u00f3 min\u0151s\u00e9g\u0171 megold\u00e1sok ny\u00fajt\u00e1sa ir\u00e1nt. Biztos lehet benne, hogy a pr\u00e9mium min\u0151s\u00e9g\u0171 szolg\u00e1ltat\u00e1sok ny\u00fajt\u00e1sa ir\u00e1nti elk\u00f6telezetts\u00e9g\u00fcnk tov\u00e1bbra is t\u00f6retlen.<\/p>\t\t\t\t\t\t\t\t<\/div>\n\t\t\t\t<\/div>\n\t\t\t\t\t<\/div>\n\t\t\t\t<\/div>\n\t\t\t\t<\/div>","protected":false},"excerpt":{"rendered":"<p>Data and Privacy GDPR (General Data Protection Regulation) Data Handling: Edur adheres to GDPR regulationsEdur AI places great importance on respecting the privacy of all customers, particularly when it comes to data usage. Any data and information involved in projects are collected and stored in accordance with the principles set forth in the General Data [&hellip;]<\/p>\n","protected":false},"author":2,"featured_media":0,"parent":0,"menu_order":0,"comment_status":"closed","ping_status":"closed","template":"elementor_header_footer","meta":{"footnotes":""},"class_list":["post-9578","page","type-page","status-publish","hentry"],"_links":{"self":[{"href":"https:\/\/eudr.co\/hu\/wp-json\/wp\/v2\/pages\/9578","targetHints":{"allow":["GET"]}}],"collection":[{"href":"https:\/\/eudr.co\/hu\/wp-json\/wp\/v2\/pages"}],"about":[{"href":"https:\/\/eudr.co\/hu\/wp-json\/wp\/v2\/types\/page"}],"author":[{"embeddable":true,"href":"https:\/\/eudr.co\/hu\/wp-json\/wp\/v2\/users\/2"}],"replies":[{"embeddable":true,"href":"https:\/\/eudr.co\/hu\/wp-json\/wp\/v2\/comments?post=9578"}],"version-history":[{"count":13,"href":"https:\/\/eudr.co\/hu\/wp-json\/wp\/v2\/pages\/9578\/revisions"}],"predecessor-version":[{"id":9617,"href":"https:\/\/eudr.co\/hu\/wp-json\/wp\/v2\/pages\/9578\/revisions\/9617"}],"wp:attachment":[{"href":"https:\/\/eudr.co\/hu\/wp-json\/wp\/v2\/media?parent=9578"}],"curies":[{"name":"wp","href":"https:\/\/api.w.org\/{rel}","templated":true}]}}