{"id":9589,"date":"2025-08-28T13:17:29","date_gmt":"2025-08-28T13:17:29","guid":{"rendered":"https:\/\/eudr.co\/"},"modified":"2025-08-29T05:07:04","modified_gmt":"2025-08-29T05:07:04","slug":"privacy-policy","status":"publish","type":"page","link":"https:\/\/eudr.co\/hu\/privacy-policy\/","title":{"rendered":"Adatv\u00e9delmi ir\u00e1nyelvek"},"content":{"rendered":"<div data-elementor-type=\"wp-page\" data-elementor-id=\"9589\" class=\"elementor elementor-9589\" data-elementor-post-type=\"page\">\n\t\t\t\t<div class=\"elementor-element elementor-element-51bfd37 e-con-full e-flex e-con e-parent\" data-id=\"51bfd37\" data-element_type=\"container\" data-e-type=\"container\" data-settings=\"{&quot;background_background&quot;:&quot;classic&quot;}\">\n\t\t\t\t<div class=\"elementor-element elementor-element-4a271de elementor-widget__width-inherit elementor-widget-tablet__width-inherit elementor-invisible elementor-widget elementor-widget-heading\" data-id=\"4a271de\" data-element_type=\"widget\" data-e-type=\"widget\" data-settings=\"{&quot;_animation&quot;:&quot;fadeIn&quot;,&quot;_animation_delay&quot;:300}\" data-widget_type=\"heading.default\">\n\t\t\t\t<div class=\"elementor-widget-container\">\n\t\t\t\t\t<h1 class=\"elementor-heading-title elementor-size-default\">Adatv\u00e9delmi ir\u00e1nyelvek\n<\/h1>\t\t\t\t<\/div>\n\t\t\t\t<\/div>\n\t\t\t\t<\/div>\n\t\t<div class=\"elementor-element elementor-element-c731c8d e-flex e-con-boxed e-con e-parent\" data-id=\"c731c8d\" data-element_type=\"container\" data-e-type=\"container\" data-settings=\"{&quot;background_background&quot;:&quot;classic&quot;}\">\n\t\t\t\t\t<div class=\"e-con-inner\">\n\t\t\t\t<div class=\"elementor-element elementor-element-40310ff elementor-widget__width-inherit elementor-widget-tablet__width-inherit elementor-invisible elementor-widget elementor-widget-heading\" data-id=\"40310ff\" data-element_type=\"widget\" data-e-type=\"widget\" data-settings=\"{&quot;_animation&quot;:&quot;fadeIn&quot;,&quot;_animation_delay&quot;:300}\" data-widget_type=\"heading.default\">\n\t\t\t\t<div class=\"elementor-widget-container\">\n\t\t\t\t\t<h3 class=\"elementor-heading-title elementor-size-default\">Bevezet\u00e9s\n<\/h3>\t\t\t\t<\/div>\n\t\t\t\t<\/div>\n\t\t\t\t<div class=\"elementor-element elementor-element-54a1c6d elementor-widget__width-inherit elementor-widget elementor-widget-text-editor\" data-id=\"54a1c6d\" data-element_type=\"widget\" data-e-type=\"widget\" data-widget_type=\"text-editor.default\">\n\t\t\t\t<div class=\"elementor-widget-container\">\n\t\t\t\t\t\t\t\t\t<p>Ez az adatv\u00e9delmi szab\u00e1lyzat az Eudr GmbH \u00e1ltal k\u00edn\u00e1lt online szolg\u00e1ltat\u00e1sokra vonatkozik, amelyek a k\u00f6vetkez\u0151k\u00f6n kereszt\u00fcl \u00e9rhet\u0151k el <a href=\"https:\/\/eudr.co\/hu\/\">https:\/\/eudr.co\/<\/a> (\"a weboldal\") vagy app.eudr.tech (\"az alkalmaz\u00e1s\"). Az adatv\u00e9delem ir\u00e1nti elk\u00f6telezetts\u00e9g\u00fcnk kiemelked\u0151en fontos, \u00e9s ez a dokumentum elmagyar\u00e1zza, hogyan kezelj\u00fck a weboldalon vagy az alkalmaz\u00e1son gy\u0171jt\u00f6tt \u00e9s r\u00f6gz\u00edtett inform\u00e1ci\u00f3kat. Adatv\u00e9delmi szab\u00e1lyzatunkkal kapcsolatos tov\u00e1bbi k\u00e9rd\u00e9sek\u00e9rt vagy inform\u00e1ci\u00f3k\u00e9rt k\u00e9rj\u00fck, l\u00e9pjen kapcsolatba vel\u00fcnk.<\/p>\t\t\t\t\t\t\t\t<\/div>\n\t\t\t\t<\/div>\n\t\t\t\t<div class=\"elementor-element elementor-element-4a95a8b elementor-widget__width-inherit elementor-widget-tablet__width-inherit elementor-invisible elementor-widget elementor-widget-heading\" data-id=\"4a95a8b\" data-element_type=\"widget\" data-e-type=\"widget\" data-settings=\"{&quot;_animation&quot;:&quot;fadeIn&quot;,&quot;_animation_delay&quot;:300}\" data-widget_type=\"heading.default\">\n\t\t\t\t<div class=\"elementor-widget-container\">\n\t\t\t\t\t<h3 class=\"elementor-heading-title elementor-size-default\">Az adatv\u00e9delmi ir\u00e1nyelvek v\u00e1ltoz\u00e1sai \u00e9s friss\u00edt\u00e9sei\n<\/h3>\t\t\t\t<\/div>\n\t\t\t\t<\/div>\n\t\t\t\t<div class=\"elementor-element elementor-element-be567b4 elementor-widget__width-inherit elementor-widget elementor-widget-text-editor\" data-id=\"be567b4\" data-element_type=\"widget\" data-e-type=\"widget\" data-widget_type=\"text-editor.default\">\n\t\t\t\t<div class=\"elementor-widget-container\">\n\t\t\t\t\t\t\t\t\t<p>Fenntartjuk a jogot az Adatv\u00e9delmi szab\u00e1lyzat m\u00f3dos\u00edt\u00e1s\u00e1ra. A jelent\u0151s v\u00e1ltoz\u00e1sokr\u00f3l a weboldalunkon vagy m\u00e1s m\u00f3don t\u00e1j\u00e9koztatjuk \u00d6nt, \u00edgy biztos\u00edtva, hogy mindig tiszt\u00e1ban legyen az \u00e1ltalunk gy\u0171jt\u00f6tt inform\u00e1ci\u00f3kkal, azok felhaszn\u00e1l\u00e1si m\u00f3dj\u00e1val \u00e9s azzal, hogy milyen k\u00f6r\u00fclm\u00e9nyek k\u00f6z\u00f6tt, ha egy\u00e1ltal\u00e1n, nyilv\u00e1noss\u00e1gra hozzuk azokat.<\/p>\t\t\t\t\t\t\t\t<\/div>\n\t\t\t\t<\/div>\n\t\t\t\t<div class=\"elementor-element elementor-element-39a3bb9 elementor-widget__width-inherit elementor-widget-tablet__width-inherit elementor-invisible elementor-widget elementor-widget-heading\" data-id=\"39a3bb9\" data-element_type=\"widget\" data-e-type=\"widget\" data-settings=\"{&quot;_animation&quot;:&quot;fadeIn&quot;,&quot;_animation_delay&quot;:300}\" data-widget_type=\"heading.default\">\n\t\t\t\t<div class=\"elementor-widget-container\">\n\t\t\t\t\t<h3 class=\"elementor-heading-title elementor-size-default\">Adatgy\u0171jt\u00e9s \u00e9s -felhaszn\u00e1l\u00e1s\n<\/h3>\t\t\t\t<\/div>\n\t\t\t\t<\/div>\n\t\t\t\t<div class=\"elementor-element elementor-element-5841cbd elementor-widget__width-inherit elementor-widget-tablet__width-inherit elementor-invisible elementor-widget elementor-widget-heading\" data-id=\"5841cbd\" data-element_type=\"widget\" data-e-type=\"widget\" data-settings=\"{&quot;_animation&quot;:&quot;fadeIn&quot;,&quot;_animation_delay&quot;:300}\" data-widget_type=\"heading.default\">\n\t\t\t\t<div class=\"elementor-widget-container\">\n\t\t\t\t\t<h5 class=\"elementor-heading-title elementor-size-default\">Napl\u00f3f\u00e1jlok\n<\/h5>\t\t\t\t<\/div>\n\t\t\t\t<\/div>\n\t\t\t\t<div class=\"elementor-element elementor-element-7a6b37f elementor-widget__width-inherit elementor-widget elementor-widget-text-editor\" data-id=\"7a6b37f\" data-element_type=\"widget\" data-e-type=\"widget\" data-widget_type=\"text-editor.default\">\n\t\t\t\t<div class=\"elementor-widget-container\">\n\t\t\t\t\t\t\t\t\t<p>\u00c1ltal\u00e1nos gyakorlatunk r\u00e9szek\u00e9nt napl\u00f3f\u00e1jlok seg\u00edts\u00e9g\u00e9vel gy\u0171jt\u00fcnk adatokat. Ezek az adatok tartalmazhatnak internetprotokoll (IP) c\u00edmeket, b\u00f6ng\u00e9sz\u0151 t\u00edpusokat, internetszolg\u00e1ltat\u00f3kat, d\u00e1tum\/id\u0151 b\u00e9lyegeket, hivatkoz\u00f3\/kil\u00e9p\u0151 oldalakat \u00e9s kattint\u00e1ssz\u00e1mokat, amelyek seg\u00edtik a trendelemz\u00e9st, a webhely adminisztr\u00e1ci\u00f3j\u00e1t, a felhaszn\u00e1l\u00f3i mozg\u00e1sok nyomon k\u00f6vet\u00e9s\u00e9t \u00e9s a demogr\u00e1fiai inform\u00e1ci\u00f3k gy\u0171jt\u00e9s\u00e9t.<\/p>\t\t\t\t\t\t\t\t<\/div>\n\t\t\t\t<\/div>\n\t\t\t\t<div class=\"elementor-element elementor-element-52760e1 elementor-widget__width-inherit elementor-widget-tablet__width-inherit elementor-invisible elementor-widget elementor-widget-heading\" data-id=\"52760e1\" data-element_type=\"widget\" data-e-type=\"widget\" data-settings=\"{&quot;_animation&quot;:&quot;fadeIn&quot;,&quot;_animation_delay&quot;:300}\" data-widget_type=\"heading.default\">\n\t\t\t\t<div class=\"elementor-widget-container\">\n\t\t\t\t\t<h5 class=\"elementor-heading-title elementor-size-default\">S\u00fctik \u00e9s webjelz\u0151k\n<\/h5>\t\t\t\t<\/div>\n\t\t\t\t<\/div>\n\t\t\t\t<div class=\"elementor-element elementor-element-6be8ec0 elementor-widget__width-inherit elementor-widget elementor-widget-text-editor\" data-id=\"6be8ec0\" data-element_type=\"widget\" data-e-type=\"widget\" data-widget_type=\"text-editor.default\">\n\t\t\t\t<div class=\"elementor-widget-container\">\n\t\t\t\t\t\t\t\t\t<p>S\u00fctiket haszn\u00e1lunk a l\u00e1togat\u00f3k preferenci\u00e1ira \u00e9s a weboldal vagy az alkalmaz\u00e1s azon oldalaira vonatkoz\u00f3 inform\u00e1ci\u00f3k t\u00e1rol\u00e1s\u00e1ra, amelyekhez a l\u00e1togat\u00f3 hozz\u00e1f\u00e9rt vagy amelyeket megl\u00e1togatott, a felhaszn\u00e1l\u00f3i \u00e9lm\u00e9ny optimaliz\u00e1l\u00e1sa \u00e9rdek\u00e9ben, a weboldal tartalm\u00e1nak a l\u00e1togat\u00f3k b\u00f6ng\u00e9sz\u0151t\u00edpusa \u00e9s\/vagy egy\u00e9b inform\u00e1ci\u00f3i alapj\u00e1n t\u00f6rt\u00e9n\u0151 szem\u00e9lyre szab\u00e1s\u00e1val.<\/p>\t\t\t\t\t\t\t\t<\/div>\n\t\t\t\t<\/div>\n\t\t\t\t<div class=\"elementor-element elementor-element-4b0e490 elementor-widget__width-inherit elementor-widget-tablet__width-inherit elementor-invisible elementor-widget elementor-widget-heading\" data-id=\"4b0e490\" data-element_type=\"widget\" data-e-type=\"widget\" data-settings=\"{&quot;_animation&quot;:&quot;fadeIn&quot;,&quot;_animation_delay&quot;:300}\" data-widget_type=\"heading.default\">\n\t\t\t\t<div class=\"elementor-widget-container\">\n\t\t\t\t\t<h5 class=\"elementor-heading-title elementor-size-default\">Google API szolg\u00e1ltat\u00e1sok\n<\/h5>\t\t\t\t<\/div>\n\t\t\t\t<\/div>\n\t\t\t\t<div class=\"elementor-element elementor-element-fad570f elementor-widget__width-inherit elementor-widget elementor-widget-text-editor\" data-id=\"fad570f\" data-element_type=\"widget\" data-e-type=\"widget\" data-widget_type=\"text-editor.default\">\n\t\t\t\t<div class=\"elementor-widget-container\">\n\t\t\t\t\t\t\t\t\t<p>A Google API-szolg\u00e1ltat\u00e1sok felhaszn\u00e1l\u00f3i adatokra vonatkoz\u00f3 szab\u00e1lyzat\u00e1nak megfelel\u0151en a Google felhaszn\u00e1l\u00f3i adatok lek\u00e9rdez\u00e9sekor pontosan k\u00e9pviselj\u00fck szem\u00e9lyazonoss\u00e1gunkat \u00e9s sz\u00e1nd\u00e9kainkat. Egy\u00e9rtelm\u0171en k\u00f6zz\u00e9tessz\u00fck:<\/p><ul><li><strong>Identit\u00e1s<\/strong>: A Google felhaszn\u00e1l\u00f3i adatokhoz hozz\u00e1f\u00e9r\u0151 alkalmaz\u00e1sunk azonos\u00edt\u00f3ja.<\/li><li><strong>K\u00e9rt adatok<\/strong>: A Google \u00e1ltalunk k\u00e9rt felhaszn\u00e1l\u00f3i adatok t\u00edpusai.<\/li><li><strong>C\u00e9l<\/strong>: A Google felhaszn\u00e1l\u00f3i adatok lek\u00e9rdez\u00e9s\u00e9nek c\u00e9ljai.<\/li><\/ul>\t\t\t\t\t\t\t\t<\/div>\n\t\t\t\t<\/div>\n\t\t\t\t<div class=\"elementor-element elementor-element-c4fef8c elementor-widget__width-inherit elementor-widget-tablet__width-inherit elementor-invisible elementor-widget elementor-widget-heading\" data-id=\"c4fef8c\" data-element_type=\"widget\" data-e-type=\"widget\" data-settings=\"{&quot;_animation&quot;:&quot;fadeIn&quot;,&quot;_animation_delay&quot;:300}\" data-widget_type=\"heading.default\">\n\t\t\t\t<div class=\"elementor-widget-container\">\n\t\t\t\t\t<h5 class=\"elementor-heading-title elementor-size-default\">Harmadik f\u00e9l hirdet\u0151k \u00e9s adatv\u00e9delmi ir\u00e1nyelvek\n<\/h5>\t\t\t\t<\/div>\n\t\t\t\t<\/div>\n\t\t\t\t<div class=\"elementor-element elementor-element-16d0dd1 elementor-widget__width-inherit elementor-widget elementor-widget-text-editor\" data-id=\"16d0dd1\" data-element_type=\"widget\" data-e-type=\"widget\" data-widget_type=\"text-editor.default\">\n\t\t\t\t<div class=\"elementor-widget-container\">\n\t\t\t\t\t\t\t\t\t<p>Harmadik f\u00e9lt\u0151l sz\u00e1rmaz\u00f3 hirdet\u00e9si szervereket vagy h\u00e1l\u00f3zatokat haszn\u00e1lunk, amelyek a weboldalon vagy az alkalmaz\u00e1sban tal\u00e1lhat\u00f3 hirdet\u00e9seikben \u00e9s linkjeikben olyan technol\u00f3gi\u00e1kat haszn\u00e1lnak, mint a cookie-k, JavaScript vagy webjelz\u0151k. Az \u0151 gyakorlatukat a vonatkoz\u00f3 adatv\u00e9delmi ir\u00e1nyelvek r\u00e9szletezik.<\/p>\t\t\t\t\t\t\t\t<\/div>\n\t\t\t\t<\/div>\n\t\t\t\t<div class=\"elementor-element elementor-element-c8e8bd8 elementor-widget__width-inherit elementor-widget elementor-widget-text-editor\" data-id=\"c8e8bd8\" data-element_type=\"widget\" data-e-type=\"widget\" data-widget_type=\"text-editor.default\">\n\t\t\t\t<div class=\"elementor-widget-container\">\n\t\t\t\t\t\t\t\t\t<div class=\"elementor-element elementor-element-4cde19d elementor-widget elementor-widget-text-editor\" data-id=\"4cde19d\" data-element_type=\"widget\" data-widget_type=\"text-editor.default\"><p><strong>Google bejelentkez\u00e9s<\/strong>: A hiteles\u00edt\u00e9shez a Google Sign-In-t haszn\u00e1ljuk, betartva a Google API-szolg\u00e1ltat\u00e1sok felhaszn\u00e1l\u00f3i adatkezel\u00e9si szab\u00e1lyzat\u00e1t, bele\u00e9rtve az \u00e1tl\u00e1that\u00f3 adathozz\u00e1f\u00e9r\u00e9st \u00e9s a felhaszn\u00e1l\u00e1s nyilv\u00e1noss\u00e1gra hozatal\u00e1t.<\/p><\/div>\t\t\t\t\t\t\t\t<\/div>\n\t\t\t\t<\/div>\n\t\t\t\t<div class=\"elementor-element elementor-element-117caba elementor-widget__width-inherit elementor-widget-tablet__width-inherit elementor-invisible elementor-widget elementor-widget-heading\" data-id=\"117caba\" data-element_type=\"widget\" data-e-type=\"widget\" data-settings=\"{&quot;_animation&quot;:&quot;fadeIn&quot;,&quot;_animation_delay&quot;:300}\" data-widget_type=\"heading.default\">\n\t\t\t\t<div class=\"elementor-widget-container\">\n\t\t\t\t\t<h5 class=\"elementor-heading-title elementor-size-default\">Gyermekinform\u00e1ci\u00f3k\n<\/h5>\t\t\t\t<\/div>\n\t\t\t\t<\/div>\n\t\t\t\t<div class=\"elementor-element elementor-element-c151d9a elementor-widget__width-inherit elementor-widget elementor-widget-text-editor\" data-id=\"c151d9a\" data-element_type=\"widget\" data-e-type=\"widget\" data-widget_type=\"text-editor.default\">\n\t\t\t\t<div class=\"elementor-widget-container\">\n\t\t\t\t\t\t\t\t\tTudatosan nem gy\u0171jt\u00fcnk szem\u00e9lyes adatokat 13 \u00e9v alatti gyermekekt\u0151l. A harmadik f\u00e9lt\u0151l sz\u00e1rmaz\u00f3 hirdet\u00e9si technol\u00f3gi\u00e1k haszn\u00e1lat\u00e1ra az adott f\u00e9l adatv\u00e9delmi ir\u00e1nyelvei vonatkoznak.\n\n\t\t\t\t\t\t\t\t<\/div>\n\t\t\t\t<\/div>\n\t\t\t\t<div class=\"elementor-element elementor-element-5266b1a elementor-widget__width-inherit elementor-widget elementor-widget-text-editor\" data-id=\"5266b1a\" data-element_type=\"widget\" data-e-type=\"widget\" data-widget_type=\"text-editor.default\">\n\t\t\t\t<div class=\"elementor-widget-container\">\n\t\t\t\t\t\t\t\t\t<div class=\"elementor-element elementor-element-cc2d6ad elementor-widget elementor-widget-text-editor\" data-id=\"cc2d6ad\" data-element_type=\"widget\" data-widget_type=\"text-editor.default\"><p><strong>Gyermekek \u00e1ltal ir\u00e1ny\u00edtott alkalmaz\u00e1sok<\/strong>: Betartjuk a gyermekek online adatainak v\u00e9delm\u00e9r\u0151l sz\u00f3l\u00f3 t\u00f6rv\u00e9nyt (COPPA), \u00e9s nem haszn\u00e1ljuk a Google Sign-In-t vagy m\u00e1s Google API-szolg\u00e1ltat\u00e1sokat, amelyek els\u0151sorban gyermekeknek sz\u00e1nt alkalmaz\u00e1sokban hozz\u00e1f\u00e9rnek a Google-fi\u00f3khoz kapcsol\u00f3d\u00f3 adatokhoz.<\/p><\/div>\t\t\t\t\t\t\t\t<\/div>\n\t\t\t\t<\/div>\n\t\t\t\t<div class=\"elementor-element elementor-element-7a67280 elementor-widget__width-inherit elementor-widget-tablet__width-inherit elementor-invisible elementor-widget elementor-widget-heading\" data-id=\"7a67280\" data-element_type=\"widget\" data-e-type=\"widget\" data-settings=\"{&quot;_animation&quot;:&quot;fadeIn&quot;,&quot;_animation_delay&quot;:300}\" data-widget_type=\"heading.default\">\n\t\t\t\t<div class=\"elementor-widget-container\">\n\t\t\t\t\t<h5 class=\"elementor-heading-title elementor-size-default\">Biztons\u00e1g \u00e9s adatv\u00e9delem\n<\/h5>\t\t\t\t<\/div>\n\t\t\t\t<\/div>\n\t\t\t\t<div class=\"elementor-element elementor-element-ba6534f elementor-widget__width-inherit elementor-widget elementor-widget-text-editor\" data-id=\"ba6534f\" data-element_type=\"widget\" data-e-type=\"widget\" data-widget_type=\"text-editor.default\">\n\t\t\t\t<div class=\"elementor-widget-container\">\n\t\t\t\t\t\t\t\t\t<p>Gondoskodunk az adatok biztons\u00e1g\u00e1r\u00f3l a sz\u00e1ll\u00edt\u00e1s sor\u00e1n \u00e9s a nyugalmi \u00e1llapotban, \u00e9s megfelel\u0151 l\u00e9p\u00e9seket tesz\u00fcnk a jogosulatlan vagy jogellenes hozz\u00e1f\u00e9r\u00e9s, felhaszn\u00e1l\u00e1s, megsemmis\u00edt\u00e9s, elveszt\u00e9s, megv\u00e1ltoztat\u00e1s vagy nyilv\u00e1noss\u00e1gra hozatal elleni v\u00e9delem \u00e9rdek\u00e9ben.<\/p>\t\t\t\t\t\t\t\t<\/div>\n\t\t\t\t<\/div>\n\t\t\t\t<div class=\"elementor-element elementor-element-8ea5897 elementor-widget__width-inherit elementor-widget elementor-widget-text-editor\" data-id=\"8ea5897\" data-element_type=\"widget\" data-e-type=\"widget\" data-widget_type=\"text-editor.default\">\n\t\t\t\t<div class=\"elementor-widget-container\">\n\t\t\t\t\t\t\t\t\t<div class=\"elementor-element elementor-element-73c78ca elementor-widget elementor-widget-text-editor\" data-id=\"73c78ca\" data-element_type=\"widget\" data-widget_type=\"text-editor.default\"><p><strong>Google API szolg\u00e1ltat\u00e1sok<\/strong>: A Google API-szolg\u00e1ltat\u00e1sokat haszn\u00e1l\u00f3 alkalmaz\u00e1sok \u00e9s rendszerek sz\u00e1m\u00e1ra biztons\u00e1gos m\u0171k\u00f6d\u00e9si k\u00f6rnyezetet tartunk fenn, betartva a Google biztons\u00e1gi \u00e9s adatv\u00e9delmi k\u00f6vetelm\u00e9nyeit.<\/p><\/div>\t\t\t\t\t\t\t\t<\/div>\n\t\t\t\t<\/div>\n\t\t\t\t<div class=\"elementor-element elementor-element-027b095 elementor-widget__width-inherit elementor-widget-tablet__width-inherit elementor-invisible elementor-widget elementor-widget-heading\" data-id=\"027b095\" data-element_type=\"widget\" data-e-type=\"widget\" data-settings=\"{&quot;_animation&quot;:&quot;fadeIn&quot;,&quot;_animation_delay&quot;:300}\" data-widget_type=\"heading.default\">\n\t\t\t\t<div class=\"elementor-widget-container\">\n\t\t\t\t\t<h5 class=\"elementor-heading-title elementor-size-default\">Felhaszn\u00e1l\u00f3i hozz\u00e1j\u00e1rul\u00e1s \u00e9s jogok\n<\/h5>\t\t\t\t<\/div>\n\t\t\t\t<\/div>\n\t\t\t\t<div class=\"elementor-element elementor-element-b2f9411 elementor-widget__width-inherit elementor-widget elementor-widget-text-editor\" data-id=\"b2f9411\" data-element_type=\"widget\" data-e-type=\"widget\" data-widget_type=\"text-editor.default\">\n\t\t\t\t<div class=\"elementor-widget-container\">\n\t\t\t\t\t\t\t\t\t<p>Weboldalunk vagy alkalmaz\u00e1sunk haszn\u00e1lat\u00e1val \u00d6n hozz\u00e1j\u00e1rul az Adatv\u00e9delmi szab\u00e1lyzatunkhoz, \u00e9s elfogadja annak \u00c1ltal\u00e1nos Szerz\u0151d\u00e9si Felt\u00e9teleit.<\/p>\t\t\t\t\t\t\t\t<\/div>\n\t\t\t\t<\/div>\n\t\t\t\t<div class=\"elementor-element elementor-element-459d02a elementor-widget__width-inherit elementor-widget elementor-widget-text-editor\" data-id=\"459d02a\" data-element_type=\"widget\" data-e-type=\"widget\" data-widget_type=\"text-editor.default\">\n\t\t\t\t<div class=\"elementor-widget-container\">\n\t\t\t\t\t\t\t\t\t<p>A felhaszn\u00e1l\u00f3knak joguk van meg\u00e9rteni, hogyan haszn\u00e1lj\u00e1k fel adataikat, \u00e9s k\u00e9rhetik szem\u00e9lyes adataikhoz val\u00f3 hozz\u00e1f\u00e9r\u00e9st vagy azok t\u00f6rl\u00e9s\u00e9t.<\/p>\t\t\t\t\t\t\t\t<\/div>\n\t\t\t\t<\/div>\n\t\t\t\t<div class=\"elementor-element elementor-element-28ee4a1 elementor-widget__width-inherit elementor-widget-tablet__width-inherit elementor-invisible elementor-widget elementor-widget-heading\" data-id=\"28ee4a1\" data-element_type=\"widget\" data-e-type=\"widget\" data-settings=\"{&quot;_animation&quot;:&quot;fadeIn&quot;,&quot;_animation_delay&quot;:300}\" data-widget_type=\"heading.default\">\n\t\t\t\t<div class=\"elementor-widget-container\">\n\t\t\t\t\t<h5 class=\"elementor-heading-title elementor-size-default\">Kapcsolattart\u00e1si inform\u00e1ci\u00f3k\n<\/h5>\t\t\t\t<\/div>\n\t\t\t\t<\/div>\n\t\t\t\t<div class=\"elementor-element elementor-element-a84eee4 elementor-widget__width-inherit elementor-widget elementor-widget-text-editor\" data-id=\"a84eee4\" data-element_type=\"widget\" data-e-type=\"widget\" data-widget_type=\"text-editor.default\">\n\t\t\t\t<div class=\"elementor-widget-container\">\n\t\t\t\t\t\t\t\t\t<p>Adatv\u00e9delmi szab\u00e1lyzatunkkal vagy adatkezel\u00e9si gyakorlatunkkal kapcsolatos k\u00e9rd\u00e9seivel vagy agg\u00e1lyaival forduljon hozz\u00e1nk a info@eudr.com e-mail c\u00edmen.<\/p>\t\t\t\t\t\t\t\t<\/div>\n\t\t\t\t<\/div>\n\t\t\t\t<div class=\"elementor-element elementor-element-cf212c4 elementor-widget__width-inherit elementor-widget elementor-widget-text-editor\" data-id=\"cf212c4\" data-element_type=\"widget\" data-e-type=\"widget\" data-widget_type=\"text-editor.default\">\n\t\t\t\t<div class=\"elementor-widget-container\">\n\t\t\t\t\t\t\t\t\t<p>Hat\u00e1lybal\u00e9p\u00e9s d\u00e1tuma: 09.02.2024<\/p>\t\t\t\t\t\t\t\t<\/div>\n\t\t\t\t<\/div>\n\t\t\t\t\t<\/div>\n\t\t\t\t<\/div>\n\t\t\t\t<\/div>","protected":false},"excerpt":{"rendered":"<p>Privacy Policy Introduction This Privacy Policy applies to the online services offered by Eudr GmbH, accessible via https:\/\/eudr.co\/ (\u201cthe website\u201d) or app.eudr.tech (\u201cthe application\u201d). Our commitment to privacy is paramount, and this document explains how we handle information collected and recorded from the website or the application. For additional inquiries or information about our Privacy [&hellip;]<\/p>\n","protected":false},"author":2,"featured_media":0,"parent":0,"menu_order":0,"comment_status":"closed","ping_status":"closed","template":"elementor_header_footer","meta":{"footnotes":""},"class_list":["post-9589","page","type-page","status-publish","hentry"],"_links":{"self":[{"href":"https:\/\/eudr.co\/hu\/wp-json\/wp\/v2\/pages\/9589","targetHints":{"allow":["GET"]}}],"collection":[{"href":"https:\/\/eudr.co\/hu\/wp-json\/wp\/v2\/pages"}],"about":[{"href":"https:\/\/eudr.co\/hu\/wp-json\/wp\/v2\/types\/page"}],"author":[{"embeddable":true,"href":"https:\/\/eudr.co\/hu\/wp-json\/wp\/v2\/users\/2"}],"replies":[{"embeddable":true,"href":"https:\/\/eudr.co\/hu\/wp-json\/wp\/v2\/comments?post=9589"}],"version-history":[{"count":10,"href":"https:\/\/eudr.co\/hu\/wp-json\/wp\/v2\/pages\/9589\/revisions"}],"predecessor-version":[{"id":9620,"href":"https:\/\/eudr.co\/hu\/wp-json\/wp\/v2\/pages\/9589\/revisions\/9620"}],"wp:attachment":[{"href":"https:\/\/eudr.co\/hu\/wp-json\/wp\/v2\/media?parent=9589"}],"curies":[{"name":"wp","href":"https:\/\/api.w.org\/{rel}","templated":true}]}}