{"id":9578,"date":"2025-08-28T13:11:04","date_gmt":"2025-08-28T13:11:04","guid":{"rendered":"https:\/\/eudr.co\/"},"modified":"2025-08-29T05:03:41","modified_gmt":"2025-08-29T05:03:41","slug":"data-and-privacy","status":"publish","type":"page","link":"https:\/\/eudr.co\/ro\/data-and-privacy\/","title":{"rendered":"Date \u0219i confiden\u021bialitate"},"content":{"rendered":"<div data-elementor-type=\"wp-page\" data-elementor-id=\"9578\" class=\"elementor elementor-9578\" data-elementor-post-type=\"page\">\n\t\t\t\t<div class=\"elementor-element elementor-element-9e81f57 e-con-full e-flex e-con e-parent\" data-id=\"9e81f57\" data-element_type=\"container\" data-e-type=\"container\" data-settings=\"{&quot;background_background&quot;:&quot;classic&quot;}\">\n\t\t\t\t<div class=\"elementor-element elementor-element-f74747f elementor-widget__width-inherit elementor-widget-tablet__width-inherit elementor-invisible elementor-widget elementor-widget-heading\" data-id=\"f74747f\" data-element_type=\"widget\" data-e-type=\"widget\" data-settings=\"{&quot;_animation&quot;:&quot;fadeIn&quot;,&quot;_animation_delay&quot;:300}\" data-widget_type=\"heading.default\">\n\t\t\t\t<div class=\"elementor-widget-container\">\n\t\t\t\t\t<h1 class=\"elementor-heading-title elementor-size-default\">Date \u0219i confiden\u021bialitate<\/h1>\t\t\t\t<\/div>\n\t\t\t\t<\/div>\n\t\t\t\t<\/div>\n\t\t<div class=\"elementor-element elementor-element-aac1404 e-flex e-con-boxed e-con e-parent\" data-id=\"aac1404\" data-element_type=\"container\" data-e-type=\"container\" data-settings=\"{&quot;background_background&quot;:&quot;classic&quot;}\">\n\t\t\t\t\t<div class=\"e-con-inner\">\n\t\t\t\t<div class=\"elementor-element elementor-element-9ce5024 elementor-widget__width-inherit elementor-widget-tablet__width-inherit elementor-invisible elementor-widget elementor-widget-heading\" data-id=\"9ce5024\" data-element_type=\"widget\" data-e-type=\"widget\" data-settings=\"{&quot;_animation&quot;:&quot;fadeIn&quot;,&quot;_animation_delay&quot;:300}\" data-widget_type=\"heading.default\">\n\t\t\t\t<div class=\"elementor-widget-container\">\n\t\t\t\t\t<h3 class=\"elementor-heading-title elementor-size-default\">GDPR (Regulamentul general privind protec\u021bia datelor)<\/h3>\t\t\t\t<\/div>\n\t\t\t\t<\/div>\n\t\t\t\t<div class=\"elementor-element elementor-element-d3366eb elementor-widget__width-inherit elementor-widget elementor-widget-text-editor\" data-id=\"d3366eb\" data-element_type=\"widget\" data-e-type=\"widget\" data-widget_type=\"text-editor.default\">\n\t\t\t\t<div class=\"elementor-widget-container\">\n\t\t\t\t\t\t\t\t\t<p>Gestionarea datelor: Edur ader\u0103 la reglement\u0103rile GDPR<br \/>Edur AI acord\u0103 o mare importan\u021b\u0103 respect\u0103rii vie\u021bii private a tuturor clien\u021bilor, \u00een special atunci c\u00e2nd vine vorba de utilizarea datelor. Toate datele \u0219i informa\u021biile implicate \u00een proiecte sunt colectate \u0219i stocate \u00een conformitate cu principiile stabilite \u00een Regulamentul general privind protec\u021bia datelor (GDPR).<\/p>\t\t\t\t\t\t\t\t<\/div>\n\t\t\t\t<\/div>\n\t\t\t\t<div class=\"elementor-element elementor-element-046b789 elementor-widget__width-inherit elementor-widget-tablet__width-inherit elementor-invisible elementor-widget elementor-widget-heading\" data-id=\"046b789\" data-element_type=\"widget\" data-e-type=\"widget\" data-settings=\"{&quot;_animation&quot;:&quot;fadeIn&quot;,&quot;_animation_delay&quot;:300}\" data-widget_type=\"heading.default\">\n\t\t\t\t<div class=\"elementor-widget-container\">\n\t\t\t\t\t<h3 class=\"elementor-heading-title elementor-size-default\">Cum trat\u0103m datele\n<\/h3>\t\t\t\t<\/div>\n\t\t\t\t<\/div>\n\t\t\t\t<div class=\"elementor-element elementor-element-f35c7c4 elementor-widget__width-inherit elementor-widget elementor-widget-text-editor\" data-id=\"f35c7c4\" data-element_type=\"widget\" data-e-type=\"widget\" data-widget_type=\"text-editor.default\">\n\t\t\t\t<div class=\"elementor-widget-container\">\n\t\t\t\t\t\t\t\t\t<p>Pentru a demonstra dedicarea noastr\u0103, trat\u0103m datele cu cea mai mare aten\u021bie, urm\u00e2nd liniile directoare ale GDPR, \u0219i lu\u0103m m\u0103suri pentru a le anonimiza pentru o confiden\u021bialitate sporit\u0103. Toate preg\u0103tirile de date sunt efectuate meticulos, aliniindu-se standardelor globale. Termeni \u0219i condi\u021bii detaliate, relevante pentru tipul specific de date, sunt furnizate tuturor clien\u021bilor cu privire la colectarea \u0219i utilizarea datelor.<\/p>\t\t\t\t\t\t\t\t<\/div>\n\t\t\t\t<\/div>\n\t\t\t\t<div class=\"elementor-element elementor-element-ba2765f elementor-widget__width-inherit elementor-widget elementor-widget-text-editor\" data-id=\"ba2765f\" data-element_type=\"widget\" data-e-type=\"widget\" data-widget_type=\"text-editor.default\">\n\t\t\t\t<div class=\"elementor-widget-container\">\n\t\t\t\t\t\t\t\t\t<p>Fiecare dat\u0103 colectat\u0103 de Edur este prelucrat\u0103 \u00een mod legal, corect \u0219i transparent, respect\u00e2nd drepturile persoanei vizate. Scopurile \u0219i metodele prin care AI Superior poate utiliza datele colectate sunt definite \u00een detaliu. Datele colectate sunt specifice, explicite \u0219i utilizate exclusiv \u00een scopuri legitime. Ne asigur\u0103m c\u0103 datele dvs. sunt gestionate \u00een siguran\u021b\u0103 de speciali\u0219ti instrui\u021bi care \u00een\u021beleg semnifica\u021bia confiden\u021bialit\u0103\u021bii.<\/p>\t\t\t\t\t\t\t\t<\/div>\n\t\t\t\t<\/div>\n\t\t\t\t<div class=\"elementor-element elementor-element-b52f1c8 elementor-widget__width-inherit elementor-widget-tablet__width-inherit elementor-invisible elementor-widget elementor-widget-heading\" data-id=\"b52f1c8\" data-element_type=\"widget\" data-e-type=\"widget\" data-settings=\"{&quot;_animation&quot;:&quot;fadeIn&quot;,&quot;_animation_delay&quot;:300}\" data-widget_type=\"heading.default\">\n\t\t\t\t<div class=\"elementor-widget-container\">\n\t\t\t\t\t<h3 class=\"elementor-heading-title elementor-size-default\">Cum protej\u0103m datele\n<\/h3>\t\t\t\t<\/div>\n\t\t\t\t<\/div>\n\t\t\t\t<div class=\"elementor-element elementor-element-6262344 elementor-widget__width-inherit elementor-widget elementor-widget-text-editor\" data-id=\"6262344\" data-element_type=\"widget\" data-e-type=\"widget\" data-widget_type=\"text-editor.default\">\n\t\t\t\t<div class=\"elementor-widget-container\">\n\t\t\t\t\t\t\t\t\t<p>Edur garanteaz\u0103 un nivel ridicat de protec\u021bie a datelor pentru to\u021bi clien\u021bii. Deoarece datele joac\u0103 un rol crucial \u00een procesele de AI \u0219i Machine Learning, lu\u0103m toate m\u0103surile pentru a asigura calitatea datelor, acord\u00e2nd \u00een acela\u0219i timp prioritate confiden\u021bialit\u0103\u021bii dumneavoastr\u0103. Procesul GDPR este de cea mai mare importan\u021b\u0103 pentru noi.<\/p>\t\t\t\t\t\t\t\t<\/div>\n\t\t\t\t<\/div>\n\t\t\t\t<div class=\"elementor-element elementor-element-75780c4 elementor-widget__width-inherit elementor-widget elementor-widget-text-editor\" data-id=\"75780c4\" data-element_type=\"widget\" data-e-type=\"widget\" data-widget_type=\"text-editor.default\">\n\t\t\t\t<div class=\"elementor-widget-container\">\n\t\t\t\t\t\t\t\t\t<p>Pre\u021buim datele clien\u021bilor ca pe un bun valoros \u0219i, la primirea acestora, asigur\u0103m o protec\u021bie complet\u0103 \u00een cadrul sistemelor noastre. Toate m\u0103surile de securitate necesare \u0219i relevante sunt implementate pentru a proteja datele \u0219i scopurile pentru care sunt destinate. \u00cen plus, p\u0103str\u0103m datele \u00eentr-un format care permite identificarea \u0219i le prelucr\u0103m \u00een siguran\u021b\u0103, protej\u00e2ndu-le \u00eempotriva pierderilor accidentale, deterior\u0103rilor, prelucr\u0103rii neautorizate \u0219i altor riscuri poten\u021biale.<\/p>\t\t\t\t\t\t\t\t<\/div>\n\t\t\t\t<\/div>\n\t\t\t\t<div class=\"elementor-element elementor-element-69a5504 elementor-widget__width-inherit elementor-widget elementor-widget-text-editor\" data-id=\"69a5504\" data-element_type=\"widget\" data-e-type=\"widget\" data-widget_type=\"text-editor.default\">\n\t\t\t\t<div class=\"elementor-widget-container\">\n\t\t\t\t\t\t\t\t\t<p>Edur r\u0103m\u00e2ne mereu \u00een frunte, reafirm\u00e2ndu-ne angajamentul de a oferi solu\u021bii de top. Pute\u021bi fi siguri c\u0103 dedicarea noastr\u0103 pentru furnizarea de servicii premium r\u0103m\u00e2ne neclintit\u0103.<\/p>\t\t\t\t\t\t\t\t<\/div>\n\t\t\t\t<\/div>\n\t\t\t\t\t<\/div>\n\t\t\t\t<\/div>\n\t\t\t\t<\/div>","protected":false},"excerpt":{"rendered":"<p>Data and Privacy GDPR (General Data Protection Regulation) Data Handling: Edur adheres to GDPR regulationsEdur AI places great importance on respecting the privacy of all customers, particularly when it comes to data usage. Any data and information involved in projects are collected and stored in accordance with the principles set forth in the General Data [&hellip;]<\/p>\n","protected":false},"author":2,"featured_media":0,"parent":0,"menu_order":0,"comment_status":"closed","ping_status":"closed","template":"elementor_header_footer","meta":{"footnotes":""},"class_list":["post-9578","page","type-page","status-publish","hentry"],"_links":{"self":[{"href":"https:\/\/eudr.co\/ro\/wp-json\/wp\/v2\/pages\/9578","targetHints":{"allow":["GET"]}}],"collection":[{"href":"https:\/\/eudr.co\/ro\/wp-json\/wp\/v2\/pages"}],"about":[{"href":"https:\/\/eudr.co\/ro\/wp-json\/wp\/v2\/types\/page"}],"author":[{"embeddable":true,"href":"https:\/\/eudr.co\/ro\/wp-json\/wp\/v2\/users\/2"}],"replies":[{"embeddable":true,"href":"https:\/\/eudr.co\/ro\/wp-json\/wp\/v2\/comments?post=9578"}],"version-history":[{"count":13,"href":"https:\/\/eudr.co\/ro\/wp-json\/wp\/v2\/pages\/9578\/revisions"}],"predecessor-version":[{"id":9617,"href":"https:\/\/eudr.co\/ro\/wp-json\/wp\/v2\/pages\/9578\/revisions\/9617"}],"wp:attachment":[{"href":"https:\/\/eudr.co\/ro\/wp-json\/wp\/v2\/media?parent=9578"}],"curies":[{"name":"wp","href":"https:\/\/api.w.org\/{rel}","templated":true}]}}