{"id":9589,"date":"2025-08-28T13:17:29","date_gmt":"2025-08-28T13:17:29","guid":{"rendered":"https:\/\/eudr.co\/"},"modified":"2025-08-29T05:07:04","modified_gmt":"2025-08-29T05:07:04","slug":"privacy-policy","status":"publish","type":"page","link":"https:\/\/eudr.co\/ro\/privacy-policy\/","title":{"rendered":"Politica de confiden\u021bialitate"},"content":{"rendered":"<div data-elementor-type=\"wp-page\" data-elementor-id=\"9589\" class=\"elementor elementor-9589\" data-elementor-post-type=\"page\">\n\t\t\t\t<div class=\"elementor-element elementor-element-51bfd37 e-con-full e-flex e-con e-parent\" data-id=\"51bfd37\" data-element_type=\"container\" data-e-type=\"container\" data-settings=\"{&quot;background_background&quot;:&quot;classic&quot;}\">\n\t\t\t\t<div class=\"elementor-element elementor-element-4a271de elementor-widget__width-inherit elementor-widget-tablet__width-inherit elementor-invisible elementor-widget elementor-widget-heading\" data-id=\"4a271de\" data-element_type=\"widget\" data-e-type=\"widget\" data-settings=\"{&quot;_animation&quot;:&quot;fadeIn&quot;,&quot;_animation_delay&quot;:300}\" data-widget_type=\"heading.default\">\n\t\t\t\t<div class=\"elementor-widget-container\">\n\t\t\t\t\t<h1 class=\"elementor-heading-title elementor-size-default\">Politica de confiden\u021bialitate\n<\/h1>\t\t\t\t<\/div>\n\t\t\t\t<\/div>\n\t\t\t\t<\/div>\n\t\t<div class=\"elementor-element elementor-element-c731c8d e-flex e-con-boxed e-con e-parent\" data-id=\"c731c8d\" data-element_type=\"container\" data-e-type=\"container\" data-settings=\"{&quot;background_background&quot;:&quot;classic&quot;}\">\n\t\t\t\t\t<div class=\"e-con-inner\">\n\t\t\t\t<div class=\"elementor-element elementor-element-40310ff elementor-widget__width-inherit elementor-widget-tablet__width-inherit elementor-invisible elementor-widget elementor-widget-heading\" data-id=\"40310ff\" data-element_type=\"widget\" data-e-type=\"widget\" data-settings=\"{&quot;_animation&quot;:&quot;fadeIn&quot;,&quot;_animation_delay&quot;:300}\" data-widget_type=\"heading.default\">\n\t\t\t\t<div class=\"elementor-widget-container\">\n\t\t\t\t\t<h3 class=\"elementor-heading-title elementor-size-default\">Introducere\n<\/h3>\t\t\t\t<\/div>\n\t\t\t\t<\/div>\n\t\t\t\t<div class=\"elementor-element elementor-element-54a1c6d elementor-widget__width-inherit elementor-widget elementor-widget-text-editor\" data-id=\"54a1c6d\" data-element_type=\"widget\" data-e-type=\"widget\" data-widget_type=\"text-editor.default\">\n\t\t\t\t<div class=\"elementor-widget-container\">\n\t\t\t\t\t\t\t\t\t<p>Aceast\u0103 politic\u0103 de confiden\u021bialitate se aplic\u0103 serviciilor online oferite de Eudr GmbH, accesibile prin <a href=\"https:\/\/eudr.co\/ro\/\">https:\/\/eudr.co\/<\/a> (\"site-ul web\") sau app.eudr.tech (\"aplica\u021bia\"). Angajamentul nostru fa\u021b\u0103 de confiden\u021bialitate este primordial, iar acest document explic\u0103 modul \u00een care trat\u0103m informa\u021biile colectate \u0219i \u00eenregistrate de pe site sau de pe aplica\u021bie. Pentru \u00eentreb\u0103ri sau informa\u021bii suplimentare cu privire la politica noastr\u0103 de confiden\u021bialitate, v\u0103 rug\u0103m s\u0103 ne contacta\u021bi.<\/p>\t\t\t\t\t\t\t\t<\/div>\n\t\t\t\t<\/div>\n\t\t\t\t<div class=\"elementor-element elementor-element-4a95a8b elementor-widget__width-inherit elementor-widget-tablet__width-inherit elementor-invisible elementor-widget elementor-widget-heading\" data-id=\"4a95a8b\" data-element_type=\"widget\" data-e-type=\"widget\" data-settings=\"{&quot;_animation&quot;:&quot;fadeIn&quot;,&quot;_animation_delay&quot;:300}\" data-widget_type=\"heading.default\">\n\t\t\t\t<div class=\"elementor-widget-container\">\n\t\t\t\t\t<h3 class=\"elementor-heading-title elementor-size-default\">Modific\u0103ri \u0219i actualiz\u0103ri ale politicii de confiden\u021bialitate\n<\/h3>\t\t\t\t<\/div>\n\t\t\t\t<\/div>\n\t\t\t\t<div class=\"elementor-element elementor-element-be567b4 elementor-widget__width-inherit elementor-widget elementor-widget-text-editor\" data-id=\"be567b4\" data-element_type=\"widget\" data-e-type=\"widget\" data-widget_type=\"text-editor.default\">\n\t\t\t\t<div class=\"elementor-widget-container\">\n\t\t\t\t\t\t\t\t\t<p>Ne rezerv\u0103m dreptul de a modifica prezenta Politic\u0103 de confiden\u021bialitate. Modific\u0103rile notabile v\u0103 vor fi comunicate prin intermediul site-ului nostru web sau prin alte mijloace, asigur\u00e2ndu-ne c\u0103 sunte\u021bi \u00eentotdeauna la curent cu informa\u021biile pe care le colect\u0103m, cu modul \u00een care le utiliz\u0103m \u0219i \u00een ce circumstan\u021be, dac\u0103 este cazul, le dezv\u0103luim.<\/p>\t\t\t\t\t\t\t\t<\/div>\n\t\t\t\t<\/div>\n\t\t\t\t<div class=\"elementor-element elementor-element-39a3bb9 elementor-widget__width-inherit elementor-widget-tablet__width-inherit elementor-invisible elementor-widget elementor-widget-heading\" data-id=\"39a3bb9\" data-element_type=\"widget\" data-e-type=\"widget\" data-settings=\"{&quot;_animation&quot;:&quot;fadeIn&quot;,&quot;_animation_delay&quot;:300}\" data-widget_type=\"heading.default\">\n\t\t\t\t<div class=\"elementor-widget-container\">\n\t\t\t\t\t<h3 class=\"elementor-heading-title elementor-size-default\">Colectarea \u0219i utilizarea datelor\n<\/h3>\t\t\t\t<\/div>\n\t\t\t\t<\/div>\n\t\t\t\t<div class=\"elementor-element elementor-element-5841cbd elementor-widget__width-inherit elementor-widget-tablet__width-inherit elementor-invisible elementor-widget elementor-widget-heading\" data-id=\"5841cbd\" data-element_type=\"widget\" data-e-type=\"widget\" data-settings=\"{&quot;_animation&quot;:&quot;fadeIn&quot;,&quot;_animation_delay&quot;:300}\" data-widget_type=\"heading.default\">\n\t\t\t\t<div class=\"elementor-widget-container\">\n\t\t\t\t\t<h5 class=\"elementor-heading-title elementor-size-default\">Fi\u0219iere de jurnal\n<\/h5>\t\t\t\t<\/div>\n\t\t\t\t<\/div>\n\t\t\t\t<div class=\"elementor-element elementor-element-7a6b37f elementor-widget__width-inherit elementor-widget elementor-widget-text-editor\" data-id=\"7a6b37f\" data-element_type=\"widget\" data-e-type=\"widget\" data-widget_type=\"text-editor.default\">\n\t\t\t\t<div class=\"elementor-widget-container\">\n\t\t\t\t\t\t\t\t\t<p>Ca parte a practicii noastre standard, colect\u0103m date prin intermediul fi\u0219ierelor jurnal. Aceste date pot include adrese de protocol de internet (IP), tipuri de browser, furnizori de servicii de internet, date\/timbre de timp, pagini de trimitere\/ie\u0219ire \u0219i numere de clicuri, care ajut\u0103 la analiza tendin\u021belor, administrarea site-ului, urm\u0103rirea mi\u0219c\u0103rilor utilizatorilor \u0219i colectarea de informa\u021bii demografice.<\/p>\t\t\t\t\t\t\t\t<\/div>\n\t\t\t\t<\/div>\n\t\t\t\t<div class=\"elementor-element elementor-element-52760e1 elementor-widget__width-inherit elementor-widget-tablet__width-inherit elementor-invisible elementor-widget elementor-widget-heading\" data-id=\"52760e1\" data-element_type=\"widget\" data-e-type=\"widget\" data-settings=\"{&quot;_animation&quot;:&quot;fadeIn&quot;,&quot;_animation_delay&quot;:300}\" data-widget_type=\"heading.default\">\n\t\t\t\t<div class=\"elementor-widget-container\">\n\t\t\t\t\t<h5 class=\"elementor-heading-title elementor-size-default\">Module cookie \u0219i balize web\n<\/h5>\t\t\t\t<\/div>\n\t\t\t\t<\/div>\n\t\t\t\t<div class=\"elementor-element elementor-element-6be8ec0 elementor-widget__width-inherit elementor-widget elementor-widget-text-editor\" data-id=\"6be8ec0\" data-element_type=\"widget\" data-e-type=\"widget\" data-widget_type=\"text-editor.default\">\n\t\t\t\t<div class=\"elementor-widget-container\">\n\t\t\t\t\t\t\t\t\t<p>Utiliz\u0103m module cookie pentru a stoca informa\u021bii despre preferin\u021bele vizitatorilor \u0219i paginile de pe site-ul web sau aplica\u021bia pe care vizitatorul le-a accesat sau vizitat, pentru a optimiza experien\u021ba utilizatorului prin personalizarea con\u021binutului paginii web pe baza tipurilor de browser ale vizitatorilor \u0219i\/sau a altor informa\u021bii.<\/p>\t\t\t\t\t\t\t\t<\/div>\n\t\t\t\t<\/div>\n\t\t\t\t<div class=\"elementor-element elementor-element-4b0e490 elementor-widget__width-inherit elementor-widget-tablet__width-inherit elementor-invisible elementor-widget elementor-widget-heading\" data-id=\"4b0e490\" data-element_type=\"widget\" data-e-type=\"widget\" data-settings=\"{&quot;_animation&quot;:&quot;fadeIn&quot;,&quot;_animation_delay&quot;:300}\" data-widget_type=\"heading.default\">\n\t\t\t\t<div class=\"elementor-widget-container\">\n\t\t\t\t\t<h5 class=\"elementor-heading-title elementor-size-default\">Servicii Google API\n<\/h5>\t\t\t\t<\/div>\n\t\t\t\t<\/div>\n\t\t\t\t<div class=\"elementor-element elementor-element-fad570f elementor-widget__width-inherit elementor-widget elementor-widget-text-editor\" data-id=\"fad570f\" data-element_type=\"widget\" data-e-type=\"widget\" data-widget_type=\"text-editor.default\">\n\t\t\t\t<div class=\"elementor-widget-container\">\n\t\t\t\t\t\t\t\t\t<p>\u00cen conformitate cu Politica privind datele utilizatorilor serviciilor API de la Google, ne prezent\u0103m cu exactitate identitatea \u0219i inten\u021bia atunci c\u00e2nd solicit\u0103m date ale utilizatorilor Google. Dezv\u0103luim \u00een mod clar:<\/p><ul><li><strong>Identitate<\/strong>: Identitatea aplica\u021biei noastre care acceseaz\u0103 datele utilizatorilor Google.<\/li><li><strong>Date solicitate<\/strong>: Tipuri de date de utilizator Google pe care le solicit\u0103m.<\/li><li><strong>Scop<\/strong>: Scopurile pentru care solicit\u0103m datele utilizatorului Google.<\/li><\/ul>\t\t\t\t\t\t\t\t<\/div>\n\t\t\t\t<\/div>\n\t\t\t\t<div class=\"elementor-element elementor-element-c4fef8c elementor-widget__width-inherit elementor-widget-tablet__width-inherit elementor-invisible elementor-widget elementor-widget-heading\" data-id=\"c4fef8c\" data-element_type=\"widget\" data-e-type=\"widget\" data-settings=\"{&quot;_animation&quot;:&quot;fadeIn&quot;,&quot;_animation_delay&quot;:300}\" data-widget_type=\"heading.default\">\n\t\t\t\t<div class=\"elementor-widget-container\">\n\t\t\t\t\t<h5 class=\"elementor-heading-title elementor-size-default\">Agen\u021bi de publicitate ter\u021bi \u0219i politici de confiden\u021bialitate\n<\/h5>\t\t\t\t<\/div>\n\t\t\t\t<\/div>\n\t\t\t\t<div class=\"elementor-element elementor-element-16d0dd1 elementor-widget__width-inherit elementor-widget elementor-widget-text-editor\" data-id=\"16d0dd1\" data-element_type=\"widget\" data-e-type=\"widget\" data-widget_type=\"text-editor.default\">\n\t\t\t\t<div class=\"elementor-widget-container\">\n\t\t\t\t\t\t\t\t\t<p>Utiliz\u0103m servere sau re\u021bele publicitare ter\u021be, care folosesc tehnologii precum cookie-uri, JavaScript sau Web Beacons \u00een reclamele \u0219i link-urile lor de pe site sau aplica\u021bie. Practicile acestora sunt detaliate \u00een politicile lor de confiden\u021bialitate respective.<\/p>\t\t\t\t\t\t\t\t<\/div>\n\t\t\t\t<\/div>\n\t\t\t\t<div class=\"elementor-element elementor-element-c8e8bd8 elementor-widget__width-inherit elementor-widget elementor-widget-text-editor\" data-id=\"c8e8bd8\" data-element_type=\"widget\" data-e-type=\"widget\" data-widget_type=\"text-editor.default\">\n\t\t\t\t<div class=\"elementor-widget-container\">\n\t\t\t\t\t\t\t\t\t<div class=\"elementor-element elementor-element-4cde19d elementor-widget elementor-widget-text-editor\" data-id=\"4cde19d\" data-element_type=\"widget\" data-widget_type=\"text-editor.default\"><p><strong>Conectare Google<\/strong>: Utiliz\u0103m Google Sign-In pentru autentificare, ader\u00e2nd la Politica privind datele utilizatorilor serviciilor API ale Google, inclusiv accesul transparent la date \u0219i dezv\u0103luirile privind utilizarea.<\/p><\/div>\t\t\t\t\t\t\t\t<\/div>\n\t\t\t\t<\/div>\n\t\t\t\t<div class=\"elementor-element elementor-element-117caba elementor-widget__width-inherit elementor-widget-tablet__width-inherit elementor-invisible elementor-widget elementor-widget-heading\" data-id=\"117caba\" data-element_type=\"widget\" data-e-type=\"widget\" data-settings=\"{&quot;_animation&quot;:&quot;fadeIn&quot;,&quot;_animation_delay&quot;:300}\" data-widget_type=\"heading.default\">\n\t\t\t\t<div class=\"elementor-widget-container\">\n\t\t\t\t\t<h5 class=\"elementor-heading-title elementor-size-default\">Informa\u021bii pentru copii\n<\/h5>\t\t\t\t<\/div>\n\t\t\t\t<\/div>\n\t\t\t\t<div class=\"elementor-element elementor-element-c151d9a elementor-widget__width-inherit elementor-widget elementor-widget-text-editor\" data-id=\"c151d9a\" data-element_type=\"widget\" data-e-type=\"widget\" data-widget_type=\"text-editor.default\">\n\t\t\t\t<div class=\"elementor-widget-container\">\n\t\t\t\t\t\t\t\t\tNu colect\u0103m \u00een mod deliberat informa\u021bii personale de la copii sub 13 ani. Utilizarea de c\u0103tre noi a tehnologiilor de publicitate ale ter\u021bilor este reglementat\u0103 de politicile de confiden\u021bialitate respective ale acestora.\n\n\t\t\t\t\t\t\t\t<\/div>\n\t\t\t\t<\/div>\n\t\t\t\t<div class=\"elementor-element elementor-element-5266b1a elementor-widget__width-inherit elementor-widget elementor-widget-text-editor\" data-id=\"5266b1a\" data-element_type=\"widget\" data-e-type=\"widget\" data-widget_type=\"text-editor.default\">\n\t\t\t\t<div class=\"elementor-widget-container\">\n\t\t\t\t\t\t\t\t\t<div class=\"elementor-element elementor-element-cc2d6ad elementor-widget elementor-widget-text-editor\" data-id=\"cc2d6ad\" data-element_type=\"widget\" data-widget_type=\"text-editor.default\"><p><strong>Aplica\u021bii dirijate de copii<\/strong>: Respect\u0103m Legea privind protec\u021bia vie\u021bii private online a copiilor (COPPA) \u0219i nu utiliz\u0103m Google Sign-In sau alte servicii Google API care acceseaz\u0103 date asociate cu un cont Google \u00een aplica\u021bii destinate \u00een principal copiilor.<\/p><\/div>\t\t\t\t\t\t\t\t<\/div>\n\t\t\t\t<\/div>\n\t\t\t\t<div class=\"elementor-element elementor-element-7a67280 elementor-widget__width-inherit elementor-widget-tablet__width-inherit elementor-invisible elementor-widget elementor-widget-heading\" data-id=\"7a67280\" data-element_type=\"widget\" data-e-type=\"widget\" data-settings=\"{&quot;_animation&quot;:&quot;fadeIn&quot;,&quot;_animation_delay&quot;:300}\" data-widget_type=\"heading.default\">\n\t\t\t\t<div class=\"elementor-widget-container\">\n\t\t\t\t\t<h5 class=\"elementor-heading-title elementor-size-default\">Securitate \u0219i protec\u021bia datelor\n<\/h5>\t\t\t\t<\/div>\n\t\t\t\t<\/div>\n\t\t\t\t<div class=\"elementor-element elementor-element-ba6534f elementor-widget__width-inherit elementor-widget elementor-widget-text-editor\" data-id=\"ba6534f\" data-element_type=\"widget\" data-e-type=\"widget\" data-widget_type=\"text-editor.default\">\n\t\t\t\t<div class=\"elementor-widget-container\">\n\t\t\t\t\t\t\t\t\t<p>Asigur\u0103m securitatea datelor \u00een tranzit \u0219i \u00een repaus \u0219i lu\u0103m m\u0103surile adecvate pentru a ne proteja \u00eempotriva accesului, utiliz\u0103rii, distrugerii, pierderii, modific\u0103rii sau divulg\u0103rii neautorizate sau ilegale.<\/p>\t\t\t\t\t\t\t\t<\/div>\n\t\t\t\t<\/div>\n\t\t\t\t<div class=\"elementor-element elementor-element-8ea5897 elementor-widget__width-inherit elementor-widget elementor-widget-text-editor\" data-id=\"8ea5897\" data-element_type=\"widget\" data-e-type=\"widget\" data-widget_type=\"text-editor.default\">\n\t\t\t\t<div class=\"elementor-widget-container\">\n\t\t\t\t\t\t\t\t\t<div class=\"elementor-element elementor-element-73c78ca elementor-widget elementor-widget-text-editor\" data-id=\"73c78ca\" data-element_type=\"widget\" data-widget_type=\"text-editor.default\"><p><strong>Servicii Google API<\/strong>: Men\u021binem un mediu de operare sigur pentru aplica\u021biile \u0219i sistemele care utilizeaz\u0103 Serviciile API Google, respect\u00e2nd cerin\u021bele de securitate \u0219i confiden\u021bialitate ale Google.<\/p><\/div>\t\t\t\t\t\t\t\t<\/div>\n\t\t\t\t<\/div>\n\t\t\t\t<div class=\"elementor-element elementor-element-027b095 elementor-widget__width-inherit elementor-widget-tablet__width-inherit elementor-invisible elementor-widget elementor-widget-heading\" data-id=\"027b095\" data-element_type=\"widget\" data-e-type=\"widget\" data-settings=\"{&quot;_animation&quot;:&quot;fadeIn&quot;,&quot;_animation_delay&quot;:300}\" data-widget_type=\"heading.default\">\n\t\t\t\t<div class=\"elementor-widget-container\">\n\t\t\t\t\t<h5 class=\"elementor-heading-title elementor-size-default\">Consim\u021b\u0103m\u00e2ntul \u0219i drepturile utilizatorului\n<\/h5>\t\t\t\t<\/div>\n\t\t\t\t<\/div>\n\t\t\t\t<div class=\"elementor-element elementor-element-b2f9411 elementor-widget__width-inherit elementor-widget elementor-widget-text-editor\" data-id=\"b2f9411\" data-element_type=\"widget\" data-e-type=\"widget\" data-widget_type=\"text-editor.default\">\n\t\t\t\t<div class=\"elementor-widget-container\">\n\t\t\t\t\t\t\t\t\t<p>Prin utilizarea site-ului sau a aplica\u021biei noastre, sunte\u021bi de acord cu Politica noastr\u0103 de confiden\u021bialitate \u0219i sunte\u021bi de acord cu Termenii \u0219i condi\u021biile acesteia.<\/p>\t\t\t\t\t\t\t\t<\/div>\n\t\t\t\t<\/div>\n\t\t\t\t<div class=\"elementor-element elementor-element-459d02a elementor-widget__width-inherit elementor-widget elementor-widget-text-editor\" data-id=\"459d02a\" data-element_type=\"widget\" data-e-type=\"widget\" data-widget_type=\"text-editor.default\">\n\t\t\t\t<div class=\"elementor-widget-container\">\n\t\t\t\t\t\t\t\t\t<p>Utilizatorii au dreptul s\u0103 \u00een\u021beleag\u0103 modul \u00een care datele lor sunt utilizate \u0219i pot solicita accesul la datele lor personale sau \u0219tergerea acestora.<\/p>\t\t\t\t\t\t\t\t<\/div>\n\t\t\t\t<\/div>\n\t\t\t\t<div class=\"elementor-element elementor-element-28ee4a1 elementor-widget__width-inherit elementor-widget-tablet__width-inherit elementor-invisible elementor-widget elementor-widget-heading\" data-id=\"28ee4a1\" data-element_type=\"widget\" data-e-type=\"widget\" data-settings=\"{&quot;_animation&quot;:&quot;fadeIn&quot;,&quot;_animation_delay&quot;:300}\" data-widget_type=\"heading.default\">\n\t\t\t\t<div class=\"elementor-widget-container\">\n\t\t\t\t\t<h5 class=\"elementor-heading-title elementor-size-default\">Informa\u021bii de contact\n<\/h5>\t\t\t\t<\/div>\n\t\t\t\t<\/div>\n\t\t\t\t<div class=\"elementor-element elementor-element-a84eee4 elementor-widget__width-inherit elementor-widget elementor-widget-text-editor\" data-id=\"a84eee4\" data-element_type=\"widget\" data-e-type=\"widget\" data-widget_type=\"text-editor.default\">\n\t\t\t\t<div class=\"elementor-widget-container\">\n\t\t\t\t\t\t\t\t\t<p>Pentru orice \u00eentreb\u0103ri sau nel\u0103muriri cu privire la Politica noastr\u0103 de confiden\u021bialitate sau practicile privind datele, v\u0103 rug\u0103m s\u0103 ne contacta\u021bi la info@eudr.com<\/p>\t\t\t\t\t\t\t\t<\/div>\n\t\t\t\t<\/div>\n\t\t\t\t<div class=\"elementor-element elementor-element-cf212c4 elementor-widget__width-inherit elementor-widget elementor-widget-text-editor\" data-id=\"cf212c4\" data-element_type=\"widget\" data-e-type=\"widget\" data-widget_type=\"text-editor.default\">\n\t\t\t\t<div class=\"elementor-widget-container\">\n\t\t\t\t\t\t\t\t\t<p>Data intr\u0103rii \u00een vigoare: 09.02.2024<\/p>\t\t\t\t\t\t\t\t<\/div>\n\t\t\t\t<\/div>\n\t\t\t\t\t<\/div>\n\t\t\t\t<\/div>\n\t\t\t\t<\/div>","protected":false},"excerpt":{"rendered":"<p>Privacy Policy Introduction This Privacy Policy applies to the online services offered by Eudr GmbH, accessible via https:\/\/eudr.co\/ (\u201cthe website\u201d) or app.eudr.tech (\u201cthe application\u201d). Our commitment to privacy is paramount, and this document explains how we handle information collected and recorded from the website or the application. For additional inquiries or information about our Privacy [&hellip;]<\/p>\n","protected":false},"author":2,"featured_media":0,"parent":0,"menu_order":0,"comment_status":"closed","ping_status":"closed","template":"elementor_header_footer","meta":{"footnotes":""},"class_list":["post-9589","page","type-page","status-publish","hentry"],"_links":{"self":[{"href":"https:\/\/eudr.co\/ro\/wp-json\/wp\/v2\/pages\/9589","targetHints":{"allow":["GET"]}}],"collection":[{"href":"https:\/\/eudr.co\/ro\/wp-json\/wp\/v2\/pages"}],"about":[{"href":"https:\/\/eudr.co\/ro\/wp-json\/wp\/v2\/types\/page"}],"author":[{"embeddable":true,"href":"https:\/\/eudr.co\/ro\/wp-json\/wp\/v2\/users\/2"}],"replies":[{"embeddable":true,"href":"https:\/\/eudr.co\/ro\/wp-json\/wp\/v2\/comments?post=9589"}],"version-history":[{"count":10,"href":"https:\/\/eudr.co\/ro\/wp-json\/wp\/v2\/pages\/9589\/revisions"}],"predecessor-version":[{"id":9620,"href":"https:\/\/eudr.co\/ro\/wp-json\/wp\/v2\/pages\/9589\/revisions\/9620"}],"wp:attachment":[{"href":"https:\/\/eudr.co\/ro\/wp-json\/wp\/v2\/media?parent=9589"}],"curies":[{"name":"wp","href":"https:\/\/api.w.org\/{rel}","templated":true}]}}