{"id":9578,"date":"2025-08-28T13:11:04","date_gmt":"2025-08-28T13:11:04","guid":{"rendered":"https:\/\/eudr.co\/"},"modified":"2025-08-29T05:03:41","modified_gmt":"2025-08-29T05:03:41","slug":"data-and-privacy","status":"publish","type":"page","link":"https:\/\/eudr.co\/sv\/data-and-privacy\/","title":{"rendered":"Data och integritet"},"content":{"rendered":"<div data-elementor-type=\"wp-page\" data-elementor-id=\"9578\" class=\"elementor elementor-9578\" data-elementor-post-type=\"page\">\n\t\t\t\t<div class=\"elementor-element elementor-element-9e81f57 e-con-full e-flex e-con e-parent\" data-id=\"9e81f57\" data-element_type=\"container\" data-e-type=\"container\" data-settings=\"{&quot;background_background&quot;:&quot;classic&quot;}\">\n\t\t\t\t<div class=\"elementor-element elementor-element-f74747f elementor-widget__width-inherit elementor-widget-tablet__width-inherit elementor-invisible elementor-widget elementor-widget-heading\" data-id=\"f74747f\" data-element_type=\"widget\" data-e-type=\"widget\" data-settings=\"{&quot;_animation&quot;:&quot;fadeIn&quot;,&quot;_animation_delay&quot;:300}\" data-widget_type=\"heading.default\">\n\t\t\t\t<div class=\"elementor-widget-container\">\n\t\t\t\t\t<h1 class=\"elementor-heading-title elementor-size-default\">Data och integritet<\/h1>\t\t\t\t<\/div>\n\t\t\t\t<\/div>\n\t\t\t\t<\/div>\n\t\t<div class=\"elementor-element elementor-element-aac1404 e-flex e-con-boxed e-con e-parent\" data-id=\"aac1404\" data-element_type=\"container\" data-e-type=\"container\" data-settings=\"{&quot;background_background&quot;:&quot;classic&quot;}\">\n\t\t\t\t\t<div class=\"e-con-inner\">\n\t\t\t\t<div class=\"elementor-element elementor-element-9ce5024 elementor-widget__width-inherit elementor-widget-tablet__width-inherit elementor-invisible elementor-widget elementor-widget-heading\" data-id=\"9ce5024\" data-element_type=\"widget\" data-e-type=\"widget\" data-settings=\"{&quot;_animation&quot;:&quot;fadeIn&quot;,&quot;_animation_delay&quot;:300}\" data-widget_type=\"heading.default\">\n\t\t\t\t<div class=\"elementor-widget-container\">\n\t\t\t\t\t<h3 class=\"elementor-heading-title elementor-size-default\">GDPR (allm\u00e4n dataskyddsf\u00f6rordning)<\/h3>\t\t\t\t<\/div>\n\t\t\t\t<\/div>\n\t\t\t\t<div class=\"elementor-element elementor-element-d3366eb elementor-widget__width-inherit elementor-widget elementor-widget-text-editor\" data-id=\"d3366eb\" data-element_type=\"widget\" data-e-type=\"widget\" data-widget_type=\"text-editor.default\">\n\t\t\t\t<div class=\"elementor-widget-container\">\n\t\t\t\t\t\t\t\t\t<p>Hantering av personuppgifter: Edur f\u00f6ljer GDPR-reglerna<br \/>Edur AI l\u00e4gger stor vikt vid att respektera alla kunders integritet, s\u00e4rskilt n\u00e4r det g\u00e4ller dataanv\u00e4ndning. Alla uppgifter och all information som ing\u00e5r i projekt samlas in och lagras i enlighet med principerna i den allm\u00e4nna dataskyddsf\u00f6rordningen (GDPR).<\/p>\t\t\t\t\t\t\t\t<\/div>\n\t\t\t\t<\/div>\n\t\t\t\t<div class=\"elementor-element elementor-element-046b789 elementor-widget__width-inherit elementor-widget-tablet__width-inherit elementor-invisible elementor-widget elementor-widget-heading\" data-id=\"046b789\" data-element_type=\"widget\" data-e-type=\"widget\" data-settings=\"{&quot;_animation&quot;:&quot;fadeIn&quot;,&quot;_animation_delay&quot;:300}\" data-widget_type=\"heading.default\">\n\t\t\t\t<div class=\"elementor-widget-container\">\n\t\t\t\t\t<h3 class=\"elementor-heading-title elementor-size-default\">Hur vi hanterar data\n<\/h3>\t\t\t\t<\/div>\n\t\t\t\t<\/div>\n\t\t\t\t<div class=\"elementor-element elementor-element-f35c7c4 elementor-widget__width-inherit elementor-widget elementor-widget-text-editor\" data-id=\"f35c7c4\" data-element_type=\"widget\" data-e-type=\"widget\" data-widget_type=\"text-editor.default\">\n\t\t\t\t<div class=\"elementor-widget-container\">\n\t\t\t\t\t\t\t\t\t<p>F\u00f6r att visa v\u00e5rt engagemang hanterar vi data med st\u00f6rsta f\u00f6rsiktighet enligt riktlinjerna i GDPR och vidtar \u00e5tg\u00e4rder f\u00f6r att anonymisera dem f\u00f6r \u00f6kad integritet. Alla dataf\u00f6rberedelser utf\u00f6rs noggrant och i enlighet med globala standarder. Detaljerade villkor, relevanta f\u00f6r den specifika datatypen, tillhandah\u00e5lls alla kunder avseende datainsamling och dess anv\u00e4ndning.<\/p>\t\t\t\t\t\t\t\t<\/div>\n\t\t\t\t<\/div>\n\t\t\t\t<div class=\"elementor-element elementor-element-ba2765f elementor-widget__width-inherit elementor-widget elementor-widget-text-editor\" data-id=\"ba2765f\" data-element_type=\"widget\" data-e-type=\"widget\" data-widget_type=\"text-editor.default\">\n\t\t\t\t<div class=\"elementor-widget-container\">\n\t\t\t\t\t\t\t\t\t<p>Alla uppgifter som samlas in av Edur behandlas p\u00e5 ett lagligt, r\u00e4ttvist och \u00f6ppet s\u00e4tt, med respekt f\u00f6r den registrerades r\u00e4ttigheter. Syftet med och metoderna f\u00f6r hur AI Superior kan anv\u00e4nda de insamlade uppgifterna definieras noggrant. De uppgifter som samlas in \u00e4r specifika, uttryckliga och anv\u00e4nds enbart f\u00f6r legitima \u00e4ndam\u00e5l. Vi ser till att dina uppgifter hanteras p\u00e5 ett s\u00e4kert s\u00e4tt av utbildade specialister som f\u00f6rst\u00e5r vikten av integritet.<\/p>\t\t\t\t\t\t\t\t<\/div>\n\t\t\t\t<\/div>\n\t\t\t\t<div class=\"elementor-element elementor-element-b52f1c8 elementor-widget__width-inherit elementor-widget-tablet__width-inherit elementor-invisible elementor-widget elementor-widget-heading\" data-id=\"b52f1c8\" data-element_type=\"widget\" data-e-type=\"widget\" data-settings=\"{&quot;_animation&quot;:&quot;fadeIn&quot;,&quot;_animation_delay&quot;:300}\" data-widget_type=\"heading.default\">\n\t\t\t\t<div class=\"elementor-widget-container\">\n\t\t\t\t\t<h3 class=\"elementor-heading-title elementor-size-default\">Hur vi skyddar data\n<\/h3>\t\t\t\t<\/div>\n\t\t\t\t<\/div>\n\t\t\t\t<div class=\"elementor-element elementor-element-6262344 elementor-widget__width-inherit elementor-widget elementor-widget-text-editor\" data-id=\"6262344\" data-element_type=\"widget\" data-e-type=\"widget\" data-widget_type=\"text-editor.default\">\n\t\t\t\t<div class=\"elementor-widget-container\">\n\t\t\t\t\t\t\t\t\t<p>Edur garanterar en h\u00f6g niv\u00e5 av dataskydd f\u00f6r alla kunder. Eftersom data spelar en avg\u00f6rande roll i AI- och maskininl\u00e4rningsprocesser vidtar vi alla \u00e5tg\u00e4rder f\u00f6r att s\u00e4kerst\u00e4lla datakvalitet samtidigt som vi prioriterar din integritet. GDPR-processen \u00e4r av yttersta vikt f\u00f6r oss.<\/p>\t\t\t\t\t\t\t\t<\/div>\n\t\t\t\t<\/div>\n\t\t\t\t<div class=\"elementor-element elementor-element-75780c4 elementor-widget__width-inherit elementor-widget elementor-widget-text-editor\" data-id=\"75780c4\" data-element_type=\"widget\" data-e-type=\"widget\" data-widget_type=\"text-editor.default\">\n\t\t\t\t<div class=\"elementor-widget-container\">\n\t\t\t\t\t\t\t\t\t<p>Vi v\u00e4rdes\u00e4tter kunddata som en v\u00e4rdefull tillg\u00e5ng och n\u00e4r vi tar emot dem s\u00e4kerst\u00e4ller vi fullst\u00e4ndigt skydd i v\u00e5ra system. Alla n\u00f6dv\u00e4ndiga och relevanta s\u00e4kerhets\u00e5tg\u00e4rder genomf\u00f6rs f\u00f6r att skydda uppgifterna och deras avsedda \u00e4ndam\u00e5l. Dessutom beh\u00e5ller vi uppgifterna i ett format som m\u00f6jligg\u00f6r identifiering och behandlar dem p\u00e5 ett s\u00e4kert s\u00e4tt, vilket skyddar mot oavsiktlig f\u00f6rlust, skador, obeh\u00f6rig behandling och andra potentiella risker.<\/p>\t\t\t\t\t\t\t\t<\/div>\n\t\t\t\t<\/div>\n\t\t\t\t<div class=\"elementor-element elementor-element-69a5504 elementor-widget__width-inherit elementor-widget elementor-widget-text-editor\" data-id=\"69a5504\" data-element_type=\"widget\" data-e-type=\"widget\" data-widget_type=\"text-editor.default\">\n\t\t\t\t<div class=\"elementor-widget-container\">\n\t\t\t\t\t\t\t\t\t<p>Edur ligger alltid steget f\u00f6re och bekr\u00e4ftar v\u00e5rt \u00e5tagande att tillhandah\u00e5lla f\u00f6rstklassiga l\u00f6sningar. Du kan vara s\u00e4ker p\u00e5 att v\u00e5rt engagemang f\u00f6r att leverera premiumtj\u00e4nster f\u00f6rblir orubbligt.<\/p>\t\t\t\t\t\t\t\t<\/div>\n\t\t\t\t<\/div>\n\t\t\t\t\t<\/div>\n\t\t\t\t<\/div>\n\t\t\t\t<\/div>","protected":false},"excerpt":{"rendered":"<p>Data and Privacy GDPR (General Data Protection Regulation) Data Handling: Edur adheres to GDPR regulationsEdur AI places great importance on respecting the privacy of all customers, particularly when it comes to data usage. Any data and information involved in projects are collected and stored in accordance with the principles set forth in the General Data [&hellip;]<\/p>\n","protected":false},"author":2,"featured_media":0,"parent":0,"menu_order":0,"comment_status":"closed","ping_status":"closed","template":"elementor_header_footer","meta":{"footnotes":""},"class_list":["post-9578","page","type-page","status-publish","hentry"],"_links":{"self":[{"href":"https:\/\/eudr.co\/sv\/wp-json\/wp\/v2\/pages\/9578","targetHints":{"allow":["GET"]}}],"collection":[{"href":"https:\/\/eudr.co\/sv\/wp-json\/wp\/v2\/pages"}],"about":[{"href":"https:\/\/eudr.co\/sv\/wp-json\/wp\/v2\/types\/page"}],"author":[{"embeddable":true,"href":"https:\/\/eudr.co\/sv\/wp-json\/wp\/v2\/users\/2"}],"replies":[{"embeddable":true,"href":"https:\/\/eudr.co\/sv\/wp-json\/wp\/v2\/comments?post=9578"}],"version-history":[{"count":13,"href":"https:\/\/eudr.co\/sv\/wp-json\/wp\/v2\/pages\/9578\/revisions"}],"predecessor-version":[{"id":9617,"href":"https:\/\/eudr.co\/sv\/wp-json\/wp\/v2\/pages\/9578\/revisions\/9617"}],"wp:attachment":[{"href":"https:\/\/eudr.co\/sv\/wp-json\/wp\/v2\/media?parent=9578"}],"curies":[{"name":"wp","href":"https:\/\/api.w.org\/{rel}","templated":true}]}}