{"id":9589,"date":"2025-08-28T13:17:29","date_gmt":"2025-08-28T13:17:29","guid":{"rendered":"https:\/\/eudr.co\/"},"modified":"2025-08-29T05:07:04","modified_gmt":"2025-08-29T05:07:04","slug":"privacy-policy","status":"publish","type":"page","link":"https:\/\/eudr.co\/sv\/privacy-policy\/","title":{"rendered":"Integritetspolicy"},"content":{"rendered":"<div data-elementor-type=\"wp-page\" data-elementor-id=\"9589\" class=\"elementor elementor-9589\" data-elementor-post-type=\"page\">\n\t\t\t\t<div class=\"elementor-element elementor-element-51bfd37 e-con-full e-flex e-con e-parent\" data-id=\"51bfd37\" data-element_type=\"container\" data-e-type=\"container\" data-settings=\"{&quot;background_background&quot;:&quot;classic&quot;}\">\n\t\t\t\t<div class=\"elementor-element elementor-element-4a271de elementor-widget__width-inherit elementor-widget-tablet__width-inherit elementor-invisible elementor-widget elementor-widget-heading\" data-id=\"4a271de\" data-element_type=\"widget\" data-e-type=\"widget\" data-settings=\"{&quot;_animation&quot;:&quot;fadeIn&quot;,&quot;_animation_delay&quot;:300}\" data-widget_type=\"heading.default\">\n\t\t\t\t<div class=\"elementor-widget-container\">\n\t\t\t\t\t<h1 class=\"elementor-heading-title elementor-size-default\">Integritetspolicy\n<\/h1>\t\t\t\t<\/div>\n\t\t\t\t<\/div>\n\t\t\t\t<\/div>\n\t\t<div class=\"elementor-element elementor-element-c731c8d e-flex e-con-boxed e-con e-parent\" data-id=\"c731c8d\" data-element_type=\"container\" data-e-type=\"container\" data-settings=\"{&quot;background_background&quot;:&quot;classic&quot;}\">\n\t\t\t\t\t<div class=\"e-con-inner\">\n\t\t\t\t<div class=\"elementor-element elementor-element-40310ff elementor-widget__width-inherit elementor-widget-tablet__width-inherit elementor-invisible elementor-widget elementor-widget-heading\" data-id=\"40310ff\" data-element_type=\"widget\" data-e-type=\"widget\" data-settings=\"{&quot;_animation&quot;:&quot;fadeIn&quot;,&quot;_animation_delay&quot;:300}\" data-widget_type=\"heading.default\">\n\t\t\t\t<div class=\"elementor-widget-container\">\n\t\t\t\t\t<h3 class=\"elementor-heading-title elementor-size-default\">Inledning\n<\/h3>\t\t\t\t<\/div>\n\t\t\t\t<\/div>\n\t\t\t\t<div class=\"elementor-element elementor-element-54a1c6d elementor-widget__width-inherit elementor-widget elementor-widget-text-editor\" data-id=\"54a1c6d\" data-element_type=\"widget\" data-e-type=\"widget\" data-widget_type=\"text-editor.default\">\n\t\t\t\t<div class=\"elementor-widget-container\">\n\t\t\t\t\t\t\t\t\t<p>Denna integritetspolicy g\u00e4ller f\u00f6r de onlinetj\u00e4nster som erbjuds av Eudr GmbH och som \u00e4r tillg\u00e4ngliga via <a href=\"https:\/\/eudr.co\/sv\/\">https:\/\/eudr.co\/<\/a> (\"webbplatsen\") eller app.eudr.tech (\"applikationen\"). V\u00e5rt engagemang f\u00f6r integritet \u00e4r av st\u00f6rsta vikt, och detta dokument f\u00f6rklarar hur vi hanterar information som samlas in och registreras fr\u00e5n webbplatsen eller applikationen. F\u00f6r ytterligare fr\u00e5gor eller information om v\u00e5r sekretesspolicy, v\u00e4nligen kontakta oss.<\/p>\t\t\t\t\t\t\t\t<\/div>\n\t\t\t\t<\/div>\n\t\t\t\t<div class=\"elementor-element elementor-element-4a95a8b elementor-widget__width-inherit elementor-widget-tablet__width-inherit elementor-invisible elementor-widget elementor-widget-heading\" data-id=\"4a95a8b\" data-element_type=\"widget\" data-e-type=\"widget\" data-settings=\"{&quot;_animation&quot;:&quot;fadeIn&quot;,&quot;_animation_delay&quot;:300}\" data-widget_type=\"heading.default\">\n\t\t\t\t<div class=\"elementor-widget-container\">\n\t\t\t\t\t<h3 class=\"elementor-heading-title elementor-size-default\">\u00c4ndringar och uppdateringar av integritetspolicyn\n<\/h3>\t\t\t\t<\/div>\n\t\t\t\t<\/div>\n\t\t\t\t<div class=\"elementor-element elementor-element-be567b4 elementor-widget__width-inherit elementor-widget elementor-widget-text-editor\" data-id=\"be567b4\" data-element_type=\"widget\" data-e-type=\"widget\" data-widget_type=\"text-editor.default\">\n\t\t\t\t<div class=\"elementor-widget-container\">\n\t\t\t\t\t\t\t\t\t<p>Vi f\u00f6rbeh\u00e5ller oss r\u00e4tten att \u00e4ndra denna integritetspolicy. Noterbara \u00e4ndringar kommer att meddelas dig via v\u00e5r webbplats eller p\u00e5 annat s\u00e4tt, s\u00e5 att du alltid \u00e4r medveten om vilken information vi samlar in, hur vi anv\u00e4nder den och under vilka omst\u00e4ndigheter vi eventuellt l\u00e4mnar ut den.<\/p>\t\t\t\t\t\t\t\t<\/div>\n\t\t\t\t<\/div>\n\t\t\t\t<div class=\"elementor-element elementor-element-39a3bb9 elementor-widget__width-inherit elementor-widget-tablet__width-inherit elementor-invisible elementor-widget elementor-widget-heading\" data-id=\"39a3bb9\" data-element_type=\"widget\" data-e-type=\"widget\" data-settings=\"{&quot;_animation&quot;:&quot;fadeIn&quot;,&quot;_animation_delay&quot;:300}\" data-widget_type=\"heading.default\">\n\t\t\t\t<div class=\"elementor-widget-container\">\n\t\t\t\t\t<h3 class=\"elementor-heading-title elementor-size-default\">Insamling och anv\u00e4ndning av data\n<\/h3>\t\t\t\t<\/div>\n\t\t\t\t<\/div>\n\t\t\t\t<div class=\"elementor-element elementor-element-5841cbd elementor-widget__width-inherit elementor-widget-tablet__width-inherit elementor-invisible elementor-widget elementor-widget-heading\" data-id=\"5841cbd\" data-element_type=\"widget\" data-e-type=\"widget\" data-settings=\"{&quot;_animation&quot;:&quot;fadeIn&quot;,&quot;_animation_delay&quot;:300}\" data-widget_type=\"heading.default\">\n\t\t\t\t<div class=\"elementor-widget-container\">\n\t\t\t\t\t<h5 class=\"elementor-heading-title elementor-size-default\">Loggfiler\n<\/h5>\t\t\t\t<\/div>\n\t\t\t\t<\/div>\n\t\t\t\t<div class=\"elementor-element elementor-element-7a6b37f elementor-widget__width-inherit elementor-widget elementor-widget-text-editor\" data-id=\"7a6b37f\" data-element_type=\"widget\" data-e-type=\"widget\" data-widget_type=\"text-editor.default\">\n\t\t\t\t<div class=\"elementor-widget-container\">\n\t\t\t\t\t\t\t\t\t<p>Som en del av v\u00e5r standardpraxis samlar vi in data via loggfiler. Dessa uppgifter kan omfatta IP-adresser (Internet Protocol), webbl\u00e4sartyper, internetleverant\u00f6rer, datum-\/tidsst\u00e4mplar, h\u00e4nvisnings-\/utg\u00e5ngssidor och klicknummer, vilket underl\u00e4ttar trendanalys, webbplatsadministration, sp\u00e5rning av anv\u00e4ndarr\u00f6relser och insamling av demografisk information.<\/p>\t\t\t\t\t\t\t\t<\/div>\n\t\t\t\t<\/div>\n\t\t\t\t<div class=\"elementor-element elementor-element-52760e1 elementor-widget__width-inherit elementor-widget-tablet__width-inherit elementor-invisible elementor-widget elementor-widget-heading\" data-id=\"52760e1\" data-element_type=\"widget\" data-e-type=\"widget\" data-settings=\"{&quot;_animation&quot;:&quot;fadeIn&quot;,&quot;_animation_delay&quot;:300}\" data-widget_type=\"heading.default\">\n\t\t\t\t<div class=\"elementor-widget-container\">\n\t\t\t\t\t<h5 class=\"elementor-heading-title elementor-size-default\">Cookies och webb-beacons\n<\/h5>\t\t\t\t<\/div>\n\t\t\t\t<\/div>\n\t\t\t\t<div class=\"elementor-element elementor-element-6be8ec0 elementor-widget__width-inherit elementor-widget elementor-widget-text-editor\" data-id=\"6be8ec0\" data-element_type=\"widget\" data-e-type=\"widget\" data-widget_type=\"text-editor.default\">\n\t\t\t\t<div class=\"elementor-widget-container\">\n\t\t\t\t\t\t\t\t\t<p>Vi anv\u00e4nder cookies f\u00f6r att lagra information om bes\u00f6karnas preferenser och sidor p\u00e5 webbplatsen eller applikationen som bes\u00f6karen har \u00f6ppnat eller bes\u00f6kt, f\u00f6r att optimera anv\u00e4ndarupplevelsen genom att anpassa inneh\u00e5llet p\u00e5 webbsidor baserat p\u00e5 bes\u00f6karnas webbl\u00e4sartyper och\/eller annan information.<\/p>\t\t\t\t\t\t\t\t<\/div>\n\t\t\t\t<\/div>\n\t\t\t\t<div class=\"elementor-element elementor-element-4b0e490 elementor-widget__width-inherit elementor-widget-tablet__width-inherit elementor-invisible elementor-widget elementor-widget-heading\" data-id=\"4b0e490\" data-element_type=\"widget\" data-e-type=\"widget\" data-settings=\"{&quot;_animation&quot;:&quot;fadeIn&quot;,&quot;_animation_delay&quot;:300}\" data-widget_type=\"heading.default\">\n\t\t\t\t<div class=\"elementor-widget-container\">\n\t\t\t\t\t<h5 class=\"elementor-heading-title elementor-size-default\">Google API-tj\u00e4nster\n<\/h5>\t\t\t\t<\/div>\n\t\t\t\t<\/div>\n\t\t\t\t<div class=\"elementor-element elementor-element-fad570f elementor-widget__width-inherit elementor-widget elementor-widget-text-editor\" data-id=\"fad570f\" data-element_type=\"widget\" data-e-type=\"widget\" data-widget_type=\"text-editor.default\">\n\t\t\t\t<div class=\"elementor-widget-container\">\n\t\t\t\t\t\t\t\t\t<p>I enlighet med Googles policy f\u00f6r anv\u00e4ndardata f\u00f6r API-tj\u00e4nster representerar vi v\u00e5r identitet och avsikt korrekt n\u00e4r vi beg\u00e4r anv\u00e4ndardata fr\u00e5n Google. Vi l\u00e4mnar tydliga upplysningar:<\/p><ul><li><strong>Identitet<\/strong>: Identiteten f\u00f6r v\u00e5r applikation som f\u00e5r tillg\u00e5ng till Googles anv\u00e4ndardata.<\/li><li><strong>Beg\u00e4rd information<\/strong>: Typer av Google-anv\u00e4ndardata som vi beg\u00e4r.<\/li><li><strong>Syfte<\/strong>: De syften f\u00f6r vilka vi beg\u00e4r Googles anv\u00e4ndardata.<\/li><\/ul>\t\t\t\t\t\t\t\t<\/div>\n\t\t\t\t<\/div>\n\t\t\t\t<div class=\"elementor-element elementor-element-c4fef8c elementor-widget__width-inherit elementor-widget-tablet__width-inherit elementor-invisible elementor-widget elementor-widget-heading\" data-id=\"c4fef8c\" data-element_type=\"widget\" data-e-type=\"widget\" data-settings=\"{&quot;_animation&quot;:&quot;fadeIn&quot;,&quot;_animation_delay&quot;:300}\" data-widget_type=\"heading.default\">\n\t\t\t\t<div class=\"elementor-widget-container\">\n\t\t\t\t\t<h5 class=\"elementor-heading-title elementor-size-default\">Tredjepartsannons\u00f6rer och sekretesspolicyer\n<\/h5>\t\t\t\t<\/div>\n\t\t\t\t<\/div>\n\t\t\t\t<div class=\"elementor-element elementor-element-16d0dd1 elementor-widget__width-inherit elementor-widget elementor-widget-text-editor\" data-id=\"16d0dd1\" data-element_type=\"widget\" data-e-type=\"widget\" data-widget_type=\"text-editor.default\">\n\t\t\t\t<div class=\"elementor-widget-container\">\n\t\t\t\t\t\t\t\t\t<p>Vi anv\u00e4nder annonsservrar eller n\u00e4tverk fr\u00e5n tredje part som anv\u00e4nder tekniker som cookies, JavaScript eller webb-beacons i sina annonser och l\u00e4nkar p\u00e5 webbplatsen eller i applikationen. Deras praxis beskrivs n\u00e4rmare i deras respektive integritetspolicyer.<\/p>\t\t\t\t\t\t\t\t<\/div>\n\t\t\t\t<\/div>\n\t\t\t\t<div class=\"elementor-element elementor-element-c8e8bd8 elementor-widget__width-inherit elementor-widget elementor-widget-text-editor\" data-id=\"c8e8bd8\" data-element_type=\"widget\" data-e-type=\"widget\" data-widget_type=\"text-editor.default\">\n\t\t\t\t<div class=\"elementor-widget-container\">\n\t\t\t\t\t\t\t\t\t<div class=\"elementor-element elementor-element-4cde19d elementor-widget elementor-widget-text-editor\" data-id=\"4cde19d\" data-element_type=\"widget\" data-widget_type=\"text-editor.default\"><p><strong>Google-inloggning<\/strong>: Vi anv\u00e4nder Google Sign-In f\u00f6r autentisering och f\u00f6ljer Googles policy f\u00f6r anv\u00e4ndardata f\u00f6r API-tj\u00e4nster, inklusive transparent information om data\u00e5tkomst och anv\u00e4ndning.<\/p><\/div>\t\t\t\t\t\t\t\t<\/div>\n\t\t\t\t<\/div>\n\t\t\t\t<div class=\"elementor-element elementor-element-117caba elementor-widget__width-inherit elementor-widget-tablet__width-inherit elementor-invisible elementor-widget elementor-widget-heading\" data-id=\"117caba\" data-element_type=\"widget\" data-e-type=\"widget\" data-settings=\"{&quot;_animation&quot;:&quot;fadeIn&quot;,&quot;_animation_delay&quot;:300}\" data-widget_type=\"heading.default\">\n\t\t\t\t<div class=\"elementor-widget-container\">\n\t\t\t\t\t<h5 class=\"elementor-heading-title elementor-size-default\">Information till barn\n<\/h5>\t\t\t\t<\/div>\n\t\t\t\t<\/div>\n\t\t\t\t<div class=\"elementor-element elementor-element-c151d9a elementor-widget__width-inherit elementor-widget elementor-widget-text-editor\" data-id=\"c151d9a\" data-element_type=\"widget\" data-e-type=\"widget\" data-widget_type=\"text-editor.default\">\n\t\t\t\t<div class=\"elementor-widget-container\">\n\t\t\t\t\t\t\t\t\tVi samlar inte medvetet in personlig information fr\u00e5n barn under 13 \u00e5r. V\u00e5r anv\u00e4ndning av annonseringsteknik fr\u00e5n tredje part regleras av deras respektive sekretesspolicyer.\n\n\t\t\t\t\t\t\t\t<\/div>\n\t\t\t\t<\/div>\n\t\t\t\t<div class=\"elementor-element elementor-element-5266b1a elementor-widget__width-inherit elementor-widget elementor-widget-text-editor\" data-id=\"5266b1a\" data-element_type=\"widget\" data-e-type=\"widget\" data-widget_type=\"text-editor.default\">\n\t\t\t\t<div class=\"elementor-widget-container\">\n\t\t\t\t\t\t\t\t\t<div class=\"elementor-element elementor-element-cc2d6ad elementor-widget elementor-widget-text-editor\" data-id=\"cc2d6ad\" data-element_type=\"widget\" data-widget_type=\"text-editor.default\"><p><strong>Barnstyrda appar<\/strong>: Vi f\u00f6ljer Children's Online Privacy Protection Act (COPPA) och anv\u00e4nder inte Google Sign-In eller andra Google API-tj\u00e4nster som ger \u00e5tkomst till data som \u00e4r kopplade till ett Google-konto i applikationer som fr\u00e4mst riktar sig till barn.<\/p><\/div>\t\t\t\t\t\t\t\t<\/div>\n\t\t\t\t<\/div>\n\t\t\t\t<div class=\"elementor-element elementor-element-7a67280 elementor-widget__width-inherit elementor-widget-tablet__width-inherit elementor-invisible elementor-widget elementor-widget-heading\" data-id=\"7a67280\" data-element_type=\"widget\" data-e-type=\"widget\" data-settings=\"{&quot;_animation&quot;:&quot;fadeIn&quot;,&quot;_animation_delay&quot;:300}\" data-widget_type=\"heading.default\">\n\t\t\t\t<div class=\"elementor-widget-container\">\n\t\t\t\t\t<h5 class=\"elementor-heading-title elementor-size-default\">S\u00e4kerhet och dataskydd\n<\/h5>\t\t\t\t<\/div>\n\t\t\t\t<\/div>\n\t\t\t\t<div class=\"elementor-element elementor-element-ba6534f elementor-widget__width-inherit elementor-widget elementor-widget-text-editor\" data-id=\"ba6534f\" data-element_type=\"widget\" data-e-type=\"widget\" data-widget_type=\"text-editor.default\">\n\t\t\t\t<div class=\"elementor-widget-container\">\n\t\t\t\t\t\t\t\t\t<p>Vi s\u00e4kerst\u00e4ller s\u00e4kerheten f\u00f6r uppgifter under transport och i vila och vidtar l\u00e4mpliga \u00e5tg\u00e4rder f\u00f6r att skydda mot obeh\u00f6rig eller olaglig \u00e5tkomst, anv\u00e4ndning, f\u00f6rst\u00f6relse, f\u00f6rlust, \u00e4ndring eller utl\u00e4mnande.<\/p>\t\t\t\t\t\t\t\t<\/div>\n\t\t\t\t<\/div>\n\t\t\t\t<div class=\"elementor-element elementor-element-8ea5897 elementor-widget__width-inherit elementor-widget elementor-widget-text-editor\" data-id=\"8ea5897\" data-element_type=\"widget\" data-e-type=\"widget\" data-widget_type=\"text-editor.default\">\n\t\t\t\t<div class=\"elementor-widget-container\">\n\t\t\t\t\t\t\t\t\t<div class=\"elementor-element elementor-element-73c78ca elementor-widget elementor-widget-text-editor\" data-id=\"73c78ca\" data-element_type=\"widget\" data-widget_type=\"text-editor.default\"><p><strong>Google API-tj\u00e4nster<\/strong>: Vi uppr\u00e4tth\u00e5ller en s\u00e4ker driftsmilj\u00f6 f\u00f6r applikationer och system som anv\u00e4nder Google API Services och f\u00f6ljer Googles s\u00e4kerhets- och sekretesskrav.<\/p><\/div>\t\t\t\t\t\t\t\t<\/div>\n\t\t\t\t<\/div>\n\t\t\t\t<div class=\"elementor-element elementor-element-027b095 elementor-widget__width-inherit elementor-widget-tablet__width-inherit elementor-invisible elementor-widget elementor-widget-heading\" data-id=\"027b095\" data-element_type=\"widget\" data-e-type=\"widget\" data-settings=\"{&quot;_animation&quot;:&quot;fadeIn&quot;,&quot;_animation_delay&quot;:300}\" data-widget_type=\"heading.default\">\n\t\t\t\t<div class=\"elementor-widget-container\">\n\t\t\t\t\t<h5 class=\"elementor-heading-title elementor-size-default\">Anv\u00e4ndarens samtycke och r\u00e4ttigheter\n<\/h5>\t\t\t\t<\/div>\n\t\t\t\t<\/div>\n\t\t\t\t<div class=\"elementor-element elementor-element-b2f9411 elementor-widget__width-inherit elementor-widget elementor-widget-text-editor\" data-id=\"b2f9411\" data-element_type=\"widget\" data-e-type=\"widget\" data-widget_type=\"text-editor.default\">\n\t\t\t\t<div class=\"elementor-widget-container\">\n\t\t\t\t\t\t\t\t\t<p>Genom att anv\u00e4nda v\u00e5r webbplats eller applikation samtycker du till v\u00e5r integritetspolicy och godk\u00e4nner dess villkor.<\/p>\t\t\t\t\t\t\t\t<\/div>\n\t\t\t\t<\/div>\n\t\t\t\t<div class=\"elementor-element elementor-element-459d02a elementor-widget__width-inherit elementor-widget elementor-widget-text-editor\" data-id=\"459d02a\" data-element_type=\"widget\" data-e-type=\"widget\" data-widget_type=\"text-editor.default\">\n\t\t\t\t<div class=\"elementor-widget-container\">\n\t\t\t\t\t\t\t\t\t<p>Anv\u00e4ndarna har r\u00e4tt att f\u00f6rst\u00e5 hur deras uppgifter anv\u00e4nds och kan beg\u00e4ra tillg\u00e5ng till eller radering av sina personuppgifter.<\/p>\t\t\t\t\t\t\t\t<\/div>\n\t\t\t\t<\/div>\n\t\t\t\t<div class=\"elementor-element elementor-element-28ee4a1 elementor-widget__width-inherit elementor-widget-tablet__width-inherit elementor-invisible elementor-widget elementor-widget-heading\" data-id=\"28ee4a1\" data-element_type=\"widget\" data-e-type=\"widget\" data-settings=\"{&quot;_animation&quot;:&quot;fadeIn&quot;,&quot;_animation_delay&quot;:300}\" data-widget_type=\"heading.default\">\n\t\t\t\t<div class=\"elementor-widget-container\">\n\t\t\t\t\t<h5 class=\"elementor-heading-title elementor-size-default\">Kontaktuppgifter\n<\/h5>\t\t\t\t<\/div>\n\t\t\t\t<\/div>\n\t\t\t\t<div class=\"elementor-element elementor-element-a84eee4 elementor-widget__width-inherit elementor-widget elementor-widget-text-editor\" data-id=\"a84eee4\" data-element_type=\"widget\" data-e-type=\"widget\" data-widget_type=\"text-editor.default\">\n\t\t\t\t<div class=\"elementor-widget-container\">\n\t\t\t\t\t\t\t\t\t<p>Om du har n\u00e5gra fr\u00e5gor eller funderingar ang\u00e5ende v\u00e5r integritetspolicy eller v\u00e5r datapraxis, v\u00e4nligen kontakta oss p\u00e5 info@eudr.com<\/p>\t\t\t\t\t\t\t\t<\/div>\n\t\t\t\t<\/div>\n\t\t\t\t<div class=\"elementor-element elementor-element-cf212c4 elementor-widget__width-inherit elementor-widget elementor-widget-text-editor\" data-id=\"cf212c4\" data-element_type=\"widget\" data-e-type=\"widget\" data-widget_type=\"text-editor.default\">\n\t\t\t\t<div class=\"elementor-widget-container\">\n\t\t\t\t\t\t\t\t\t<p>Datum f\u00f6r ikrafttr\u00e4dande: 09.02.2024<\/p>\t\t\t\t\t\t\t\t<\/div>\n\t\t\t\t<\/div>\n\t\t\t\t\t<\/div>\n\t\t\t\t<\/div>\n\t\t\t\t<\/div>","protected":false},"excerpt":{"rendered":"<p>Privacy Policy Introduction This Privacy Policy applies to the online services offered by Eudr GmbH, accessible via https:\/\/eudr.co\/ (\u201cthe website\u201d) or app.eudr.tech (\u201cthe application\u201d). Our commitment to privacy is paramount, and this document explains how we handle information collected and recorded from the website or the application. For additional inquiries or information about our Privacy [&hellip;]<\/p>\n","protected":false},"author":2,"featured_media":0,"parent":0,"menu_order":0,"comment_status":"closed","ping_status":"closed","template":"elementor_header_footer","meta":{"footnotes":""},"class_list":["post-9589","page","type-page","status-publish","hentry"],"_links":{"self":[{"href":"https:\/\/eudr.co\/sv\/wp-json\/wp\/v2\/pages\/9589","targetHints":{"allow":["GET"]}}],"collection":[{"href":"https:\/\/eudr.co\/sv\/wp-json\/wp\/v2\/pages"}],"about":[{"href":"https:\/\/eudr.co\/sv\/wp-json\/wp\/v2\/types\/page"}],"author":[{"embeddable":true,"href":"https:\/\/eudr.co\/sv\/wp-json\/wp\/v2\/users\/2"}],"replies":[{"embeddable":true,"href":"https:\/\/eudr.co\/sv\/wp-json\/wp\/v2\/comments?post=9589"}],"version-history":[{"count":10,"href":"https:\/\/eudr.co\/sv\/wp-json\/wp\/v2\/pages\/9589\/revisions"}],"predecessor-version":[{"id":9620,"href":"https:\/\/eudr.co\/sv\/wp-json\/wp\/v2\/pages\/9589\/revisions\/9620"}],"wp:attachment":[{"href":"https:\/\/eudr.co\/sv\/wp-json\/wp\/v2\/media?parent=9589"}],"curies":[{"name":"wp","href":"https:\/\/api.w.org\/{rel}","templated":true}]}}